{"id":82,"date":"2024-01-25T06:05:06","date_gmt":"2024-01-25T06:05:06","guid":{"rendered":"https:\/\/www.digipalla.com\/?page_id=82"},"modified":"2024-01-25T06:05:07","modified_gmt":"2024-01-25T06:05:07","slug":"education","status":"publish","type":"page","link":"https:\/\/www.digipalla.com\/fr\/education\/","title":{"rendered":"\u00c9ducation"},"content":{"rendered":"<p>La transformation num\u00e9rique remod\u00e8le l&#039;\u00e9ducation moderne gr\u00e2ce \u00e0 des solutions bas\u00e9es sur le Web visant \u00e0 am\u00e9liorer les m\u00e9thodologies d&#039;enseignement, les niveaux d&#039;engagement des \u00e9tudiants et l&#039;efficacit\u00e9 op\u00e9rationnelle dans les \u00e9tablissements d&#039;enseignement.<\/p>\n\n\n\n<p>Les solutions cl\u00e9s incluent des syst\u00e8mes de gestion de l&#039;apprentissage de nouvelle g\u00e9n\u00e9ration avec des plateformes de collaboration enseignant-\u00e9l\u00e8ve, des int\u00e9grations de mat\u00e9riel d&#039;\u00e9tude interactif, des \u00e9valuations en ligne, une r\u00e9solution des doutes bas\u00e9e sur l&#039;IA ainsi que des analyses sur les progr\u00e8s des \u00e9l\u00e8ves permettant un apprentissage personnalis\u00e9.<\/p>\n\n\n\n<p>Les applications Web personnalis\u00e9es facilitent les t\u00e2ches sp\u00e9cialis\u00e9es couvrant l&#039;automatisation des inscriptions, la gestion des pr\u00e9sences \u00e0 l&#039;aide d&#039;API de reconnaissance faciale pour minimiser la surveillance manuelle, ainsi que des portails de communication internes pour les notifications importantes et le partage de documents accessibles aux membres du corps professoral des diff\u00e9rentes branches.<\/p>\n\n\n\n<p>Les sites Web institutionnels jouent un r\u00f4le central en mati\u00e8re de strat\u00e9gie de marque et d&#039;acquisition de clients, ce qui n\u00e9cessite des conceptions \u00e0 fort impact pr\u00e9sentant les programmes, les r\u00e9alisations ainsi qu&#039;un acc\u00e8s facile aux paiements des frais et aux donn\u00e9es relatives aux admissions. L&#039;int\u00e9gration transparente avec les syst\u00e8mes d&#039;information sur les \u00e9tudiants favorise les mises \u00e0 jour en temps opportun.<\/p>\n\n\n\n<p>Ces technologies Web contemporaines aident \u00e0 red\u00e9finir les universitaires et l&#039;administration tout en facilitant une meilleure prise de d\u00e9cision gr\u00e2ce \u00e0 des informations exploitables dans le domaine de l&#039;\u00e9ducation o\u00f9 la gestion de processus multidimensionnels refl\u00e8te efficacement les comp\u00e9tences institutionnelles. Une feuille de route strat\u00e9gique ax\u00e9e sur la technologie d\u00e9bloque les principaux moteurs de progr\u00e8s.<\/p>\n\n\n\n<h2 class=\"wp-block-heading\">Cours <\/h2>\n\n\n\n<p>DigiPalla permet aux instituts de coaching, aux centres de scolarit\u00e9, aux \u00e9coles et aux coll\u00e8ges d&#039;offrir une exp\u00e9rience d&#039;apprentissage en ligne engageante aux \u00e9tudiants en cr\u00e9ant des syst\u00e8mes de gestion de l&#039;apprentissage sur mesure. Nos solutions LMS transforment les m\u00e9thodologies d&#039;enseignement conventionnelles en classe en utilisant des technologies Web de pointe pour une accessibilit\u00e9 am\u00e9lior\u00e9e, une flexibilit\u00e9 accrue et des analyses d\u00e9taill\u00e9es.<\/p>\n\n\n\n<p>Nos portails de cr\u00e9ation de cours personnalis\u00e9s dot\u00e9s d&#039;interfaces glisser-d\u00e9poser permettent aux enseignants de concevoir facilement des cours en ligne sur divers sujets \u00e0 l&#039;aide de formats multim\u00e9dias riches. Des modules interactifs h\u00e9berg\u00e9s en ligne int\u00e8grent des quiz, des \u00e9valuations, des vid\u00e9os et des t\u00e9l\u00e9chargements PDF pour rendre le coaching \u00e0 votre rythme ou en direct tr\u00e8s efficace. <\/p>\n\n\n\n<p>Des carnets de notes d\u00e9taill\u00e9s offrent un suivi des performances au niveau individuel et de la cohorte pour baser les interventions sur les donn\u00e9es. Le catalogage intuitif des cours, la gestion des inscriptions, l&#039;int\u00e9gration int\u00e9gr\u00e9e des paiements et les capacit\u00e9s de branding transforment l&#039;acquisition de clients tout en \u00e9largissant l&#039;empreinte num\u00e9rique dans toutes les zones g\u00e9ographiques.<\/p>\n\n\n\n<p>Pour une interactivit\u00e9 am\u00e9lior\u00e9e entre les groupes d&#039;apprenants, des forums de discussion d\u00e9di\u00e9s et des syst\u00e8mes de r\u00e9solution des doutes peuvent \u00eatre mis en place par cours. Nos salles de classe virtuelles facilitent les appels vid\u00e9o de groupe via des tableaux blancs num\u00e9riques favorisant des interactions instantan\u00e9es. <\/p>\n\n\n\n<figure class=\"wp-block-image size-full\"><img loading=\"lazy\" decoding=\"async\" width=\"1024\" height=\"1024\" src=\"https:\/\/www.digipalla.com\/wp-content\/uploads\/2024\/01\/education-content-courses.jpg\" alt=\"applications \u00e9ducatives\" class=\"wp-image-120\" srcset=\"https:\/\/www.digipalla.com\/wp-content\/uploads\/2024\/01\/education-content-courses.jpg 1024w, https:\/\/www.digipalla.com\/wp-content\/uploads\/2024\/01\/education-content-courses-300x300.jpg 300w, https:\/\/www.digipalla.com\/wp-content\/uploads\/2024\/01\/education-content-courses-150x150.jpg 150w, https:\/\/www.digipalla.com\/wp-content\/uploads\/2024\/01\/education-content-courses-768x768.jpg 768w, https:\/\/www.digipalla.com\/wp-content\/uploads\/2024\/01\/education-content-courses-600x600.jpg 600w\" sizes=\"auto, (max-width: 1024px) 100vw, 1024px\" \/><\/figure>\n\n\n\n<p>En mettant en ligne toutes les fonctionnalit\u00e9s cl\u00e9s de coaching dans des formats flexibles, les instituts exploitent la technologie pour red\u00e9finir la prestation de services en r\u00e9duisant les co\u00fbts d&#039;infrastructure et les heures suppl\u00e9mentaires pour les professeurs, tandis que les analyses fournissent des informations exploitables pour augmenter les taux de r\u00e9ussite.<\/p>\n\n\n\n<h3 class=\"wp-block-heading\">Tuteurs <\/h3>\n\n\n\n<p>Trouver des tuteurs comp\u00e9tents et qualifi\u00e9s qui correspondent \u00e0 une expertise sp\u00e9cifique dans un sujet est essentiel pour que les instituts de coaching maintiennent la qualit\u00e9 de l&#039;enseignement. DigiPalla simplifie la gestion des tuteurs en cr\u00e9ant une plate-forme int\u00e9gr\u00e9e pour organiser num\u00e9riquement l&#039;ensemble du cycle de vie \u2013 de l&#039;int\u00e9gration des tuteurs au suivi des performances.<\/p>\n\n\n\n<p>Nos bases de donn\u00e9es permettent aux instituts de cr\u00e9er des profils de tuteurs mettant en avant les qualifications, l&#039;exp\u00e9rience, la m\u00e9thodologie d&#039;enseignement et les mati\u00e8res cl\u00e9s. Les prospects potentiels peuvent postuler directement en ligne via des formulaires de candidature personnalis\u00e9s qui capturent les ensembles de comp\u00e9tences pertinents, apr\u00e8s quoi les flux de travail de pr\u00e9s\u00e9lection bas\u00e9s sur des param\u00e8tres pr\u00e9d\u00e9termin\u00e9s peuvent classer les candidats en cons\u00e9quence.<\/p>\n\n\n\n<p>Les tableaux de bord de s\u00e9lection des postes et d&#039;attribution des tuteurs assurent la transparence sur l&#039;attribution du travail et le suivi des progr\u00e8s dans les classes, ce qui rend la surveillance intuitive. Les journaux de pr\u00e9sence capturent automatiquement les statistiques de livraison. Les organisateurs de calendrier planifient de mani\u00e8re transparente les cours et les \u00e9valuations.<\/p>\n\n\n\n<p>L&#039;automatisation de la paie garantit un paiement pr\u00e9cis des frais en int\u00e9grant des protocoles de v\u00e9rification tels que les confirmations OTP ou les connexions biom\u00e9triques, minimisant ainsi les litiges gr\u00e2ce \u00e0 des flux de travail num\u00e9ris\u00e9s. L&#039;analyse des performances offre des informations sur la qualit\u00e9 des tuteurs en fonction de param\u00e8tres tels que les enqu\u00eates de satisfaction des \u00e9tudiants et les pourcentages de r\u00e9ussite, permettant des d\u00e9cisions fond\u00e9es sur des faits sur les renouvellements de contrat optimis\u00e9s pour les taux de r\u00e9ussite.<\/p>\n\n\n\n<p>En rationalisant le processus critique de gestion des tuteurs en tirant parti des outils Web, les instituts de coaching am\u00e9liorent la responsabilit\u00e9, la transparence et la r\u00e9tention des talents.<\/p>\n\n\n\n<h2 class=\"wp-block-heading\">Contenu <\/h2>\n\n\n\n<p>Le mat\u00e9riel d\u2019\u00e9tude fait partie int\u00e9grante d\u2019une prestation de coaching efficace pour les \u00e9tudiants. DigiPalla fournit aux instituts des syst\u00e8mes de gestion de contenu sp\u00e9cialis\u00e9s pour num\u00e9riser la cr\u00e9ation, la mise \u00e0 jour et la diffusion de mat\u00e9riel, garantissant ainsi la coh\u00e9rence des m\u00e9thodologies d&#039;enseignement \u00e0 travers les grands r\u00e9seaux de tuteurs.<\/p>\n\n\n\n<p>Nos solutions permettent aux cr\u00e9ateurs de cours de mettre en place des biblioth\u00e8ques num\u00e9riques pour h\u00e9berger des guides d&#039;\u00e9tude imprim\u00e9s, des pr\u00e9sentations, des tests pratiques, des conf\u00e9rences vid\u00e9o et du contenu multim\u00e9dia riche dans un format structur\u00e9 class\u00e9 par sujets et niveaux de difficult\u00e9. Les formats d&#039;\u00e9diteur intuitifs facilitent la cr\u00e9ation et le t\u00e9l\u00e9chargement de nouveaux contenus ou la r\u00e9vision de documents existants. Les mises \u00e0 jour dans le r\u00e9f\u00e9rentiel de mat\u00e9riaux refl\u00e8tent automatiquement pour les \u00e9tudiants l&#039;am\u00e9lioration du contr\u00f4le de version, contrairement aux m\u00e9thodes manuelles sujettes \u00e0 l&#039;incoh\u00e9rence.<\/p>\n\n\n\n<p>Les couches d&#039;autorisation d&#039;acc\u00e8s offrent la flexibilit\u00e9 de pr\u00e9senter de mani\u00e8re s\u00e9lective les documents uniquement aux \u00e9tudiants inscrits, minimisant les menaces de fuite externes tout en stimulant l&#039;apprentissage \u00e0 votre rythme avec un contenu \u00e9valuable couvrant des formats de texte, de m\u00e9dias visuels et interactifs pour une visualisation et une r\u00e9tention am\u00e9lior\u00e9es align\u00e9es sur les besoins de diff\u00e9renciation des apprenants. Les analyses fournissent aux tuteurs des informations exploitables sur les mod\u00e8les de consommation guidant les interventions.<\/p>\n\n\n\n<p>Le contenu hors ligne existant peut \u00e9galement \u00eatre num\u00e9ris\u00e9 \u00e0 grande \u00e9chelle gr\u00e2ce \u00e0 des flux de travail organis\u00e9s. Le contenu associ\u00e9 aux \u00e9valuations en ligne garantit l&#039;efficacit\u00e9 de l&#039;apprentissage et permet des interventions bas\u00e9es sur les performances via des mesures de donn\u00e9es, par opposition aux seules \u00e9valuations manuelles sporadiques.<\/p>\n\n\n\n<p>En rendant la cr\u00e9ation, la mise \u00e0 jour et l&#039;utilisation de contenus de qualit\u00e9 analytiques pour les enseignants, tout en offrant aux \u00e9tudiants un acc\u00e8s \u00e0 la demande, nos solutions stimulent la modernisation des cadres de coaching conventionnels amplifi\u00e9s pour l&#039;\u00e8re num\u00e9rique.<\/p>","protected":false},"excerpt":{"rendered":"<p>La transformation num\u00e9rique remod\u00e8le l&#039;\u00e9ducation moderne gr\u00e2ce \u00e0 des solutions bas\u00e9es sur le Web visant \u00e0 am\u00e9liorer les m\u00e9thodologies d&#039;enseignement, les niveaux d&#039;engagement des \u00e9tudiants et l&#039;efficacit\u00e9 op\u00e9rationnelle dans les \u00e9tablissements d&#039;enseignement. Les solutions cl\u00e9s incluent des syst\u00e8mes de gestion de l&#039;apprentissage de nouvelle g\u00e9n\u00e9ration avec des plateformes de collaboration enseignant-\u00e9l\u00e8ve, des int\u00e9grations de mat\u00e9riel d&#039;\u00e9tude interactif, des \u00e9valuations en ligne, une r\u00e9solution des doutes bas\u00e9e sur l&#039;IA ainsi que des analyses sur les progr\u00e8s des \u00e9l\u00e8ves permettant un apprentissage personnalis\u00e9. Coutume\u2026<\/p>","protected":false},"author":1,"featured_media":0,"parent":0,"menu_order":0,"comment_status":"closed","ping_status":"closed","template":"","meta":{"_kad_blocks_custom_css":"","_kad_blocks_head_custom_js":"","_kad_blocks_body_custom_js":"","_kad_blocks_footer_custom_js":"","_kad_post_transparent":"","_kad_post_title":"","_kad_post_layout":"","_kad_post_sidebar_id":"","_kad_post_content_style":"","_kad_post_vertical_padding":"","_kad_post_feature":"","_kad_post_feature_position":"","_kad_post_header":false,"_kad_post_footer":false,"footnotes":""},"class_list":["post-82","page","type-page","status-publish","hentry"],"taxonomy_info":[],"featured_image_src_large":false,"author_info":{"display_name":"Digi Palla","author_link":"https:\/\/www.digipalla.com\/fr\/author\/venukasri0609\/"},"comment_info":0,"_links":{"self":[{"href":"https:\/\/www.digipalla.com\/fr\/wp-json\/wp\/v2\/pages\/82","targetHints":{"allow":["GET"]}}],"collection":[{"href":"https:\/\/www.digipalla.com\/fr\/wp-json\/wp\/v2\/pages"}],"about":[{"href":"https:\/\/www.digipalla.com\/fr\/wp-json\/wp\/v2\/types\/page"}],"author":[{"embeddable":true,"href":"https:\/\/www.digipalla.com\/fr\/wp-json\/wp\/v2\/users\/1"}],"replies":[{"embeddable":true,"href":"https:\/\/www.digipalla.com\/fr\/wp-json\/wp\/v2\/comments?post=82"}],"version-history":[{"count":3,"href":"https:\/\/www.digipalla.com\/fr\/wp-json\/wp\/v2\/pages\/82\/revisions"}],"predecessor-version":[{"id":121,"href":"https:\/\/www.digipalla.com\/fr\/wp-json\/wp\/v2\/pages\/82\/revisions\/121"}],"wp:attachment":[{"href":"https:\/\/www.digipalla.com\/fr\/wp-json\/wp\/v2\/media?parent=82"}],"curies":[{"name":"wp","href":"https:\/\/api.w.org\/{rel}","templated":true}]}}