{"id":80,"date":"2024-01-25T06:02:29","date_gmt":"2024-01-25T06:02:29","guid":{"rendered":"https:\/\/www.digipalla.com\/?page_id=80"},"modified":"2024-01-25T06:02:30","modified_gmt":"2024-01-25T06:02:30","slug":"seo","status":"publish","type":"page","link":"https:\/\/www.digipalla.com\/fr\/referencement\/","title":{"rendered":"R\u00e9f\u00e9rencement"},"content":{"rendered":"<p>M\u00eame en 2024, le r\u00e9f\u00e9rencement constitue le fondement d\u2019une visibilit\u00e9 durable des sites Web, alimentant un trafic et des conversions cibl\u00e9s gr\u00e2ce \u00e0 des classements plus \u00e9lev\u00e9s sur les moteurs de recherche tels que les leaders du march\u00e9 \u2013 Google et Bing.<\/p>\n\n\n\n<p>Bien que les facteurs de classement \u00e9voluent continuellement, la ma\u00eetrise des bases telles que les explorations compl\u00e8tes du site, les vitesses de page rapides, les v\u00e9ritables backlinks provenant de sites Web pertinents qui int\u00e8grent le contexte via des liens de texte d&#039;ancrage continuent d&#039;am\u00e9liorer les classements de recherche. Les balises de titre optimis\u00e9es et les m\u00e9ta descriptions am\u00e9liorent \u00e9galement les taux de clics.<\/p>\n\n\n\n<p>Les recherches vocales gagnent en importance, c&#039;est pourquoi l&#039;optimisation du contenu pour les requ\u00eates conversationnelles am\u00e9liore la visibilit\u00e9 de la recherche vocale. De m\u00eame, un contenu am\u00e9lior\u00e9 sur la page ax\u00e9 explicitement sur le classement des regroupements de mots-cl\u00e9s d&#039;acheteurs \u00e0 volume de recherche \u00e9lev\u00e9 via le balisage de sch\u00e9ma, les liens internes et le texte alternatif des images reste crucial.<\/p>\n\n\n\n<p>Le ciblage g\u00e9ographique permet \u00e9galement aux marques de gagner en visibilit\u00e9 locale et en autorit\u00e9 sur leur site Web. La cr\u00e9ation de contenu de leadership \u00e9clair\u00e9 ciblant les parcours des acheteurs g\u00e9n\u00e8re des backlinks de qualit\u00e9 qui compl\u00e8tent encore davantage l&#039;optimisation de base du site Web.<\/p>\n\n\n\n<figure class=\"wp-block-image size-large\"><img loading=\"lazy\" decoding=\"async\" width=\"1024\" height=\"614\" src=\"https:\/\/www.digipalla.com\/wp-content\/uploads\/2024\/01\/seo-services-1024x614.png\" alt=\"\" class=\"wp-image-115\" srcset=\"https:\/\/www.digipalla.com\/wp-content\/uploads\/2024\/01\/seo-services-1024x614.png 1024w, https:\/\/www.digipalla.com\/wp-content\/uploads\/2024\/01\/seo-services-300x180.png 300w, https:\/\/www.digipalla.com\/wp-content\/uploads\/2024\/01\/seo-services-768x460.png 768w, https:\/\/www.digipalla.com\/wp-content\/uploads\/2024\/01\/seo-services-1536x921.png 1536w, https:\/\/www.digipalla.com\/wp-content\/uploads\/2024\/01\/seo-services-600x360.png 600w, https:\/\/www.digipalla.com\/wp-content\/uploads\/2024\/01\/seo-services.png 1802w\" sizes=\"auto, (max-width: 1024px) 100vw, 1024px\" \/><\/figure>\n\n\n\n<p>Bien que les d\u00e9veloppements algorithmiques \u00e9mergents tels que RankBrain et BERT se concentrent davantage sur la s\u00e9mantique et l&#039;intention de l&#039;utilisateur, les techniques de r\u00e9f\u00e9rencement mettant l&#039;accent sur d&#039;excellentes exp\u00e9riences utilisateur centr\u00e9es sur la pertinence, la fiabilit\u00e9 et l&#039;expertise maintiendront les classements souhait\u00e9s sur Google et Bing, offrant un retour sur investissement tangible m\u00eame en 2024.<\/p>\n\n\n\n<h2 class=\"wp-block-heading\">Services que nous offrons<\/h2>\n\n\n\n<p><strong>Groupes de sujets<\/strong>: La recherche et le ciblage de groupes de mots-cl\u00e9s commerciaux s\u00e9mantiquement li\u00e9s avec l&#039;intention de l&#039;acheteur acc\u00e9l\u00e8rent la g\u00e9n\u00e9ration de leads.<\/p>\n\n\n\n<p><strong>Recherche de mots cl\u00e9s<\/strong>: L&#039;analyse des m\u00e9triques de recherche guide le ciblage de mots cl\u00e9s \u00e0 haut potentiel permettant la cr\u00e9ation de contenu autour des requ\u00eates des utilisateurs les plus demand\u00e9es.<\/p>\n\n\n\n<p><strong>Optimisation sur site<\/strong>: Am\u00e9liorations techniques de base du site Web, telles que des m\u00e9ta-titres optimis\u00e9s, des vitesses plus rapides et l&#039;accessibilit\u00e9 des robots de recherche de liens internes.<\/p>\n\n\n\n<figure class=\"wp-block-image size-large\"><img loading=\"lazy\" decoding=\"async\" width=\"1024\" height=\"707\" src=\"https:\/\/www.digipalla.com\/wp-content\/uploads\/2024\/01\/on-site-off-site-optimization-seo-1024x707.png\" alt=\"\" class=\"wp-image-116\" srcset=\"https:\/\/www.digipalla.com\/wp-content\/uploads\/2024\/01\/on-site-off-site-optimization-seo-1024x707.png 1024w, https:\/\/www.digipalla.com\/wp-content\/uploads\/2024\/01\/on-site-off-site-optimization-seo-300x207.png 300w, https:\/\/www.digipalla.com\/wp-content\/uploads\/2024\/01\/on-site-off-site-optimization-seo-768x530.png 768w, https:\/\/www.digipalla.com\/wp-content\/uploads\/2024\/01\/on-site-off-site-optimization-seo-1536x1060.png 1536w, https:\/\/www.digipalla.com\/wp-content\/uploads\/2024\/01\/on-site-off-site-optimization-seo-600x414.png 600w, https:\/\/www.digipalla.com\/wp-content\/uploads\/2024\/01\/on-site-off-site-optimization-seo.png 1565w\" sizes=\"auto, (max-width: 1024px) 100vw, 1024px\" \/><\/figure>\n\n\n\n<p><strong>Optimisation hors site<\/strong>: La s\u00e9curisation des backlinks \u00e0 partir des portails industriels pertinents permet d&#039;am\u00e9liorer le classement gr\u00e2ce aux approbations de confiance de tiers.<\/p>\n\n\n\n<p><strong>Mots-cl\u00e9s s\u00e9mantiques<\/strong>: L&#039;optimisation des requ\u00eates de recherche conversationnelles correspond mieux \u00e0 l&#039;intention de l&#039;utilisateur, am\u00e9liorant ainsi la visibilit\u00e9 de la recherche vocale.<\/p>\n\n\n\n<p><strong>MANGER<\/strong>: La mise en valeur de l&#039;expertise, de l&#039;exp\u00e9rience, de l&#039;autorit\u00e9 et de la fiabilit\u00e9 signale un contenu de qualit\u00e9 aux moteurs de recherche.<\/p>\n\n\n\n<figure class=\"wp-block-image size-large\"><img loading=\"lazy\" decoding=\"async\" width=\"1024\" height=\"572\" src=\"https:\/\/www.digipalla.com\/wp-content\/uploads\/2024\/01\/eeat-seo-1024x572.png\" alt=\"\" class=\"wp-image-118\" srcset=\"https:\/\/www.digipalla.com\/wp-content\/uploads\/2024\/01\/eeat-seo-1024x572.png 1024w, https:\/\/www.digipalla.com\/wp-content\/uploads\/2024\/01\/eeat-seo-300x168.png 300w, https:\/\/www.digipalla.com\/wp-content\/uploads\/2024\/01\/eeat-seo-768x429.png 768w, https:\/\/www.digipalla.com\/wp-content\/uploads\/2024\/01\/eeat-seo-1536x858.png 1536w, https:\/\/www.digipalla.com\/wp-content\/uploads\/2024\/01\/eeat-seo-600x335.png 600w, https:\/\/www.digipalla.com\/wp-content\/uploads\/2024\/01\/eeat-seo.png 1920w\" sizes=\"auto, (max-width: 1024px) 100vw, 1024px\" \/><\/figure>\n\n\n\n<p><strong>Sch\u00e9ma<\/strong>: Le balisage des donn\u00e9es structur\u00e9es am\u00e9liore la pr\u00e9sentation des produits, des articles et des vid\u00e9os dans les r\u00e9sultats de recherche, augmentant ainsi les taux de clics.<\/p>","protected":false},"excerpt":{"rendered":"<p>M\u00eame en 2024, le r\u00e9f\u00e9rencement constitue le fondement d\u2019une visibilit\u00e9 durable des sites Web, alimentant un trafic et des conversions cibl\u00e9s gr\u00e2ce \u00e0 des classements plus \u00e9lev\u00e9s sur les moteurs de recherche tels que les leaders du march\u00e9 \u2013 Google et Bing. Bien que les facteurs de classement \u00e9voluent continuellement, il est n\u00e9cessaire de ma\u00eetriser les bases telles que les explorations compl\u00e8tes du site, les vitesses de page rapides, les v\u00e9ritables backlinks provenant de sites Web pertinents qui int\u00e8grent le contexte via des liens de texte d&#039;ancrage\u2026<\/p>","protected":false},"author":1,"featured_media":0,"parent":0,"menu_order":0,"comment_status":"closed","ping_status":"closed","template":"","meta":{"_kad_blocks_custom_css":"","_kad_blocks_head_custom_js":"","_kad_blocks_body_custom_js":"","_kad_blocks_footer_custom_js":"","_kad_post_transparent":"","_kad_post_title":"","_kad_post_layout":"","_kad_post_sidebar_id":"","_kad_post_content_style":"","_kad_post_vertical_padding":"","_kad_post_feature":"","_kad_post_feature_position":"","_kad_post_header":false,"_kad_post_footer":false,"footnotes":""},"class_list":["post-80","page","type-page","status-publish","hentry"],"taxonomy_info":[],"featured_image_src_large":false,"author_info":{"display_name":"Digi Palla","author_link":"https:\/\/www.digipalla.com\/fr\/author\/venukasri0609\/"},"comment_info":0,"_links":{"self":[{"href":"https:\/\/www.digipalla.com\/fr\/wp-json\/wp\/v2\/pages\/80","targetHints":{"allow":["GET"]}}],"collection":[{"href":"https:\/\/www.digipalla.com\/fr\/wp-json\/wp\/v2\/pages"}],"about":[{"href":"https:\/\/www.digipalla.com\/fr\/wp-json\/wp\/v2\/types\/page"}],"author":[{"embeddable":true,"href":"https:\/\/www.digipalla.com\/fr\/wp-json\/wp\/v2\/users\/1"}],"replies":[{"embeddable":true,"href":"https:\/\/www.digipalla.com\/fr\/wp-json\/wp\/v2\/comments?post=80"}],"version-history":[{"count":4,"href":"https:\/\/www.digipalla.com\/fr\/wp-json\/wp\/v2\/pages\/80\/revisions"}],"predecessor-version":[{"id":119,"href":"https:\/\/www.digipalla.com\/fr\/wp-json\/wp\/v2\/pages\/80\/revisions\/119"}],"wp:attachment":[{"href":"https:\/\/www.digipalla.com\/fr\/wp-json\/wp\/v2\/media?parent=80"}],"curies":[{"name":"wp","href":"https:\/\/api.w.org\/{rel}","templated":true}]}}