{"id":78,"date":"2024-01-25T05:10:23","date_gmt":"2024-01-25T05:10:23","guid":{"rendered":"https:\/\/www.digipalla.com\/?page_id=78"},"modified":"2024-01-25T05:10:24","modified_gmt":"2024-01-25T05:10:24","slug":"android-apps","status":"publish","type":"page","link":"https:\/\/www.digipalla.com\/fr\/applications-android\/","title":{"rendered":"Applications Android"},"content":{"rendered":"<p>Avec une d\u00e9pendance croissante aux smartphones, toutes les grandes marques donnent la priorit\u00e9 \u00e0 une pr\u00e9sence mobile solide et DigiPalla les aide \u00e0 y parvenir en cr\u00e9ant des applications Android natives hautes performances align\u00e9es sur les besoins sp\u00e9cifiques de l&#039;entreprise \u00e0 l&#039;aide de cadres \u00e9prouv\u00e9s et de tests approfondis de compatibilit\u00e9 des appareils.<\/p>\n\n\n\n<h2 class=\"wp-block-heading\">Services de d\u00e9veloppement d&#039;applications Android par DigiPalla<\/h2>\n\n\n\n<h3 class=\"wp-block-heading\">Processus de d\u00e9veloppement d&#039;applications<\/h3>\n\n\n\n<p>DigiPalla suit un cycle de vie de d\u00e9veloppement d&#039;applications rationalis\u00e9, de la conceptualisation au lancement\u00a0:<\/p>\n\n\n\n<p><strong>Planification<\/strong> \u2013 Des r\u00e9unions compl\u00e8tes avec les clients aident \u00e0 identifier les utilisateurs cibles, les principales fonctionnalit\u00e9s de l&#039;application, les mod\u00e8les de mon\u00e9tisation et les KPI qui sont formul\u00e9s dans un plan de projet couvrant les livrables des \u00e9tapes cl\u00e9s.<\/p>\n\n\n\n<p><strong>Conception UX\/UI<\/strong> \u2013 Des wireframes d\u00e9taillant les flux d&#039;utilisateurs sur les \u00e9crans avec placement d&#039;appels \u00e0 l&#039;action sont cr\u00e9\u00e9s, suivis de maquettes d&#039;interface utilisateur haute fid\u00e9lit\u00e9 visuellement attrayantes, adapt\u00e9es aux directives de la plate-forme Android.<\/p>\n\n\n\n<p><strong>D\u00e9veloppement<\/strong> \u2013 Nos d\u00e9veloppeurs Android certifi\u00e9s codent manuellement de mani\u00e8re native \u00e0 l\u2019aide de Java\/Kotlin en tirant parti des technologies Google telles qu\u2019Android Studio, Firebase et Google Cloud. Les meilleures pratiques de codage se concentrent sur des performances optimales.<\/p>\n\n\n\n<p><strong>Essai<\/strong> \u2013 Des tests rigoureux sur plus de 4\u00a0000 configurations d\u2019appareils Android sur des \u00e9mulateurs et des appareils r\u00e9els garantissent la compatibilit\u00e9, la fonctionnalit\u00e9, la r\u00e9activit\u00e9 de l\u2019interface utilisateur et l\u2019int\u00e9grit\u00e9 des donn\u00e9es dans toutes les versions du syst\u00e8me d\u2019exploitation.<\/p>\n\n\n\n<p><strong>Lancement et maintenance<\/strong> \u2013 L&#039;application est lanc\u00e9e sur Google Play Store pour que les utilisateurs puissent la t\u00e9l\u00e9charger. Les mises \u00e0 jour r\u00e9guli\u00e8res ajoutent de nouvelles fonctionnalit\u00e9s tout en surveillant les KPI de performances tels que les installations, les taux de r\u00e9tention, etc.<\/p>\n\n\n\n<figure class=\"wp-block-image size-large\"><img loading=\"lazy\" decoding=\"async\" width=\"1024\" height=\"564\" src=\"https:\/\/www.digipalla.com\/wp-content\/uploads\/2024\/01\/android-apps-frameworks-1024x564.png\" alt=\"\" class=\"wp-image-113\" srcset=\"https:\/\/www.digipalla.com\/wp-content\/uploads\/2024\/01\/android-apps-frameworks-1024x564.png 1024w, https:\/\/www.digipalla.com\/wp-content\/uploads\/2024\/01\/android-apps-frameworks-300x165.png 300w, https:\/\/www.digipalla.com\/wp-content\/uploads\/2024\/01\/android-apps-frameworks-768x423.png 768w, https:\/\/www.digipalla.com\/wp-content\/uploads\/2024\/01\/android-apps-frameworks-1536x846.png 1536w, https:\/\/www.digipalla.com\/wp-content\/uploads\/2024\/01\/android-apps-frameworks-600x331.png 600w, https:\/\/www.digipalla.com\/wp-content\/uploads\/2024\/01\/android-apps-frameworks.png 1920w\" sizes=\"auto, (max-width: 1024px) 100vw, 1024px\" \/><\/figure>\n\n\n\n<h3 class=\"wp-block-heading\">Exemples d&#039;applications Android<\/h3>\n\n\n\n<p>Les cat\u00e9gories cl\u00e9s comprennent\u00a0:<\/p>\n\n\n\n<ul class=\"wp-block-list\">\n<li>Applications de commerce \u00e9lectronique avec int\u00e9gration des paiements, synchronisation des stocks et coordination logistique.<\/li>\n\n\n\n<li>Applications communautaires proposant un flux de contenu, un partage multim\u00e9dia et des forums.<\/li>\n\n\n\n<li>Applications personnalis\u00e9es de productivit\u00e9 ou de lieu de travail avec flux de donn\u00e9es.<\/li>\n\n\n\n<li>Applications de jeu avec classements et achats int\u00e9gr\u00e9s.<\/li>\n\n\n\n<li>Applications de livraison de nourriture connectant les restaurants, les partenaires de livraison et les utilisateurs.<\/li>\n\n\n\n<li>Applications logistiques pour la gestion de flotte, le suivi des exp\u00e9ditions, etc.<\/li>\n<\/ul>\n\n\n\n<p>Avec de nombreuses applications d\u00e9velopp\u00e9es avec succ\u00e8s, DigiPalla poss\u00e8de l&#039;expertise technique et les processus \u00e9prouv\u00e9s pour fournir des solutions Android de nouvelle g\u00e9n\u00e9ration. Contactez-nous pour vos besoins en mati\u00e8re d&#039;application\u00a0!<\/p>","protected":false},"excerpt":{"rendered":"<p>Avec une d\u00e9pendance croissante aux smartphones, toutes les grandes marques donnent la priorit\u00e9 \u00e0 une pr\u00e9sence mobile solide et DigiPalla les aide \u00e0 y parvenir en cr\u00e9ant des applications Android natives hautes performances align\u00e9es sur les besoins sp\u00e9cifiques de l&#039;entreprise \u00e0 l&#039;aide de cadres \u00e9prouv\u00e9s et de tests approfondis de compatibilit\u00e9 des appareils. Services de d\u00e9veloppement d&#039;applications Android par DigiPalla Processus de d\u00e9veloppement d&#039;applications DigiPalla suit un cycle de vie de d\u00e9veloppement d&#039;applications rationalis\u00e9\u2026<\/p>","protected":false},"author":1,"featured_media":0,"parent":0,"menu_order":0,"comment_status":"closed","ping_status":"closed","template":"","meta":{"_kad_blocks_custom_css":"","_kad_blocks_head_custom_js":"","_kad_blocks_body_custom_js":"","_kad_blocks_footer_custom_js":"","_kad_post_transparent":"","_kad_post_title":"","_kad_post_layout":"","_kad_post_sidebar_id":"","_kad_post_content_style":"","_kad_post_vertical_padding":"","_kad_post_feature":"","_kad_post_feature_position":"","_kad_post_header":false,"_kad_post_footer":false,"footnotes":""},"class_list":["post-78","page","type-page","status-publish","hentry"],"taxonomy_info":[],"featured_image_src_large":false,"author_info":{"display_name":"Digi Palla","author_link":"https:\/\/www.digipalla.com\/fr\/author\/venukasri0609\/"},"comment_info":0,"_links":{"self":[{"href":"https:\/\/www.digipalla.com\/fr\/wp-json\/wp\/v2\/pages\/78","targetHints":{"allow":["GET"]}}],"collection":[{"href":"https:\/\/www.digipalla.com\/fr\/wp-json\/wp\/v2\/pages"}],"about":[{"href":"https:\/\/www.digipalla.com\/fr\/wp-json\/wp\/v2\/types\/page"}],"author":[{"embeddable":true,"href":"https:\/\/www.digipalla.com\/fr\/wp-json\/wp\/v2\/users\/1"}],"replies":[{"embeddable":true,"href":"https:\/\/www.digipalla.com\/fr\/wp-json\/wp\/v2\/comments?post=78"}],"version-history":[{"count":3,"href":"https:\/\/www.digipalla.com\/fr\/wp-json\/wp\/v2\/pages\/78\/revisions"}],"predecessor-version":[{"id":114,"href":"https:\/\/www.digipalla.com\/fr\/wp-json\/wp\/v2\/pages\/78\/revisions\/114"}],"wp:attachment":[{"href":"https:\/\/www.digipalla.com\/fr\/wp-json\/wp\/v2\/media?parent=78"}],"curies":[{"name":"wp","href":"https:\/\/api.w.org\/{rel}","templated":true}]}}