{"id":76,"date":"2024-01-25T05:02:53","date_gmt":"2024-01-25T05:02:53","guid":{"rendered":"https:\/\/www.digipalla.com\/?page_id=76"},"modified":"2024-01-25T05:02:54","modified_gmt":"2024-01-25T05:02:54","slug":"saas","status":"publish","type":"page","link":"https:\/\/www.digipalla.com\/fr\/saas\/","title":{"rendered":"SaaS"},"content":{"rendered":"<p>Le SaaS ou Software-as-a-Service repr\u00e9sente des solutions Web \u00e0 la demande qui fournissent des fonctions logicielles sp\u00e9cialis\u00e9es \u00e0 distance via une infrastructure cloud sans avoir besoin d&#039;installations ou de mat\u00e9riel. <\/p>\n\n\n\n<p>Nous concevons et construisons des plates-formes SaaS \u00e9volutives et multi-locataires avec des tableaux de bord utilisateur allant des outils de gestion de documents, des canevas de collaboration, des analyses financi\u00e8res aux applications de processus m\u00e9tier complexes. <\/p>\n\n\n\n<p>Les solutions SaaS personnalis\u00e9es aident \u00e0 num\u00e9riser les flux de travail avec un acc\u00e8s partout sur les appareils pour une productivit\u00e9 am\u00e9lior\u00e9e. <\/p>\n\n\n\n<p>Ils int\u00e8grent un acc\u00e8s bas\u00e9 sur les r\u00f4les, un stockage de donn\u00e9es s\u00e9curis\u00e9, des mises \u00e0 niveau automatis\u00e9es et des mod\u00e8les d&#039;abonnement flexibles, y compris des plans tarifaires sur mesure bas\u00e9s sur les fonctionnalit\u00e9s et les utilisateurs simultan\u00e9s.<\/p>\n\n\n\n<h2 class=\"wp-block-heading\">Applications d&#039;IA<\/h2>\n\n\n\n<p>Les capacit\u00e9s d\u2019intelligence artificielle impr\u00e8gnent les processus m\u00e9tier via des plateformes IA SaaS faciles \u00e0 utiliser. Les outils d&#039;IA sans code contemporains disposent d&#039;interfaces intuitives par glisser-d\u00e9poser permettant aux \u00e9quipes non techniques de cr\u00e9er facilement leurs propres applications d&#039;IA en connectant simplement des modules d&#039;apprentissage automatique sans codage intensif.<\/p>\n\n\n\n<p>DigiPalla propose des mod\u00e8les ML robustes couvrant l&#039;analyse de texte, la reconnaissance visuelle, les pr\u00e9dictions, les recommandations ainsi que les interfaces conversationnelles pour former des mod\u00e8les personnalisables \u00e0 l&#039;aide des donn\u00e9es de l&#039;entreprise. Les MLOps int\u00e9gr\u00e9s aident ensuite \u00e0 la production et surveillent les applications d&#039;IA de mani\u00e8re transparente. Les principaux cas d&#039;utilisation incluent les chatbots, la classification des donn\u00e9es, l&#039;optimisation de la recherche, le ciblage des clients et l&#039;analyse pr\u00e9dictive autour des pr\u00e9visions de ventes, des pannes d&#039;\u00e9quipement, etc.<\/p>\n\n\n\n<figure class=\"wp-block-image size-full\"><img loading=\"lazy\" decoding=\"async\" width=\"1024\" height=\"1024\" src=\"https:\/\/www.digipalla.com\/wp-content\/uploads\/2024\/01\/ai-applications.jpg\" alt=\"applications saas ai\" class=\"wp-image-109\" srcset=\"https:\/\/www.digipalla.com\/wp-content\/uploads\/2024\/01\/ai-applications.jpg 1024w, https:\/\/www.digipalla.com\/wp-content\/uploads\/2024\/01\/ai-applications-300x300.jpg 300w, https:\/\/www.digipalla.com\/wp-content\/uploads\/2024\/01\/ai-applications-150x150.jpg 150w, https:\/\/www.digipalla.com\/wp-content\/uploads\/2024\/01\/ai-applications-768x768.jpg 768w, https:\/\/www.digipalla.com\/wp-content\/uploads\/2024\/01\/ai-applications-600x600.jpg 600w\" sizes=\"auto, (max-width: 1024px) 100vw, 1024px\" \/><\/figure>\n\n\n\n<p>Gr\u00e2ce \u00e0 des fonctions d&#039;IA pr\u00e9-packag\u00e9es mais flexibles servies via une infrastructure cloud ne n\u00e9cessitant aucun frais de mise en \u0153uvre, les entreprises allant du commerce de d\u00e9tail aux banques en passant par l&#039;industrie manufacturi\u00e8re peuvent d\u00e9sormais exploiter facilement l&#039;immense potentiel de l&#039;IA pour am\u00e9liorer les capacit\u00e9s de personnalisation, d&#039;automatisation et de prise de d\u00e9cision. <\/p>\n\n\n\n<p>Une IA puissante, rendue rapide et accessible, entra\u00eene une transformation rapide des entreprises et des avantages concurrentiels.<\/p>\n\n\n\n<h2 class=\"wp-block-heading\">\u00c9ducation <\/h2>\n\n\n\n<p>Les outils SaaS pour l&#039;\u00e9ducation r\u00e9volutionnent la gestion de l&#039;apprentissage en mettant en ligne les syst\u00e8mes et les ressources critiques pour un acc\u00e8s pratique. Les principales plates-formes EdTech SaaS permettent aux \u00e9tablissements d&#039;enseignement d&#039;organiser num\u00e9riquement le tutorat avec des portails personnalisables englobant l&#039;inscription des \u00e9tudiants, l&#039;h\u00e9bergement de contenu, la collaboration, l&#039;automatisation des \u00e9valuations, l&#039;analyse des progr\u00e8s ainsi qu&#039;une int\u00e9gration transparente avec les passerelles de paiement pour la collecte des frais.<\/p>\n\n\n\n<p>Les solutions sp\u00e9cifiques incluent des syst\u00e8mes de gestion de l&#039;apprentissage tels que Canvas et Schoology pour cr\u00e9er et partager du mat\u00e9riel d&#039;\u00e9tude, organiser des examens en ligne tout en suivant les analyses de croissance. <\/p>\n\n\n\n<p>Les syst\u00e8mes d&#039;information sur les \u00e9tudiants comme Ellucian fournissent des bases de donn\u00e9es centralis\u00e9es facilitant la gestion des admissions, les dossiers de pr\u00e9sence, la planification et la notation dans des cours ou des branches disparates. <\/p>\n\n\n\n<p>Les solutions SaaS de communication de masse comme ParentSquare permettent une communication descendante rapide avec les parents et les \u00e9l\u00e8ves via plusieurs canaux \u00e0 partir d&#039;une seule plateforme.<\/p>\n\n\n\n<figure class=\"wp-block-image size-large\"><img loading=\"lazy\" decoding=\"async\" width=\"1024\" height=\"670\" src=\"https:\/\/www.digipalla.com\/wp-content\/uploads\/2024\/01\/saas-solutions-1024x670.png\" alt=\"\" class=\"wp-image-111\" srcset=\"https:\/\/www.digipalla.com\/wp-content\/uploads\/2024\/01\/saas-solutions-1024x670.png 1024w, https:\/\/www.digipalla.com\/wp-content\/uploads\/2024\/01\/saas-solutions-300x196.png 300w, https:\/\/www.digipalla.com\/wp-content\/uploads\/2024\/01\/saas-solutions-768x503.png 768w, https:\/\/www.digipalla.com\/wp-content\/uploads\/2024\/01\/saas-solutions-1536x1005.png 1536w, https:\/\/www.digipalla.com\/wp-content\/uploads\/2024\/01\/saas-solutions-600x393.png 600w, https:\/\/www.digipalla.com\/wp-content\/uploads\/2024\/01\/saas-solutions.png 1650w\" sizes=\"auto, (max-width: 1024px) 100vw, 1024px\" \/><\/figure>\n\n\n\n<p>Ces outils SaaS complets mais abordables aident les \u00e9coles et les universit\u00e9s \u00e0 rendre l&#039;administration de l&#039;apprentissage plus pratique tout en am\u00e9liorant les niveaux d&#039;engagement des \u00e9tudiants \u00e0 l&#039;aide de technologies avec lesquelles les \u00e9tudiants sont \u00e0 l&#039;aise.<\/p>\n\n\n\n<h2 class=\"wp-block-heading\">Ing\u00e9nierie<\/h2>\n\n\n\n<p>Les \u00e9quipes d&#039;ing\u00e9nierie augmentent leur productivit\u00e9 en adoptant des plates-formes SaaS sp\u00e9cialis\u00e9es qui rationalisent les flux de travail complexes de conception et de simulation gr\u00e2ce \u00e0 des interfaces en ligne intuitives et des capacit\u00e9s de collaboration.<\/p>\n\n\n\n<p>Les exemples les plus marquants incluent les outils de CAO SaaS comme Onshape, AutoDesk Fusion 360 et SolidWorks Xdesign qui fournissent des fonctionnalit\u00e9s avanc\u00e9es de conception assist\u00e9e par ordinateur sur le cloud permettant aux ing\u00e9nieurs de conceptualiser et d&#039;analyser collectivement les conceptions de produits \u00e0 l&#039;aide d&#039;une plate-forme commune, o\u00f9 que vous soyez et sur n&#039;importe quel appareil.<\/p>\n\n\n\n<p>De m\u00eame, les plates-formes SaaS de simulation telles que SimScale, avec leurs solveurs ultra-rapides, permettent d&#039;ex\u00e9cuter des simulations sophistiqu\u00e9es de dynamique des fluides et de m\u00e9canique des structures via le navigateur afin que les \u00e9quipes puissent valider et optimiser les mod\u00e8les d&#039;ing\u00e9nierie dans des cycles plus courts.<\/p>\n\n\n\n<p>Les solutions SaaS de gestion des donn\u00e9es comme Engineering Base regroupent des informations sur les composants et les tests permettant une meilleure standardisation, tandis que les outils de surveillance des actifs comme Augury permettent un suivi centralis\u00e9 des mesures de sant\u00e9 sur l&#039;ensemble des \u00e9quipements.<\/p>\n\n\n\n<p>En mettant \u00e0 disposition des capacit\u00e9s d&#039;ing\u00e9nierie avanc\u00e9es sur une infrastructure cloud rapide et s\u00e9curis\u00e9e exploitant le mat\u00e9riel informatique le plus r\u00e9cent, les solutions d&#039;ing\u00e9nierie SaaS am\u00e9liorent l&#039;efficacit\u00e9 des flux de travail tout au long du cycle de vie de d\u00e9veloppement de produits.<\/p>","protected":false},"excerpt":{"rendered":"<p>Le SaaS ou Software-as-a-Service repr\u00e9sente des solutions Web \u00e0 la demande qui fournissent des fonctions logicielles sp\u00e9cialis\u00e9es \u00e0 distance via une infrastructure cloud sans avoir besoin d&#039;installations ou de mat\u00e9riel. Nous concevons et construisons des plates-formes SaaS \u00e9volutives et multi-locataires avec des tableaux de bord utilisateur allant des outils de gestion de documents, des canevas de collaboration, des analyses financi\u00e8res aux applications de processus m\u00e9tier complexes. Les solutions SaaS personnalis\u00e9es aident \u00e0 num\u00e9riser les flux de travail avec\u2026<\/p>","protected":false},"author":1,"featured_media":0,"parent":0,"menu_order":0,"comment_status":"closed","ping_status":"closed","template":"","meta":{"_kad_blocks_custom_css":"","_kad_blocks_head_custom_js":"","_kad_blocks_body_custom_js":"","_kad_blocks_footer_custom_js":"","_kad_post_transparent":"","_kad_post_title":"","_kad_post_layout":"","_kad_post_sidebar_id":"","_kad_post_content_style":"","_kad_post_vertical_padding":"","_kad_post_feature":"","_kad_post_feature_position":"","_kad_post_header":false,"_kad_post_footer":false,"footnotes":""},"class_list":["post-76","page","type-page","status-publish","hentry"],"taxonomy_info":[],"featured_image_src_large":false,"author_info":{"display_name":"Digi Palla","author_link":"https:\/\/www.digipalla.com\/fr\/author\/venukasri0609\/"},"comment_info":0,"_links":{"self":[{"href":"https:\/\/www.digipalla.com\/fr\/wp-json\/wp\/v2\/pages\/76","targetHints":{"allow":["GET"]}}],"collection":[{"href":"https:\/\/www.digipalla.com\/fr\/wp-json\/wp\/v2\/pages"}],"about":[{"href":"https:\/\/www.digipalla.com\/fr\/wp-json\/wp\/v2\/types\/page"}],"author":[{"embeddable":true,"href":"https:\/\/www.digipalla.com\/fr\/wp-json\/wp\/v2\/users\/1"}],"replies":[{"embeddable":true,"href":"https:\/\/www.digipalla.com\/fr\/wp-json\/wp\/v2\/comments?post=76"}],"version-history":[{"count":4,"href":"https:\/\/www.digipalla.com\/fr\/wp-json\/wp\/v2\/pages\/76\/revisions"}],"predecessor-version":[{"id":112,"href":"https:\/\/www.digipalla.com\/fr\/wp-json\/wp\/v2\/pages\/76\/revisions\/112"}],"wp:attachment":[{"href":"https:\/\/www.digipalla.com\/fr\/wp-json\/wp\/v2\/media?parent=76"}],"curies":[{"name":"wp","href":"https:\/\/api.w.org\/{rel}","templated":true}]}}