{"id":74,"date":"2024-01-25T04:58:10","date_gmt":"2024-01-25T04:58:10","guid":{"rendered":"https:\/\/www.digipalla.com\/?page_id=74"},"modified":"2024-01-25T04:58:11","modified_gmt":"2024-01-25T04:58:11","slug":"caas","status":"publish","type":"page","link":"https:\/\/www.digipalla.com\/fr\/caas\/","title":{"rendered":"CaaS"},"content":{"rendered":"<p>Le contenu en tant que service (CaaS) permet aux marques de se procurer \u00e0 la demande du contenu personnalis\u00e9 de haute qualit\u00e9 aupr\u00e8s d&#039;\u00e9crivains exp\u00e9riment\u00e9s sans investissements majeurs en ressources internes. DigiPalla propose du CaaS de bout en bout conform\u00e9ment aux guides de style de la marque et aux formats pr\u00e9f\u00e9r\u00e9s.<\/p>\n\n\n\n<p>La structure modulaire permet la flexibilit\u00e9 de commander du contenu allant des articles de blog \u00e0 l&#039;\u00e9laboration de livres \u00e9lectroniques sur divers sujets. Des \u00e9quipes d&#039;experts en la mati\u00e8re et de r\u00e9dacteurs cr\u00e9atifs m\u00e8nent des recherches approfondies avant de pr\u00e9senter des r\u00e9cits perspicaces et engageants sur un ton conversationnel pour un contexte am\u00e9lior\u00e9.<\/p>\n\n\n\n<p>L&#039;approche CaaS couvre \u00e9galement divers formats multim\u00e9dias tels que des infographies, des modules interactifs, des vid\u00e9os ainsi que des scripts de podcast ainsi que la distribution sur les canaux choisis \u2013 sites Web, r\u00e9seaux sociaux et campagnes de marketing par e-mail. Les formats peuvent encore \u00eatre modifi\u00e9s pour une exp\u00e9rience omnicanal.<\/p>\n\n\n\n<figure class=\"wp-block-image size-large\"><img loading=\"lazy\" decoding=\"async\" width=\"1024\" height=\"538\" src=\"https:\/\/www.digipalla.com\/wp-content\/uploads\/2024\/01\/content-services-1024x538.png\" alt=\"\" class=\"wp-image-102\" srcset=\"https:\/\/www.digipalla.com\/wp-content\/uploads\/2024\/01\/content-services-1024x538.png 1024w, https:\/\/www.digipalla.com\/wp-content\/uploads\/2024\/01\/content-services-300x158.png 300w, https:\/\/www.digipalla.com\/wp-content\/uploads\/2024\/01\/content-services-768x404.png 768w, https:\/\/www.digipalla.com\/wp-content\/uploads\/2024\/01\/content-services-1536x807.png 1536w, https:\/\/www.digipalla.com\/wp-content\/uploads\/2024\/01\/content-services-600x315.png 600w, https:\/\/www.digipalla.com\/wp-content\/uploads\/2024\/01\/content-services.png 1920w\" sizes=\"auto, (max-width: 1024px) 100vw, 1024px\" \/><\/figure>\n\n\n\n<p>CaaS est aliment\u00e9 par des outils de collaboration avec des options de commentaires et d&#039;\u00e9valuations it\u00e9ratifs pour s&#039;aligner sur les strat\u00e9gies de contenu en \u00e9volution. Tout le contenu est cr\u00e9\u00e9 apr\u00e8s avoir analys\u00e9 les personnalit\u00e9s cibles, les derni\u00e8res tendances ainsi que les mesures de recherche actuelles et optimis\u00e9 en cons\u00e9quence avec des appels \u00e0 l&#039;action, permettant la promotion du contenu.<\/p>\n\n\n\n<p>Un partenaire CaaS fiable sert essentiellement de service de marketing de contenu virtuel pour les marques cherchant \u00e0 publier fr\u00e9quemment du contenu informatif et promotionnel de mani\u00e8re rentable tout en conservant le contr\u00f4le cr\u00e9atif. Cela permet aux \u00e9quipes internes de se concentrer sur les op\u00e9rations principales.<\/p>\n\n\n\n<h2 class=\"wp-block-heading\">Calendrier du contenu<\/h2>\n\n\n\n<ul class=\"wp-block-list\">\n<li>La planification de contenu structur\u00e9 constitue le mod\u00e8le d&#039;une publication coh\u00e9rente destin\u00e9e aux strat\u00e9gies de marketing de contenu. <\/li>\n\n\n\n<li>DigiPalla collabore avec ses clients pour formuler des calendriers mensuels\/trimestriels d\u00e9crivant les sujets, les formats, les longueurs cibles, les tons, les dates de publication optimales ainsi que les plans de promotion sur les canaux d\u00e9tenus et les publications invit\u00e9es en fonction des personnalit\u00e9s cibles, des objectifs de campagne et des mesures du contenu pr\u00e9c\u00e9dent. <\/li>\n\n\n\n<li>Des \u00e9quipes de r\u00e9dacteurs coordonnent ensuite les t\u00e2ches en laissant suffisamment de temps pour la recherche, la r\u00e9daction, les r\u00e9visions\/approbations selon le calendrier. <\/li>\n\n\n\n<li>La planification permet une utilisation planifi\u00e9e des budgets, d\u00e9finit des attentes claires concernant les livrables afin de maintenir des files d&#039;attente facilitant la rationalisation des demandes depuis l&#039;id\u00e9ation jusqu&#039;\u00e0 la publication d&#039;un contenu engageant et de qualit\u00e9.<\/li>\n<\/ul>\n\n\n\n<figure class=\"wp-block-image size-large\"><img loading=\"lazy\" decoding=\"async\" width=\"1024\" height=\"704\" src=\"https:\/\/www.digipalla.com\/wp-content\/uploads\/2024\/01\/content-schedule-1024x704.png\" alt=\"calendrier caas\" class=\"wp-image-103\" srcset=\"https:\/\/www.digipalla.com\/wp-content\/uploads\/2024\/01\/content-schedule-1024x704.png 1024w, https:\/\/www.digipalla.com\/wp-content\/uploads\/2024\/01\/content-schedule-300x206.png 300w, https:\/\/www.digipalla.com\/wp-content\/uploads\/2024\/01\/content-schedule-768x528.png 768w, https:\/\/www.digipalla.com\/wp-content\/uploads\/2024\/01\/content-schedule-1536x1056.png 1536w, https:\/\/www.digipalla.com\/wp-content\/uploads\/2024\/01\/content-schedule-600x412.png 600w, https:\/\/www.digipalla.com\/wp-content\/uploads\/2024\/01\/content-schedule.png 1571w\" sizes=\"auto, (max-width: 1024px) 100vw, 1024px\" \/><\/figure>\n\n\n\n<h2 class=\"wp-block-heading\">Campagne de contenu<\/h2>\n\n\n\n<p>DigiPalla aide \u00e0 concevoir des campagnes de marketing de contenu int\u00e9gr\u00e9es englobant plusieurs formats tels que des articles de blog, des infographies, des vid\u00e9os et des podcasts structur\u00e9s autour de sujets sp\u00e9cifiques qui trouvent un \u00e9cho aupr\u00e8s des groupes d&#039;acheteurs cibles et les engagent. <\/p>\n\n\n\n<p>Les campagnes renforcent la notori\u00e9t\u00e9 de la marque et \u00e9tablissent un leadership \u00e9clair\u00e9. <\/p>\n\n\n\n<p>Les strat\u00e8ges effectuent des recherches sur des sujets pour identifier les lacunes en mati\u00e8re d&#039;information, les tendances et les questions auxquelles un contenu de qualit\u00e9 peut r\u00e9pondre efficacement. <\/p>\n\n\n\n<p>Les campagnes pr\u00e9sentent des types de contenu, des tons et des canaux de publication vari\u00e9s permettant une visibilit\u00e9 coh\u00e9rente sur 3 \u00e0 6 mois. <\/p>\n\n\n\n<p>Les techniques promotionnelles telles que les e-mails, les r\u00e9seaux sociaux et la sensibilisation des influenceurs, associ\u00e9es \u00e0 l&#039;optimisation de la recherche, dirigent le trafic pertinent vers les actifs de la campagne. <\/p>\n\n\n\n<figure class=\"wp-block-image size-large\"><img loading=\"lazy\" decoding=\"async\" width=\"1024\" height=\"647\" src=\"https:\/\/www.digipalla.com\/wp-content\/uploads\/2024\/01\/content-marketing-1024x647.png\" alt=\"\" class=\"wp-image-105\" srcset=\"https:\/\/www.digipalla.com\/wp-content\/uploads\/2024\/01\/content-marketing-1024x647.png 1024w, https:\/\/www.digipalla.com\/wp-content\/uploads\/2024\/01\/content-marketing-300x190.png 300w, https:\/\/www.digipalla.com\/wp-content\/uploads\/2024\/01\/content-marketing-768x486.png 768w, https:\/\/www.digipalla.com\/wp-content\/uploads\/2024\/01\/content-marketing-1536x971.png 1536w, https:\/\/www.digipalla.com\/wp-content\/uploads\/2024\/01\/content-marketing-600x379.png 600w, https:\/\/www.digipalla.com\/wp-content\/uploads\/2024\/01\/content-marketing.png 1708w\" sizes=\"auto, (max-width: 1024px) 100vw, 1024px\" \/><\/figure>\n\n\n\n<p>Les performances sont suivies via des mesures de g\u00e9n\u00e9ration de leads, de conversions et d&#039;engagement, fournissant des informations permettant d&#039;optimiser les futures campagnes en termes d&#039;impact sur les ventes.<\/p>\n\n\n\n<h2 class=\"wp-block-heading\">Gestion de contenu<\/h2>\n\n\n\n<p>Une gestion de contenu efficace rationalise les collaborations, les flux de travail de publication ainsi que le suivi des performances post-publication dans les processus de cr\u00e9ation de contenu.<\/p>\n\n\n\n<p>Les services de r\u00e9daction de contenu utilisent des syst\u00e8mes de gestion de contenu en ligne tels que WordPress et Drupal qui proposent des tableaux de bord utilisateur, des g\u00e9n\u00e9rateurs de pages par glisser-d\u00e9poser, des sites Web optimis\u00e9s pour le r\u00e9f\u00e9rencement et des analyses int\u00e9gr\u00e9es. <\/p>\n\n\n\n<p>Les autorisations utilisateur personnalis\u00e9es permettent un acc\u00e8s s\u00e9curis\u00e9 aux soumissions de contenu, aux r\u00e9visions\/approbations, \u00e0 la gestion centralis\u00e9e des actifs ainsi qu&#039;\u00e0 la publication programm\u00e9e. <\/p>\n\n\n\n<p>Les analyses int\u00e9gr\u00e9es pr\u00e9sentent des informations post-performance sur les visites, les clics, les t\u00e9l\u00e9chargements et les conversions par actif. Les int\u00e9grations avec les syst\u00e8mes de marketing par e-mail, de gestion des m\u00e9dias sociaux et de gestion de l&#039;apprentissage permettent une promotion, une distribution et une analyse de l&#039;utilisation plus larges du contenu. <\/p>\n\n\n\n<figure class=\"wp-block-image size-large\"><img loading=\"lazy\" decoding=\"async\" width=\"1024\" height=\"707\" src=\"https:\/\/www.digipalla.com\/wp-content\/uploads\/2024\/01\/content-management-1024x707.png\" alt=\"\" class=\"wp-image-106\" srcset=\"https:\/\/www.digipalla.com\/wp-content\/uploads\/2024\/01\/content-management-1024x707.png 1024w, https:\/\/www.digipalla.com\/wp-content\/uploads\/2024\/01\/content-management-300x207.png 300w, https:\/\/www.digipalla.com\/wp-content\/uploads\/2024\/01\/content-management-768x530.png 768w, https:\/\/www.digipalla.com\/wp-content\/uploads\/2024\/01\/content-management-1536x1060.png 1536w, https:\/\/www.digipalla.com\/wp-content\/uploads\/2024\/01\/content-management-600x414.png 600w, https:\/\/www.digipalla.com\/wp-content\/uploads\/2024\/01\/content-management.png 1565w\" sizes=\"auto, (max-width: 1024px) 100vw, 1024px\" \/><\/figure>\n\n\n\n<p>Un CMS robuste alimente des op\u00e9rations de contenu percutantes de bout en bout.<\/p>\n\n\n\n<h2 class=\"wp-block-heading\">Strat\u00e9gie de contenu<\/h2>\n\n\n\n<p>Les agences de r\u00e9daction de contenu collaborent avec leurs clients pour formuler des strat\u00e9gies de contenu bas\u00e9es sur des donn\u00e9es et align\u00e9es sur les objectifs marketing et commerciaux globaux. <\/p>\n\n\n\n<p>Le brainstorming initial identifie les groupes d&#039;audience et leurs principaux int\u00e9r\u00eats, questions, formats pr\u00e9f\u00e9r\u00e9s ainsi que les habitudes de consommation des m\u00e9dias. <\/p>\n\n\n\n<p>L\u2019analyse des concurrents filtre les sujets au contenu sursatur\u00e9. <\/p>\n\n\n\n<p>Les \u00e9quipes d\u00e9finissent des th\u00e8mes g\u00e9n\u00e9raux et des sujets mensuels en fonction de mots-cl\u00e9s cibles qui attirent des volumes de recherche \u00e9lev\u00e9s et ont un potentiel d&#039;achat riche en intentions. <\/p>\n\n\n\n<p>La s\u00e9lection de plateformes \u00e9quilibre les canaux d\u00e9tenus, gagn\u00e9s et payants sur les sites Web, les r\u00e9seaux sociaux et la syndication. <\/p>\n\n\n\n<figure class=\"wp-block-image size-large\"><img loading=\"lazy\" decoding=\"async\" width=\"1024\" height=\"686\" src=\"https:\/\/www.digipalla.com\/wp-content\/uploads\/2024\/01\/content-strategy-1024x686.png\" alt=\"\" class=\"wp-image-107\" srcset=\"https:\/\/www.digipalla.com\/wp-content\/uploads\/2024\/01\/content-strategy-1024x686.png 1024w, https:\/\/www.digipalla.com\/wp-content\/uploads\/2024\/01\/content-strategy-300x201.png 300w, https:\/\/www.digipalla.com\/wp-content\/uploads\/2024\/01\/content-strategy-768x514.png 768w, https:\/\/www.digipalla.com\/wp-content\/uploads\/2024\/01\/content-strategy-1536x1028.png 1536w, https:\/\/www.digipalla.com\/wp-content\/uploads\/2024\/01\/content-strategy-600x402.png 600w, https:\/\/www.digipalla.com\/wp-content\/uploads\/2024\/01\/content-strategy.png 1613w\" sizes=\"auto, (max-width: 1024px) 100vw, 1024px\" \/><\/figure>\n\n\n\n<p>La planification du contenu d\u00e9crit plusieurs formats sur diff\u00e9rents sujets pour des plans de 6 \u00e0 12 mois destin\u00e9s au lead nurturing. <\/p>\n\n\n\n<p>Les strat\u00e9gies d\u00e9finissent \u00e9galement des mesures de r\u00e9ussite et un retour sur investissement cruciaux pour une visibilit\u00e9 optimale, une croissance du trafic, des conversions et une autorit\u00e9 de marque renforc\u00e9e.<\/p>\n\n\n\n<h2 class=\"wp-block-heading\">Cr\u00e9ation de contenu<\/h2>\n\n\n\n<p>DigiPalla adh\u00e8re \u00e0 des normes strictes <strong>flux de travail de cr\u00e9ation de contenu<\/strong> dirig\u00e9 par un strat\u00e8ge de contenu d\u00e9sign\u00e9 qui se coordonne avec les clients pour d\u00e9finir les attentes avant d&#039;int\u00e9grer des r\u00e9dacteurs sp\u00e9cialis\u00e9s dans tous les secteurs et formats. <\/p>\n\n\n\n<p>Les r\u00e9dacteurs entreprennent des recherches approfondies \u00e0 l&#039;aide des derni\u00e8res donn\u00e9es du secteur, d&#039;entretiens et de ressources en ligne pour d\u00e9velopper des r\u00e9cits perspicaces, une narration fluide et un leadership \u00e9clair\u00e9 percutant pr\u00e9sent\u00e9s de mani\u00e8re attrayante dans des blogs, des articles, des livres blancs, des \u00e9tudes de cas, etc. <\/p>\n\n\n\n<p>Le contenu progresse \u00e0 travers des r\u00e9visions it\u00e9ratives avant la publication finale. <\/p>\n\n\n\n<p>Les \u00e9quipes optimisent davantage le contenu pour la visibilit\u00e9 de la recherche gr\u00e2ce \u00e0 l&#039;optimisation des m\u00e9tadonn\u00e9es, des titres\/r\u00e9sum\u00e9s accrocheurs, des liens et du partage. <\/p>\n\n\n\n<p>Les actifs publi\u00e9s deviennent des centres d&#039;informations cliquables et partageables refl\u00e9tant l&#039;expertise de la marque, con\u00e7us pour engager, informer et influencer les d\u00e9cisions des acheteurs.<\/p>\n\n\n\n<h3 class=\"wp-block-heading\">Niches que nous proposons<\/h3>\n\n\n\n<p>La s\u00e9lection d&#039;une niche de contenu claire concentre votre blog ou votre site Web sur des publics cibles sp\u00e9cifiques, permettant une exploration plus approfondie des sujets correspondant \u00e0 leurs int\u00e9r\u00eats et \u00e0 leurs questions. <\/p>\n\n\n\n<p>Des connaissances sp\u00e9cialis\u00e9es et une production de contenu concentr\u00e9e dans un domaine bien d\u00e9fini \u00e9tablissent un leadership \u00e9clair\u00e9 et la confiance de la communaut\u00e9. <\/p>\n\n\n\n<p>Cela attire des visiteurs \u00e0 la recherche d&#039;une expertise, ce qui g\u00e9n\u00e8re une croissance soutenue du trafic organique, de la g\u00e9n\u00e9ration de leads et des revenus via des liens d&#039;affiliation contextuels, des adh\u00e9sions premium ou des ventes de produits connexes.<\/p>\n\n\n\n<p><strong>Technologie<\/strong> \u2013 Des didacticiels technologiques d\u2019experts et du contenu d\u2019actualit\u00e9 dans plus de 1 000 mots d\u2019analyses approfondies des innovations, des gadgets, des solutions et des tendances de l\u2019industrie r\u00e9dig\u00e9es par des journalistes sp\u00e9cialis\u00e9s en technologie.<\/p>\n\n\n\n<p><strong>Sant\u00e9<\/strong> \u2013 Articles de conseils en mati\u00e8re de sant\u00e9 de 500 mots fond\u00e9s sur des donn\u00e9es probantes, explorant les conditions m\u00e9dicales, les traitements, le bien-\u00eatre et la nutrition, r\u00e9dig\u00e9s par des professionnels de la sant\u00e9.<\/p>\n\n\n\n<p><strong>Ing\u00e9nierie<\/strong> \u2013 Plus de 2 000 livres blancs d\u2019ing\u00e9nierie tr\u00e8s recherch\u00e9s par des consultants de projets techniques couvrant les processus industriels, les \u00e9tudes de cas et les applications pratiques.<\/p>\n\n\n\n<p><strong>R\u00e9f\u00e9rencement<\/strong> \u2013 Guides SEO tactiques de 1 500 mots sur les techniques d\u2019optimisation technique, les algorithmes et les strat\u00e9gies de classement r\u00e9dig\u00e9s par des experts en marketing certifi\u00e9s.<\/p>\n\n\n\n<p><strong>WordPress<\/strong> \u2013 Tutoriels WordPress pratiques en 500 mots ax\u00e9s sur le d\u00e9veloppement de sites Web, la personnalisation, les plugins, les th\u00e8mes, les astuces et le d\u00e9pannage par des d\u00e9veloppeurs chevronn\u00e9s.<\/p>\n\n\n\n<p><strong>R\u00e9seaux sociaux<\/strong> \u2013 Des conseils percutants de 400 mots sur les r\u00e9seaux sociaux, des articles de blog et des transcriptions de podcasts r\u00e9dig\u00e9s par des sp\u00e9cialistes du marketing des r\u00e9seaux sociaux exp\u00e9riment\u00e9s discutant des derni\u00e8res mises \u00e0 jour, campagnes et meilleures pratiques de la plateforme.<\/p>\n\n\n\n<p><strong>Toute autre niche<\/strong> \u2013 Nous r\u00e9digeons \u00e9galement du contenu bas\u00e9 sur la demande du client dans d\u2019autres niches comme la mode, la finance, les soins personnels, etc. Chaque niche a des tarifs diff\u00e9rents et bas\u00e9s sur l\u2019expertise. <\/p>","protected":false},"excerpt":{"rendered":"<p>Le contenu en tant que service (CaaS) permet aux marques de se procurer \u00e0 la demande du contenu personnalis\u00e9 de haute qualit\u00e9 aupr\u00e8s d&#039;\u00e9crivains exp\u00e9riment\u00e9s sans investissements majeurs en ressources internes. DigiPalla propose du CaaS de bout en bout conform\u00e9ment aux guides de style de la marque et aux formats pr\u00e9f\u00e9r\u00e9s. La structure modulaire permet la flexibilit\u00e9 de commander du contenu allant des articles de blog \u00e0 l&#039;\u00e9laboration de livres \u00e9lectroniques sur divers sujets. Des \u00e9quipes d\u2019experts en la mati\u00e8re et\u2026<\/p>","protected":false},"author":1,"featured_media":0,"parent":0,"menu_order":0,"comment_status":"closed","ping_status":"closed","template":"","meta":{"_kad_blocks_custom_css":"","_kad_blocks_head_custom_js":"","_kad_blocks_body_custom_js":"","_kad_blocks_footer_custom_js":"","_kad_post_transparent":"","_kad_post_title":"","_kad_post_layout":"","_kad_post_sidebar_id":"","_kad_post_content_style":"","_kad_post_vertical_padding":"","_kad_post_feature":"","_kad_post_feature_position":"","_kad_post_header":false,"_kad_post_footer":false,"footnotes":""},"class_list":["post-74","page","type-page","status-publish","hentry"],"taxonomy_info":[],"featured_image_src_large":false,"author_info":{"display_name":"Digi Palla","author_link":"https:\/\/www.digipalla.com\/fr\/author\/venukasri0609\/"},"comment_info":0,"_links":{"self":[{"href":"https:\/\/www.digipalla.com\/fr\/wp-json\/wp\/v2\/pages\/74","targetHints":{"allow":["GET"]}}],"collection":[{"href":"https:\/\/www.digipalla.com\/fr\/wp-json\/wp\/v2\/pages"}],"about":[{"href":"https:\/\/www.digipalla.com\/fr\/wp-json\/wp\/v2\/types\/page"}],"author":[{"embeddable":true,"href":"https:\/\/www.digipalla.com\/fr\/wp-json\/wp\/v2\/users\/1"}],"replies":[{"embeddable":true,"href":"https:\/\/www.digipalla.com\/fr\/wp-json\/wp\/v2\/comments?post=74"}],"version-history":[{"count":5,"href":"https:\/\/www.digipalla.com\/fr\/wp-json\/wp\/v2\/pages\/74\/revisions"}],"predecessor-version":[{"id":108,"href":"https:\/\/www.digipalla.com\/fr\/wp-json\/wp\/v2\/pages\/74\/revisions\/108"}],"wp:attachment":[{"href":"https:\/\/www.digipalla.com\/fr\/wp-json\/wp\/v2\/media?parent=74"}],"curies":[{"name":"wp","href":"https:\/\/api.w.org\/{rel}","templated":true}]}}