{"id":72,"date":"2024-01-24T07:02:46","date_gmt":"2024-01-24T07:02:46","guid":{"rendered":"https:\/\/www.digipalla.com\/?page_id=72"},"modified":"2024-02-19T07:43:54","modified_gmt":"2024-02-19T07:43:54","slug":"web-solutions","status":"publish","type":"page","link":"https:\/\/www.digipalla.com\/fr\/solution-web\/","title":{"rendered":"Solutions Web"},"content":{"rendered":"<p>Le <strong>paysage num\u00e9rique<\/strong> pr\u00e9sente d&#039;\u00e9normes opportunit\u00e9s pour les entreprises d&#039;engager des prospects, de convertir des prospects et de d\u00e9velopper leur marque. Cependant, exploiter la puissance d\u2019Internet n\u00e9cessite une planification strat\u00e9gique suivie d\u2019une ex\u00e9cution m\u00e9ticuleuse sur les plateformes, \u00e9cosyst\u00e8mes et canaux Web. Voici o\u00f9 un exp\u00e9riment\u00e9 <strong>partenaire de solutions num\u00e9riques<\/strong> joue un r\u00f4le central.<\/p>\n\n\n\n<p><strong>DigiPalla<\/strong> se sp\u00e9cialiser dans la lib\u00e9ration du potentiel en ligne des entreprises gr\u00e2ce \u00e0 <strong>solutions web personnalis\u00e9es<\/strong> visant \u00e0 acc\u00e9l\u00e9rer la croissance. Nous incorporons la recherche, la cr\u00e9ativit\u00e9 et la technologie pour concevoir, d\u00e9velopper et promouvoir des exp\u00e9riences num\u00e9riques qui r\u00e9pondent efficacement aux objectifs commerciaux fondamentaux, allant de la g\u00e9n\u00e9ration de leads et de l&#039;aide \u00e0 la vente \u00e0 l&#039;engagement client et au d\u00e9veloppement de la marque.<\/p>\n\n\n\n<figure class=\"wp-block-image size-large is-resized\"><img loading=\"lazy\" decoding=\"async\" width=\"1024\" height=\"512\" src=\"https:\/\/www.digipalla.com\/wp-content\/uploads\/2024\/01\/web-hosting-digipalla-1024x512.jpg\" alt=\"\" class=\"wp-image-98\" style=\"width:1178px;height:auto\" srcset=\"https:\/\/www.digipalla.com\/wp-content\/uploads\/2024\/01\/web-hosting-digipalla-1024x512.jpg 1024w, https:\/\/www.digipalla.com\/wp-content\/uploads\/2024\/01\/web-hosting-digipalla-300x150.jpg 300w, https:\/\/www.digipalla.com\/wp-content\/uploads\/2024\/01\/web-hosting-digipalla-768x384.jpg 768w, https:\/\/www.digipalla.com\/wp-content\/uploads\/2024\/01\/web-hosting-digipalla-1536x768.jpg 1536w, https:\/\/www.digipalla.com\/wp-content\/uploads\/2024\/01\/web-hosting-digipalla-2048x1024.jpg 2048w, https:\/\/www.digipalla.com\/wp-content\/uploads\/2024\/01\/web-hosting-digipalla-600x300.jpg 600w\" sizes=\"auto, (max-width: 1024px) 100vw, 1024px\" \/><\/figure>\n\n\n\n<p>Le paysage des solutions Web aux multiples facettes n\u00e9cessite une navigation prudente. Explorons la gamme de services que vous pouvez tirer parti d&#039;une entreprise de solutions num\u00e9riques en fonction d&#039;objectifs uniques\u00a0:<\/p>\n\n\n\n<h2 class=\"wp-block-heading\">H\u00e9bergement de messagerie<\/h2>\n\n\n\n<p>DigiPalla propose des services d&#039;h\u00e9bergement de messagerie riches en fonctionnalit\u00e9s qui vous permettent de cr\u00e9er des comptes de messagerie professionnels professionnels en utilisant vos propres noms de domaine personnalis\u00e9s. Construits sur des plates-formes standard telles que Microsoft Exchange et aliment\u00e9s par des serveurs SSD, les forfaits de messagerie incluent 30 Go de stockage, des filtres anti-spam, des r\u00e9pondeurs automatiques, des protocoles de s\u00e9curit\u00e9 comme SPF\/DKIM pour la d\u00e9livrabilit\u00e9, l&#039;acc\u00e8s \u00e0 la messagerie Web ainsi que l&#039;int\u00e9gration avec des clients de messagerie comme Outlook via des protocoles. comme IMAP, POP3 et SMTP. Pour une productivit\u00e9 am\u00e9lior\u00e9e, des outils de collaboration tels que des calendriers et des contacts partag\u00e9s sont fournis. B\u00e9n\u00e9ficiant d&#039;un support technique 24h\/24 et 7j\/7, il facilite la configuration d&#039;un h\u00e9bergement de messagerie personnalis\u00e9 de niveau entreprise.<\/p>\n\n\n\n<figure class=\"wp-block-image size-large is-resized\"><img loading=\"lazy\" decoding=\"async\" width=\"1024\" height=\"685\" src=\"https:\/\/www.digipalla.com\/wp-content\/uploads\/2024\/01\/email-hosting-digipalla-1024x685.jpg\" alt=\"\" class=\"wp-image-96\" style=\"width:1178px;height:auto\" srcset=\"https:\/\/www.digipalla.com\/wp-content\/uploads\/2024\/01\/email-hosting-digipalla-1024x685.jpg 1024w, https:\/\/www.digipalla.com\/wp-content\/uploads\/2024\/01\/email-hosting-digipalla-300x201.jpg 300w, https:\/\/www.digipalla.com\/wp-content\/uploads\/2024\/01\/email-hosting-digipalla-768x514.jpg 768w, https:\/\/www.digipalla.com\/wp-content\/uploads\/2024\/01\/email-hosting-digipalla-1536x1027.jpg 1536w, https:\/\/www.digipalla.com\/wp-content\/uploads\/2024\/01\/email-hosting-digipalla-600x401.jpg 600w, https:\/\/www.digipalla.com\/wp-content\/uploads\/2024\/01\/email-hosting-digipalla.jpg 1615w\" sizes=\"auto, (max-width: 1024px) 100vw, 1024px\" \/><\/figure>\n\n\n\n<h2 class=\"wp-block-heading\">H\u00e9bergement de sites Web<\/h2>\n\n\n\n<p>DigiPalla propose des plans d&#039;h\u00e9bergement de sites Web fiables et performants bas\u00e9s sur des serveurs Linux aliment\u00e9s par un stockage SSD haut de gamme, des processeurs quad-core les plus r\u00e9cents, des configurations de RAM abondantes et un r\u00e9seau mondial de diffusion de contenu pour permettre aux sites Web de g\u00e9rer des volumes de trafic importants. Les fonctionnalit\u00e9s cl\u00e9s incluent des domaines et des comptes h\u00e9berg\u00e9s illimit\u00e9s par serveur, une configuration automatique pour les plates-formes open source comme WordPress, un espace SSD et une bande passante allou\u00e9s, une migration de site gratuite, des sauvegardes r\u00e9guli\u00e8res, une surveillance 24h\/24 et 7j\/7, une protection contre les menaces comme DDoS, des certificats SSL gratuits pour le Web. s\u00e9curit\u00e9, options VPS et int\u00e9gration de CDN pour des temps de chargement plus rapides, particuli\u00e8rement avantageux pour les magasins de commerce \u00e9lectronique.<\/p>\n\n\n\n<figure class=\"wp-block-image size-large is-resized\"><img loading=\"lazy\" decoding=\"async\" width=\"1024\" height=\"1024\" src=\"https:\/\/www.digipalla.com\/wp-content\/uploads\/2024\/01\/website-hosting-1024x1024.jpg\" alt=\"\" class=\"wp-image-95\" style=\"width:1178px;height:auto\" srcset=\"https:\/\/www.digipalla.com\/wp-content\/uploads\/2024\/01\/website-hosting-1024x1024.jpg 1024w, https:\/\/www.digipalla.com\/wp-content\/uploads\/2024\/01\/website-hosting-300x300.jpg 300w, https:\/\/www.digipalla.com\/wp-content\/uploads\/2024\/01\/website-hosting-150x150.jpg 150w, https:\/\/www.digipalla.com\/wp-content\/uploads\/2024\/01\/website-hosting-768x768.jpg 768w, https:\/\/www.digipalla.com\/wp-content\/uploads\/2024\/01\/website-hosting-600x600.jpg 600w, https:\/\/www.digipalla.com\/wp-content\/uploads\/2024\/01\/website-hosting.jpg 1080w\" sizes=\"auto, (max-width: 1024px) 100vw, 1024px\" \/><\/figure>\n\n\n\n<h2 class=\"wp-block-heading\">D\u00e9veloppement de blogs\/site Web<\/h2>\n\n\n\n<p>DigiPalla propose 10 types de services de d\u00e9veloppement de sites Web :<\/p>\n\n\n\n<ol class=\"wp-block-list\">\n<li><strong>D\u00e9veloppement CMS personnalis\u00e9<\/strong> \u2013 Cr\u00e9ation d\u2019un site Web CMS enti\u00e8rement personnalis\u00e9 qui r\u00e9pond \u00e0 des exigences sp\u00e9cifiques en mati\u00e8re de marque et de fonctionnalit\u00e9.<\/li>\n\n\n\n<li><strong>D\u00e9veloppement du commerce \u00e9lectronique<\/strong> \u2013 Cr\u00e9ation de boutiques de commerce \u00e9lectronique en ligne avec des capacit\u00e9s de catalogage, de transactions et de gestion des stocks.<\/li>\n\n\n\n<li><strong>D\u00e9veloppement de portail<\/strong> \u2013 Cr\u00e9ation de portails \u00e0 multiples facettes pour les communaut\u00e9s\/r\u00e9seaux avec des forums, des connexions utilisateur, des listes et des fonctionnalit\u00e9s d&#039;interaction.<\/li>\n\n\n\n<li><strong>D\u00e9veloppement d&#039;applications Web<\/strong> \u2013 Codage d\u2019applications Web complexes fournissant divers outils en ligne pour la productivit\u00e9, l\u2019analyse, etc., optimis\u00e9s par une UI\/UX avanc\u00e9e.<\/li>\n\n\n\n<li><strong>Int\u00e9gration des paiements<\/strong> \u2013 Int\u00e9gration de passerelles de paiement tierces s\u00e9curis\u00e9es telles que Stripe et PayPal pour la collecte des paiements en ligne.<\/li>\n\n\n\n<li><strong>D\u00e9veloppement d&#039;API<\/strong> \u2013 Cr\u00e9ation d&#039;API personnalis\u00e9es pour int\u00e9grer des applications\/outils tiers avec des sites Web via des protocoles d&#039;interface.<\/li>\n\n\n\n<li><strong>Migration de sites Web<\/strong> \u2013 D\u00e9placement d\u2019un site Web existant comprenant tous les actifs et donn\u00e9es vers une nouvelle plate-forme ou infrastructure de serveur.<\/li>\n\n\n\n<li><strong>Assistance et maintenance<\/strong> \u2013 Fournir une assistance continue pour la gestion, l\u2019optimisation, l\u2019am\u00e9lioration, le d\u00e9bogage et l\u2019h\u00e9bergement de sites Web en direct.<\/li>\n\n\n\n<li><strong>Le marketing num\u00e9rique<\/strong> \u2013 Promotion de sites Web via SEO, PPC, marketing par e-mail, etc. pour la g\u00e9n\u00e9ration de leads et les ventes.<\/li>\n\n\n\n<li><strong>D\u00e9veloppement de scraping Web <\/strong>\u2013 Solutions automatis\u00e9es de r\u00e9cup\u00e9ration de donn\u00e9es permettant aux chercheurs d\u2019extraire syst\u00e9matiquement des informations cibl\u00e9es \u00e0 partir de sites Web.<\/li>\n<\/ol>\n\n\n\n<figure class=\"wp-block-image size-large is-resized\"><img loading=\"lazy\" decoding=\"async\" width=\"1024\" height=\"1024\" src=\"https:\/\/www.digipalla.com\/wp-content\/uploads\/2024\/01\/website-development-1024x1024.jpg\" alt=\"d\u00e9veloppement de solutions web\" class=\"wp-image-99\" style=\"width:1178px;height:auto\" srcset=\"https:\/\/www.digipalla.com\/wp-content\/uploads\/2024\/01\/website-development-1024x1024.jpg 1024w, https:\/\/www.digipalla.com\/wp-content\/uploads\/2024\/01\/website-development-300x300.jpg 300w, https:\/\/www.digipalla.com\/wp-content\/uploads\/2024\/01\/website-development-150x150.jpg 150w, https:\/\/www.digipalla.com\/wp-content\/uploads\/2024\/01\/website-development-768x768.jpg 768w, https:\/\/www.digipalla.com\/wp-content\/uploads\/2024\/01\/website-development-600x600.jpg 600w, https:\/\/www.digipalla.com\/wp-content\/uploads\/2024\/01\/website-development.jpg 1080w\" sizes=\"auto, (max-width: 1024px) 100vw, 1024px\" \/><\/figure>\n\n\n\n<h2 class=\"wp-block-heading\">Conception et d\u00e9veloppement de sites Web<\/h2>\n\n\n\n<p>Un site Internet reste la plateforme qui met en valeur les marques en ligne. Le bon site Web engage imm\u00e9diatement les prospects avec une UX convaincante, une navigation intuitive, un contenu informatif approfondi et un design visuellement \u00e9poustouflant. Les experts du num\u00e9rique se concentrent sur la compr\u00e9hension de l\u2019\u00e9thique de la marque et ciblent les utilisateurs avant de concevoir des sites Web \u00e0 fort taux de conversion \u00e0 l\u2019aide de plates-formes CMS comme WordPress ou d\u2019options cod\u00e9es sur mesure. Ils int\u00e8grent des tendances telles que la r\u00e9activit\u00e9, les animations et la personnalisation pour cr\u00e9er des exp\u00e9riences utilisateur coh\u00e9rentes sur tous les appareils.<\/p>\n\n\n\n<p>Un site Web riche en fonctionnalit\u00e9s, convivial et visuellement attrayant constitue le c\u0153ur de la pr\u00e9sence en ligne d&#039;une organisation. Les services comprennent\u00a0: des sites Web CMS sur mesure, des sites d&#039;une page, le d\u00e9veloppement de blogs, des plans de maintenance\/support Web et la cr\u00e9ation d&#039;applications Web conformes aux directives de la marque, aux principes d&#039;utilisabilit\u00e9, aux cadres r\u00e9actifs et \u00e0 la compatibilit\u00e9 des navigateurs pour un acc\u00e8s transparent sur tous les appareils.<\/p>\n\n\n\n<h2 class=\"wp-block-heading\">Solutions de commerce \u00e9lectronique<\/h2>\n\n\n\n<p>Pour les marques de produits cherchant \u00e0 vendre en ligne, les plateformes de commerce \u00e9lectronique comme Magento et Shopify, aliment\u00e9es par des passerelles de paiement s\u00e9curis\u00e9es, fournissent un portail personnalisable pour pr\u00e9senter les produits dans toutes les cat\u00e9gories. Les partenaires num\u00e9riques proposent des solutions de commerce \u00e9lectronique de bout en bout, notamment la conception UX, l&#039;int\u00e9gration des stocks multicanaux, la coordination logistique ainsi que la surveillance des performances en tirant parti de l&#039;analyse. Cela permet des transactions transparentes.<\/p>\n\n\n\n<h2 class=\"wp-block-heading\">Des applications Web<\/h2>\n\n\n\n<p>Les entreprises SaaS s&#039;appuient sur des applications Web pour fournir des services en ligne sp\u00e9cialis\u00e9s, de la gestion documentaire \u00e0 l&#039;analyse financi\u00e8re. Les applications Web personnalis\u00e9es visent une efficacit\u00e9 accrue du flux de travail. Les consultants num\u00e9riques appliquent les derniers langages et frameworks Web ainsi que l&#039;infrastructure cloud pour cr\u00e9er, d\u00e9ployer et maintenir des applications Web riches en fonctionnalit\u00e9s, \u00e9volutives et s\u00e9curis\u00e9es, adapt\u00e9es aux besoins op\u00e9rationnels.<\/p>\n\n\n\n<p>Les suites de commerce \u00e9lectronique de bout en bout, depuis la s\u00e9lection de plateformes (Magento, WooCommerce, Shopify, etc.), la conception UI\/UX, le catalogage, l&#039;int\u00e9gration des paiements, la coordination des exp\u00e9ditions jusqu&#039;au suivi des performances via l&#039;analyse, fournissent une base solide pour les op\u00e9rations de vente au d\u00e9tail et de commerce en ligne afin de g\u00e9rer les boutiques en ligne. , les transactions et les stocks de mani\u00e8re transparente tout en entretenant les relations avec les clients.<\/p>\n\n\n\n<h2 class=\"wp-block-heading\">H\u00e9bergement et s\u00e9curit\u00e9 du serveur <\/h2>\n\n\n\n<p>Une infrastructure d&#039;h\u00e9bergement appropri\u00e9e constitue l&#039;\u00e9pine dorsale des propri\u00e9t\u00e9s en ligne, d\u00e9terminant les vitesses de chargement du site, les temps de disponibilit\u00e9 et la capacit\u00e9 \u00e0 g\u00e9rer les augmentations de trafic. Les services d&#039;h\u00e9bergement cl\u00e9s couvrent l&#039;enregistrement de domaine, la configuration SMTP, les param\u00e8tres DNS, les certificats SSL ainsi que les options d&#039;h\u00e9bergement VPS, partag\u00e9 et d\u00e9di\u00e9 ainsi que la s\u00e9curit\u00e9 du site Web pour pr\u00e9venir les menaces.<\/p>\n\n\n\n<h2 class=\"wp-block-heading\">D\u00e9veloppement d&#039;applications <\/h2>\n\n\n\n<p>React Native, Ionic, Flutter, etc. permettent le d\u00e9veloppement d&#039;applications mobiles multiplateformes align\u00e9es sur l&#039;esth\u00e9tique de la marque pour les plateformes Android et iOS, ax\u00e9es sur une interface intuitive avec toutes les fonctionnalit\u00e9s de base pour un engagement cibl\u00e9. Les applications agissent comme des supports interactifs permettant aux marques de r\u00e9sider sur les appareils mobiles des utilisateurs.<\/p>\n\n\n\n<h2 class=\"wp-block-heading\">Int\u00e9grations d&#039;API<\/h2>\n\n\n\n<p>Dans un environnement commercial interconnect\u00e9, les collaborations d\u00e9pendent d&#039;interactions multiplateformes fluides activ\u00e9es via des int\u00e9grations API. Ils permettent un transfert transparent de donn\u00e9es entre des logiciels propri\u00e9taires, des outils tiers et des \u00e9cosyst\u00e8mes partenaires pour am\u00e9liorer les fonctionnalit\u00e9s d&#039;un site Web. Les int\u00e9grations d&#039;API alimentent une automatisation am\u00e9lior\u00e9e, des mises \u00e0 jour en temps r\u00e9el et des services \u00e9tendus qui profitent finalement aux utilisateurs finaux.<\/p>\n\n\n\n<h2 class=\"wp-block-heading\">Solutions de marketing num\u00e9rique<\/h2>\n\n\n\n<p>G\u00e9n\u00e9rer du trafic qualifi\u00e9 vers des sites Web via le r\u00e9f\u00e9rencement, le PPC, le marketing de contenu et les m\u00e9dias sociaux est essentiel pour la g\u00e9n\u00e9ration de leads. Les partenaires num\u00e9riques proposent une optimisation de la recherche bas\u00e9e sur les donn\u00e9es, des campagnes publicitaires cibl\u00e9es, la cr\u00e9ation de contenu partageable ainsi qu&#039;une gestion des m\u00e9dias sociaux pour augmenter la visibilit\u00e9 et canaliser les prospects vers des sites Web en apparaissant dans les recherches critiques et les interactions sur tous les canaux.<\/p>\n\n\n\n<p>L\u2019exploration de cette gamme diversifi\u00e9e de solutions Web cibl\u00e9es vous met sur la voie d\u2019une croissance et d\u2019une reconnaissance en ligne amplifi\u00e9es, aliment\u00e9es par un engagement significatif des utilisateurs. Un partenaire de solutions num\u00e9riques \u00e9tabli applique son exp\u00e9rience et son expertise pour comprendre l&#039;objectif de votre marque, suivi du d\u00e9ploiement des technologies les plus applicables pour les r\u00e9sultats commerciaux escompt\u00e9s. Avancez judicieusement dans votre parcours de num\u00e9risation, guid\u00e9 par des conseils Web \u00e9prouv\u00e9s pour d\u00e9bloquer un avenir plein de possibilit\u00e9s et de connexions.<\/p>","protected":false},"excerpt":{"rendered":"<p>Le paysage num\u00e9rique offre aux entreprises d\u2019\u00e9normes opportunit\u00e9s pour engager des prospects, convertir des prospects et d\u00e9velopper leur marque. Cependant, exploiter la puissance d\u2019Internet n\u00e9cessite une planification strat\u00e9gique suivie d\u2019une ex\u00e9cution m\u00e9ticuleuse sur les plateformes, \u00e9cosyst\u00e8mes et canaux Web. C&#039;est ici qu&#039;un partenaire exp\u00e9riment\u00e9 en solutions num\u00e9riques joue un r\u00f4le central. DigiPalla se sp\u00e9cialise dans la lib\u00e9ration du potentiel en ligne\u2026<\/p>","protected":false},"author":1,"featured_media":0,"parent":0,"menu_order":0,"comment_status":"closed","ping_status":"closed","template":"","meta":{"_kad_blocks_custom_css":"","_kad_blocks_head_custom_js":"","_kad_blocks_body_custom_js":"","_kad_blocks_footer_custom_js":"","_kad_post_transparent":"","_kad_post_title":"","_kad_post_layout":"","_kad_post_sidebar_id":"","_kad_post_content_style":"","_kad_post_vertical_padding":"","_kad_post_feature":"","_kad_post_feature_position":"","_kad_post_header":false,"_kad_post_footer":false,"footnotes":""},"class_list":["post-72","page","type-page","status-publish","hentry"],"taxonomy_info":[],"featured_image_src_large":false,"author_info":{"display_name":"Digi Palla","author_link":"https:\/\/www.digipalla.com\/fr\/author\/venukasri0609\/"},"comment_info":0,"_links":{"self":[{"href":"https:\/\/www.digipalla.com\/fr\/wp-json\/wp\/v2\/pages\/72","targetHints":{"allow":["GET"]}}],"collection":[{"href":"https:\/\/www.digipalla.com\/fr\/wp-json\/wp\/v2\/pages"}],"about":[{"href":"https:\/\/www.digipalla.com\/fr\/wp-json\/wp\/v2\/types\/page"}],"author":[{"embeddable":true,"href":"https:\/\/www.digipalla.com\/fr\/wp-json\/wp\/v2\/users\/1"}],"replies":[{"embeddable":true,"href":"https:\/\/www.digipalla.com\/fr\/wp-json\/wp\/v2\/comments?post=72"}],"version-history":[{"count":7,"href":"https:\/\/www.digipalla.com\/fr\/wp-json\/wp\/v2\/pages\/72\/revisions"}],"predecessor-version":[{"id":100,"href":"https:\/\/www.digipalla.com\/fr\/wp-json\/wp\/v2\/pages\/72\/revisions\/100"}],"wp:attachment":[{"href":"https:\/\/www.digipalla.com\/fr\/wp-json\/wp\/v2\/media?parent=72"}],"curies":[{"name":"wp","href":"https:\/\/api.w.org\/{rel}","templated":true}]}}