{"id":247,"date":"2024-01-30T06:51:43","date_gmt":"2024-01-30T06:51:43","guid":{"rendered":"https:\/\/www.digipalla.com\/?page_id=247"},"modified":"2024-01-30T06:51:43","modified_gmt":"2024-01-30T06:51:43","slug":"tutors-and-courses","status":"publish","type":"page","link":"https:\/\/www.digipalla.com\/fr\/education\/tuteurs-et-cours\/","title":{"rendered":"Tuteurs et cours"},"content":{"rendered":"<div class=\"wp-block-group has-background\" style=\"background:linear-gradient(135deg,rgba(255,207,236,0.68) 0%,rgba(150,149,240,0.28) 100%)\"><div class=\"wp-block-group__inner-container is-layout-constrained wp-block-group-is-layout-constrained\">\n<p>La plupart de nos lyc\u00e9ens et dipl\u00f4m\u00e9s ont besoin d&#039;une formation appropri\u00e9e en mati\u00e8re de cours d&#039;\u00e9ducation pour les examens et la r\u00e9daction de sc\u00e9narios de comp\u00e9tition. Dans tous ces cas, nous avons besoin d\u2019un excellent tuteur capable de r\u00e9pondre aux besoins intellectuels et \u00e9motionnels des \u00e9tudiants. <\/p>\n\n\n\n<p>Pour le sc\u00e9nario indien, les examens comme JEE, NEET, UPSC, GATE, etc. n\u00e9cessitent une pr\u00e9paration approfondie dans des d\u00e9lais tr\u00e8s courts et des notes correctes. La plupart de ces examens sont de type QCM, qui n\u00e9cessitent un expert en mati\u00e8re ainsi qu&#039;un contenu. <\/p>\n\n\n\n<p>Nous proposons aux \u00e9coliers les cours adapt\u00e9s \u00e0 leurs demandes d&#039;Olympiades, d&#039;examens d&#039;\u00c9tat et de nombreux autres programmes sp\u00e9cialis\u00e9s. Ceux-ci aideront l\u2019enfant \u00e0 apprendre \u00e0 son rythme pour un prix tr\u00e8s minime. <\/p>\n\n\n\n<p>De plus, nous avons un excellent groupe de tuteurs. Nous pouvons fournir un type de tutorat individuel ou de 1 \u00e0 30 \u00e9tudiants, en ligne afin que vous puissiez contacter d&#039;excellents professeurs qualifi\u00e9s partout dans le monde. <\/p>\n<\/div><\/div>\n\n\n\n<div class=\"wp-block-buttons has-custom-font-size has-medium-font-size is-content-justification-center is-layout-flex wp-container-core-buttons-is-layout-1 wp-block-buttons-is-layout-flex\">\n<div class=\"wp-block-button\"><a class=\"wp-block-button__link has-text-align-center wp-element-button\" rel=\"nofollow\"><strong>CONTACT POUR DEVIS<\/strong><\/a><\/div>\n<\/div>\n\n\n\n<p><\/p>","protected":false},"excerpt":{"rendered":"<p>La plupart de nos lyc\u00e9ens et bacheliers ont besoin d&#039;une formation p\u00e9dagogique adapt\u00e9e aux examens et \u00e0 la r\u00e9daction de sc\u00e9narios de comp\u00e9tition. Dans tous ces cas, nous avons besoin d&#039;un excellent tuteur capable de s&#039;adapter \u00e0 l&#039;intelligence et au niveau \u00e9motionnel des \u00e9l\u00e8ves. En Inde, les examens tels que JEE, NEET, UPSC, GATE, etc. n\u00e9cessitent une pr\u00e9paration minutieuse et rapide.<\/p>","protected":false},"author":1,"featured_media":0,"parent":82,"menu_order":0,"comment_status":"closed","ping_status":"closed","template":"","meta":{"_kad_blocks_custom_css":"","_kad_blocks_head_custom_js":"","_kad_blocks_body_custom_js":"","_kad_blocks_footer_custom_js":"","_kad_post_transparent":"","_kad_post_title":"","_kad_post_layout":"normal","_kad_post_sidebar_id":"","_kad_post_content_style":"","_kad_post_vertical_padding":"","_kad_post_feature":"","_kad_post_feature_position":"","_kad_post_header":false,"_kad_post_footer":false,"footnotes":""},"class_list":["post-247","page","type-page","status-publish","hentry"],"taxonomy_info":[],"featured_image_src_large":false,"author_info":{"display_name":"Digi Palla","author_link":"https:\/\/www.digipalla.com\/fr\/author\/venukasri0609\/"},"comment_info":0,"_links":{"self":[{"href":"https:\/\/www.digipalla.com\/fr\/wp-json\/wp\/v2\/pages\/247","targetHints":{"allow":["GET"]}}],"collection":[{"href":"https:\/\/www.digipalla.com\/fr\/wp-json\/wp\/v2\/pages"}],"about":[{"href":"https:\/\/www.digipalla.com\/fr\/wp-json\/wp\/v2\/types\/page"}],"author":[{"embeddable":true,"href":"https:\/\/www.digipalla.com\/fr\/wp-json\/wp\/v2\/users\/1"}],"replies":[{"embeddable":true,"href":"https:\/\/www.digipalla.com\/fr\/wp-json\/wp\/v2\/comments?post=247"}],"version-history":[{"count":2,"href":"https:\/\/www.digipalla.com\/fr\/wp-json\/wp\/v2\/pages\/247\/revisions"}],"predecessor-version":[{"id":303,"href":"https:\/\/www.digipalla.com\/fr\/wp-json\/wp\/v2\/pages\/247\/revisions\/303"}],"up":[{"embeddable":true,"href":"https:\/\/www.digipalla.com\/fr\/wp-json\/wp\/v2\/pages\/82"}],"wp:attachment":[{"href":"https:\/\/www.digipalla.com\/fr\/wp-json\/wp\/v2\/media?parent=247"}],"curies":[{"name":"wp","href":"https:\/\/api.w.org\/{rel}","templated":true}]}}