{"id":245,"date":"2024-01-31T08:05:30","date_gmt":"2024-01-31T08:05:30","guid":{"rendered":"https:\/\/www.digipalla.com\/?page_id=245"},"modified":"2024-01-31T08:05:30","modified_gmt":"2024-01-31T08:05:30","slug":"service-applications","status":"publish","type":"page","link":"https:\/\/www.digipalla.com\/fr\/saas\/demandes-de-services\/","title":{"rendered":"Applications de services"},"content":{"rendered":"<div class=\"wp-block-group has-background\" style=\"background:linear-gradient(135deg,rgba(252,185,0,0.57) 0%,rgba(255,106,0,0.28) 100%)\"><div class=\"wp-block-group__inner-container is-layout-constrained wp-block-group-is-layout-constrained\">\n<p>De Windows \u00e0 Apple et avec ChatGPT actuel, nous avons besoin de diff\u00e9rentes applications logicielles fournissant des services B2B, B2C et D2C. La plupart d\u2019entre eux peuvent g\u00e9n\u00e9rer des revenus sur la base de mod\u00e8les d\u2019abonnement et fournir des services pour g\u00e9n\u00e9rer de la valeur pour la marque. <\/p>\n\n\n\n<div class=\"wp-block-buttons has-custom-font-size has-medium-font-size is-content-justification-center is-layout-flex wp-container-core-buttons-is-layout-1 wp-block-buttons-is-layout-flex\">\n<div class=\"wp-block-button\"><a class=\"wp-block-button__link has-text-align-center wp-element-button\" rel=\"nofollow\"><strong>CONTACT POUR DEVIS<\/strong><\/a><\/div>\n<\/div>\n\n\n\n<p>Chez DigiPalla, nous disposons d&#039;une dizaine d&#039;\u00e9quipes SaaS (Software-As-A-Service) qui fournissent diff\u00e9rentes applications de service. Il inclut l&#039;application Education et Ing\u00e9nierie pour les applications Android. Nous d\u00e9veloppons le front-end et le back-end pour r\u00e9pondre aux besoins du service d&#039;application et aux exigences des clients. <\/p>\n\n\n\n<p>Les applications les plus simples comme celles de Byju, Unacademy, Fiverr, etc. peuvent \u00eatre cr\u00e9\u00e9es pour fournir des services SaaS. De plus, nous cr\u00e9ons des calculatrices et des applications de g\u00e9nie civil pour Windows et des applications pour Android. Tout comme SAP, ETabs, Revit, Plaxis, SDAD en g\u00e9nie civil, AutoCAD en dessin, etc., nous pouvons d\u00e9velopper de petites applications de certaines de leurs fonctionnalit\u00e9s en fonction de la demande. <\/p>\n\n\n\n<p>En 2024, nous assistons \u00e0 la transformation num\u00e9rique du monde de l\u2019IA. Chez DigiPalla, nous ne sommes pas en reste et fournissons l&#039;IA, les extensions ChatGPT, les services d&#039;IA, les chatbots IA, etc. pour favoriser l&#039;environnement existant et les mettre en \u0153uvre dans les technologies existantes. <\/p>\n\n\n\n<div class=\"wp-block-buttons has-custom-font-size has-medium-font-size is-content-justification-center is-layout-flex wp-container-core-buttons-is-layout-2 wp-block-buttons-is-layout-flex\">\n<div class=\"wp-block-button\"><a class=\"wp-block-button__link has-text-align-center wp-element-button\" rel=\"nofollow\"><strong>CONTACT POUR DEVIS<\/strong><\/a><\/div>\n<\/div>\n<\/div><\/div>","protected":false},"excerpt":{"rendered":"<p>De Windows \u00e0 Apple et avec ChatGPT actuel, nous avons besoin de diff\u00e9rentes applications logicielles fournissant des services B2B, B2C et D2C. La plupart d\u2019entre eux peuvent g\u00e9n\u00e9rer des revenus sur la base de mod\u00e8les d\u2019abonnement et fournir des services pour g\u00e9n\u00e9rer de la valeur pour la marque. Chez DigiPalla, nous avons plus de 10 excellentes \u00e9quipes SaaS (Software-As-A-Service) qui fournissent diff\u00e9rentes applications de service\u2026.<\/p>","protected":false},"author":1,"featured_media":0,"parent":76,"menu_order":0,"comment_status":"closed","ping_status":"closed","template":"","meta":{"_kad_blocks_custom_css":"","_kad_blocks_head_custom_js":"","_kad_blocks_body_custom_js":"","_kad_blocks_footer_custom_js":"","_kad_post_transparent":"","_kad_post_title":"","_kad_post_layout":"normal","_kad_post_sidebar_id":"","_kad_post_content_style":"","_kad_post_vertical_padding":"","_kad_post_feature":"","_kad_post_feature_position":"","_kad_post_header":false,"_kad_post_footer":false,"footnotes":""},"class_list":["post-245","page","type-page","status-publish","hentry"],"taxonomy_info":[],"featured_image_src_large":false,"author_info":{"display_name":"Digi Palla","author_link":"https:\/\/www.digipalla.com\/fr\/author\/venukasri0609\/"},"comment_info":0,"_links":{"self":[{"href":"https:\/\/www.digipalla.com\/fr\/wp-json\/wp\/v2\/pages\/245","targetHints":{"allow":["GET"]}}],"collection":[{"href":"https:\/\/www.digipalla.com\/fr\/wp-json\/wp\/v2\/pages"}],"about":[{"href":"https:\/\/www.digipalla.com\/fr\/wp-json\/wp\/v2\/types\/page"}],"author":[{"embeddable":true,"href":"https:\/\/www.digipalla.com\/fr\/wp-json\/wp\/v2\/users\/1"}],"replies":[{"embeddable":true,"href":"https:\/\/www.digipalla.com\/fr\/wp-json\/wp\/v2\/comments?post=245"}],"version-history":[{"count":1,"href":"https:\/\/www.digipalla.com\/fr\/wp-json\/wp\/v2\/pages\/245\/revisions"}],"predecessor-version":[{"id":246,"href":"https:\/\/www.digipalla.com\/fr\/wp-json\/wp\/v2\/pages\/245\/revisions\/246"}],"up":[{"embeddable":true,"href":"https:\/\/www.digipalla.com\/fr\/wp-json\/wp\/v2\/pages\/76"}],"wp:attachment":[{"href":"https:\/\/www.digipalla.com\/fr\/wp-json\/wp\/v2\/media?parent=245"}],"curies":[{"name":"wp","href":"https:\/\/api.w.org\/{rel}","templated":true}]}}