{"id":220,"date":"2024-01-31T08:06:23","date_gmt":"2024-01-31T08:06:23","guid":{"rendered":"https:\/\/www.digipalla.com\/?page_id=220"},"modified":"2024-01-31T08:06:24","modified_gmt":"2024-01-31T08:06:24","slug":"content-writing-services","status":"publish","type":"page","link":"https:\/\/www.digipalla.com\/fr\/caas\/services-de-redaction-de-contenu\/","title":{"rendered":"Services de r\u00e9daction de contenu"},"content":{"rendered":"<h2 class=\"wp-block-heading has-background\" style=\"background:linear-gradient(134deg,rgb(252,185,0) 0%,rgba(247,171,116,0.43) 99%)\">Texte\/image\/vid\u00e9o de niche <\/h2>\n\n\n\n<p class=\"has-background\" style=\"background:linear-gradient(135deg,rgb(255,245,203) 0%,rgb(182,227,212) 50%,rgba(51,168,181,0.37) 100%)\">Nous avons plus de 20 r\u00e9dacteurs de contenu capables de parler et d&#039;\u00e9crire couramment l&#039;anglais, des articles, des livres blancs, des documents techniques, des relectures, des r\u00e9dactions, etc. Le contenu sera de langue maternelle anglaise (US, UK, AUS, CAN, etc.) et\/ou non-anglais. des \u00e9crivains natifs comme l&#039;Inde, les Philippines, le Bangladesh, etc. Nous cr\u00e9ons toutes formes de contenu pour les blogs, Pinterest, Facebook, LinkedIn, Instagram, YouTube, de courtes vid\u00e9os, des articles courts, etc. dans diff\u00e9rentes niches. Nos cr\u00e9ateurs de contenu ma\u00eetrisent Adobe, Canva et AI Tools pour produire un contenu de premier ordre. Nous examinons manuellement tous les documents, images et vid\u00e9os qui respectent nos normes de qualit\u00e9 strictes. Nos tarifs de r\u00e9daction de texte sont bas\u00e9s sur ppw et rpw, vous n&#039;avez donc pas \u00e0 vous soucier des co\u00fbts suppl\u00e9mentaires. Pour la cr\u00e9ation d\u2019images et de vid\u00e9os, diff\u00e9rents tarifs sont applicables. <\/p>\n\n\n\n<div class=\"wp-block-buttons has-custom-font-size has-medium-font-size is-content-justification-center is-layout-flex wp-container-core-buttons-is-layout-1 wp-block-buttons-is-layout-flex\">\n<div class=\"wp-block-button\"><a class=\"wp-block-button__link has-text-align-center wp-element-button\" rel=\"nofollow\"><strong>CONTACT POUR DEVIS<\/strong><\/a><\/div>\n<\/div>\n\n\n\n<h2 class=\"wp-block-heading has-background\" style=\"background:linear-gradient(135deg,rgb(74,234,220) 0%,rgba(151,119,209,0.31) 20%,rgba(207,41,185,0.38) 40%,rgba(237,43,130,0.43) 60%,rgba(250,105,97,0.4) 80%,rgb(254,248,76) 100%)\">Niche de contenu\/sujets typiques<\/h2>\n\n\n<style>.kadence-column220_afd39b-9a > .kt-inside-inner-col,.kadence-column220_afd39b-9a > .kt-inside-inner-col:before{border-top-left-radius:0px;border-top-right-radius:0px;border-bottom-right-radius:0px;border-bottom-left-radius:0px;}.kadence-column220_afd39b-9a > .kt-inside-inner-col{column-gap:var(--global-kb-gap-sm, 1rem);}.kadence-column220_afd39b-9a > .kt-inside-inner-col{flex-direction:column;}.kadence-column220_afd39b-9a > .kt-inside-inner-col > .aligncenter{width:100%;}.kadence-column220_afd39b-9a > .kt-inside-inner-col:before{opacity:0.3;background-image:linear-gradient(135deg,rgba(6,147,227,0.35) 2%,rgba(20,39,109,0.5) 100%);}.kadence-column220_afd39b-9a{position:relative;}@media all and (max-width: 1024px){.kadence-column220_afd39b-9a > .kt-inside-inner-col{flex-direction:column;}}@media all and (max-width: 767px){.kadence-column220_afd39b-9a > .kt-inside-inner-col{flex-direction:column;}}<\/style>\n<div class=\"wp-block-kadence-column kadence-column220_afd39b-9a kb-section-has-overlay\"><div class=\"kt-inside-inner-col\">\n<p class=\"has-electric-grass-gradient-background has-background\">Voici 20 niches de r\u00e9daction de contenu populaires dans l\u2019industrie \u00e0 l\u2019\u00e9chelle mondiale\u00a0:<\/p>\n\n\n\n<ol class=\"wp-block-list\">\n<li>Technologie \u2013 Logiciels, gadgets, langages de programmation, cybers\u00e9curit\u00e9, blockchain, etc.<\/li>\n\n\n\n<li>Affaires et finance \u2013 Entrepreneuriat, investissement, trading, assurance, crypto, etc.<\/li>\n\n\n\n<li>Marketing \u2013 SEO, m\u00e9dias sociaux, e-mail, marketing vid\u00e9o, influenceur, etc.<\/li>\n\n\n\n<li>Sant\u00e9 et bien-\u00eatre \u2013 Conseils m\u00e9dicaux, mode de vie sain, nutrition, forme physique, etc.<\/li>\n\n\n\n<li>Voyages et tourisme \u2013 Destinations touristiques, h\u00f4tels, compagnies a\u00e9riennes, croisi\u00e8res, aventures en plein air, etc.<\/li>\n\n\n\n<li>\u00c9ducation \u2013 Techniques d\u2019enseignement, options d\u2019\u00e9tudes sup\u00e9rieures, orientation professionnelle, edtech, etc.<\/li>\n\n\n\n<li>Immobilier et maison \u2013 Guides d\u2019achat\/location, architecture, design d\u2019int\u00e9rieur, d\u00e9coration int\u00e9rieure, etc.<\/li>\n\n\n\n<li>Auto &amp; Transport \u2013 Examens de voitures, r\u00e8gles de circulation, logistique, v\u00e9hicules \u00e9lectriques, etc.<\/li>\n\n\n\n<li>Environnement et durabilit\u00e9 \u2013 Changement climatique, conservation, \u00e9nergies renouvelables, etc.<\/li>\n\n\n\n<li>M\u00e9dias et divertissement \u2013 \u00e9missions de t\u00e9l\u00e9vision, films, actualit\u00e9s sur les c\u00e9l\u00e9brit\u00e9s, lancements de musique, etc.<\/li>\n\n\n\n<li>Sports \u2013 Matchs, performances des joueurs, ligues fantastiques, guides de paris, etc.<\/li>\n\n\n\n<li>Style de vie \u2013 Tendances de la mode, conseils beaut\u00e9, recettes culinaires, planification de mariage, etc.<\/li>\n\n\n\n<li>Science et espace \u2013 Sciences \u00e9mergentes, d\u00e9couvertes spatiales, ISRO, mises \u00e0 jour de la NASA, etc.<\/li>\n\n\n\n<li>Juridique et politique publique \u2013 Jugements de la Cour supr\u00eame, projets gouvernementaux, directives civiques, etc.<\/li>\n\n\n\n<li>Animaux de compagnie \u2013 Soins pour chiens\/chats, accessoires, conseils d\u2019adoption, guide des races, etc.<\/li>\n\n\n\n<li>Parentalit\u00e9 \u2013 Conseils de grossesse, produits pour b\u00e9b\u00e9s, activit\u00e9s de d\u00e9veloppement de l&#039;enfant, etc.<\/li>\n\n\n\n<li>Industrie de la vente au d\u00e9tail \u2013 Tendances du commerce \u00e9lectronique, conseils de gestion de magasin, service client, etc.<\/li>\n\n\n\n<li>Ing\u00e9nierie \u2013 Conceptions de produits, processus de fabrication, guide de construction, etc.<\/li>\n\n\n\n<li>Agriculture et \u00e9levage \u2013 Pratiques biologiques, \u00e9quipements, culture hydroponique, etc.<\/li>\n\n\n\n<li>Science des donn\u00e9es et IA \u2013 Guides d\u2019apprentissage automatique, analyses, pr\u00e9dictions et informations, etc.<\/li>\n<\/ol>\n<\/div><\/div>\n\n\n\n<p><\/p>","protected":false},"excerpt":{"rendered":"<p>Texte\/image\/vid\u00e9o de niche Nous avons plus de 20 r\u00e9dacteurs de contenu capables de parler et d&#039;\u00e9crire couramment des articles, des livres blancs, des documents techniques, des relectures, des r\u00e9dactions, etc. en anglais. Le contenu sera de langue maternelle anglaise (\u00c9tats-Unis, Royaume-Uni, AUS, CAN, etc.). ) et\/ou des \u00e9crivains non autochtones comme l&#039;Inde, les Philippines, le Bangladesh etc. Nous cr\u00e9ons toutes formes de contenu pour les blogs, Pinterest, Facebook, LinkedIn,\u2026<\/p>","protected":false},"author":1,"featured_media":0,"parent":74,"menu_order":0,"comment_status":"closed","ping_status":"closed","template":"","meta":{"_kad_blocks_custom_css":"","_kad_blocks_head_custom_js":"","_kad_blocks_body_custom_js":"","_kad_blocks_footer_custom_js":"","_kad_post_transparent":"","_kad_post_title":"","_kad_post_layout":"normal","_kad_post_sidebar_id":"","_kad_post_content_style":"boxed","_kad_post_vertical_padding":"","_kad_post_feature":"","_kad_post_feature_position":"","_kad_post_header":false,"_kad_post_footer":false,"footnotes":""},"class_list":["post-220","page","type-page","status-publish","hentry"],"taxonomy_info":[],"featured_image_src_large":false,"author_info":{"display_name":"Digi Palla","author_link":"https:\/\/www.digipalla.com\/fr\/author\/venukasri0609\/"},"comment_info":0,"_links":{"self":[{"href":"https:\/\/www.digipalla.com\/fr\/wp-json\/wp\/v2\/pages\/220","targetHints":{"allow":["GET"]}}],"collection":[{"href":"https:\/\/www.digipalla.com\/fr\/wp-json\/wp\/v2\/pages"}],"about":[{"href":"https:\/\/www.digipalla.com\/fr\/wp-json\/wp\/v2\/types\/page"}],"author":[{"embeddable":true,"href":"https:\/\/www.digipalla.com\/fr\/wp-json\/wp\/v2\/users\/1"}],"replies":[{"embeddable":true,"href":"https:\/\/www.digipalla.com\/fr\/wp-json\/wp\/v2\/comments?post=220"}],"version-history":[{"count":10,"href":"https:\/\/www.digipalla.com\/fr\/wp-json\/wp\/v2\/pages\/220\/revisions"}],"predecessor-version":[{"id":238,"href":"https:\/\/www.digipalla.com\/fr\/wp-json\/wp\/v2\/pages\/220\/revisions\/238"}],"up":[{"embeddable":true,"href":"https:\/\/www.digipalla.com\/fr\/wp-json\/wp\/v2\/pages\/74"}],"wp:attachment":[{"href":"https:\/\/www.digipalla.com\/fr\/wp-json\/wp\/v2\/media?parent=220"}],"curies":[{"name":"wp","href":"https:\/\/api.w.org\/{rel}","templated":true}]}}