{"id":218,"date":"2024-01-31T08:06:36","date_gmt":"2024-01-31T08:06:36","guid":{"rendered":"https:\/\/www.digipalla.com\/?page_id=218"},"modified":"2024-01-31T08:06:37","modified_gmt":"2024-01-31T08:06:37","slug":"blog-website-design","status":"publish","type":"page","link":"https:\/\/www.digipalla.com\/fr\/conception-de-site-web-de-blog\/","title":{"rendered":"Conception de blog\/site Web"},"content":{"rendered":"<div class=\"wp-block-group has-background\" style=\"background-color:#f2f0e9;padding-right:0;padding-left:0\"><div class=\"wp-block-group__inner-container is-layout-flow wp-block-group-is-layout-flow\">\n<div class=\"wp-block-columns alignwide are-vertically-aligned-center is-layout-flex wp-container-core-columns-is-layout-1 wp-block-columns-is-layout-flex\">\n<div class=\"wp-block-column is-layout-flow wp-block-column-is-layout-flow\" style=\"flex-basis:100%\">\n<h2 class=\"wp-block-heading has-text-color\" style=\"color:#000000;font-size:30px\">Ce que nous offrons?<\/h2>\n<\/div>\n<\/div>\n\n\n\n<div class=\"wp-block-columns alignwide is-layout-flex wp-container-core-columns-is-layout-2 wp-block-columns-is-layout-flex\">\n<div class=\"wp-block-column is-layout-flow wp-block-column-is-layout-flow\">\n<p>Les personnes les plus talentueuses pour concevoir votre blog et votre site Web. Chaque commerce \u00e9lectronique, magasin, sant\u00e9, \u00e9picerie, finance, salon, restaurant, etc. a besoin d&#039;un site Web et d&#039;un blog d&#039;apparence d\u00e9cente pour attirer les consommateurs. \u00c0 cet \u00e9gard, nous avons plus de 10 concepteurs WordPress et personnalis\u00e9s qui peuvent cr\u00e9er votre site Web \u00e0 votre go\u00fbt. <\/p>\n\n\n<style>.wp-block-kadence-iconlist.kt-svg-icon-list-items218_e8d4dc-7e:not(.this-stops-third-party-issues){margin-top:0px;margin-bottom:0px;}.wp-block-kadence-iconlist.kt-svg-icon-list-items218_e8d4dc-7e ul.kt-svg-icon-list:not(.this-prevents-issues):not(.this-stops-third-party-issues):not(.tijsloc){margin-top:0px;margin-right:0px;margin-bottom:var(--global-kb-spacing-sm, 1.5rem);margin-left:0px;}.wp-block-kadence-iconlist.kt-svg-icon-list-items218_e8d4dc-7e ul.kt-svg-icon-list{grid-row-gap:5px;}.wp-block-kadence-iconlist.kt-svg-icon-list-items218_e8d4dc-7e ul.kt-svg-icon-list .kt-svg-icon-list-item-wrap .kt-svg-icon-list-single{margin-right:10px;}.kt-svg-icon-list-items218_e8d4dc-7e ul.kt-svg-icon-list .kt-svg-icon-list-item-wrap, .kt-svg-icon-list-items218_e8d4dc-7e ul.kt-svg-icon-list .kt-svg-icon-list-item-wrap a{font-size:var(--global-kb-font-size-md, 1.25rem);font-weight:bold;}.kt-svg-icon-list-items218_e8d4dc-7e ul.kt-svg-icon-list .kt-svg-icon-list-level-0 .kt-svg-icon-list-single svg{font-size:20px;}<\/style>\n<div class=\"wp-block-kadence-iconlist kt-svg-icon-list-items kt-svg-icon-list-items218_e8d4dc-7e kt-svg-icon-list-columns-1 alignnone\"><ul class=\"kt-svg-icon-list\">\n<li class=\"wp-block-kadence-listitem kt-svg-icon-list-item-wrap kt-svg-icon-list-item-218_918067-18\"><span class=\"kb-svg-icon-wrap kb-svg-icon-fe_calendar kt-svg-icon-list-single\"><svg viewbox=\"0 0 24 24\"  fill=\"none\" stroke=\"currentColor\" stroke-width=\"2\" stroke-linecap=\"round\" stroke-linejoin=\"round\" xmlns=\"http:\/\/www.w3.org\/2000\/svg\"  aria-hidden=\"true\"><rect x=\"3\" y=\"4\" width=\"18\" height=\"18\" rx=\"2\" ry=\"2\"\/><line x1=\"16\" y1=\"2\" x2=\"16\" y2=\"6\"\/><line x1=\"8\" y1=\"2\" x2=\"8\" y2=\"6\"\/><line x1=\"3\" y1=\"10\" x2=\"21\" y2=\"10\"\/><\/svg><\/span><span class=\"kt-svg-icon-list-text\">Th\u00e8me de votre choix.<\/span><\/li>\n\n\n\n<li class=\"wp-block-kadence-listitem kt-svg-icon-list-item-wrap kt-svg-icon-list-item-218_634002-36\"><span class=\"kb-svg-icon-wrap kb-svg-icon-fe_calendar kt-svg-icon-list-single\"><svg viewbox=\"0 0 24 24\"  fill=\"none\" stroke=\"currentColor\" stroke-width=\"2\" stroke-linecap=\"round\" stroke-linejoin=\"round\" xmlns=\"http:\/\/www.w3.org\/2000\/svg\"  aria-hidden=\"true\"><rect x=\"3\" y=\"4\" width=\"18\" height=\"18\" rx=\"2\" ry=\"2\"\/><line x1=\"16\" y1=\"2\" x2=\"16\" y2=\"6\"\/><line x1=\"8\" y1=\"2\" x2=\"8\" y2=\"6\"\/><line x1=\"3\" y1=\"10\" x2=\"21\" y2=\"10\"\/><\/svg><\/span><span class=\"kt-svg-icon-list-text\">D\u00e9veloppement de sites Web bas\u00e9s sur une niche (comme l&#039;immobilier, l&#039;\u00e9picerie, le restaurant, le stand de nourriture, etc.)<\/span><\/li>\n\n\n\n<li class=\"wp-block-kadence-listitem kt-svg-icon-list-item-wrap kt-svg-icon-list-item-218_4f8ada-8f\"><span class=\"kb-svg-icon-wrap kb-svg-icon-fe_calendar kt-svg-icon-list-single\"><svg viewbox=\"0 0 24 24\"  fill=\"none\" stroke=\"currentColor\" stroke-width=\"2\" stroke-linecap=\"round\" stroke-linejoin=\"round\" xmlns=\"http:\/\/www.w3.org\/2000\/svg\"  aria-hidden=\"true\"><rect x=\"3\" y=\"4\" width=\"18\" height=\"18\" rx=\"2\" ry=\"2\"\/><line x1=\"16\" y1=\"2\" x2=\"16\" y2=\"6\"\/><line x1=\"8\" y1=\"2\" x2=\"8\" y2=\"6\"\/><line x1=\"3\" y1=\"10\" x2=\"21\" y2=\"10\"\/><\/svg><\/span><span class=\"kt-svg-icon-list-text\">Solutions Web et widgets personnalis\u00e9s<\/span><\/li>\n\n\n\n<li class=\"wp-block-kadence-listitem kt-svg-icon-list-item-wrap kt-svg-icon-list-item-218_fd9bf1-08\"><span class=\"kb-svg-icon-wrap kb-svg-icon-fe_calendar kt-svg-icon-list-single\"><svg viewbox=\"0 0 24 24\"  fill=\"none\" stroke=\"currentColor\" stroke-width=\"2\" stroke-linecap=\"round\" stroke-linejoin=\"round\" xmlns=\"http:\/\/www.w3.org\/2000\/svg\"  aria-hidden=\"true\"><rect x=\"3\" y=\"4\" width=\"18\" height=\"18\" rx=\"2\" ry=\"2\"\/><line x1=\"16\" y1=\"2\" x2=\"16\" y2=\"6\"\/><line x1=\"8\" y1=\"2\" x2=\"8\" y2=\"6\"\/><line x1=\"3\" y1=\"10\" x2=\"21\" y2=\"10\"\/><\/svg><\/span><span class=\"kt-svg-icon-list-text\">Cr\u00e9ation de blog<\/span><\/li>\n\n\n\n<li class=\"wp-block-kadence-listitem kt-svg-icon-list-item-wrap kt-svg-icon-list-item-218_d6416e-59\"><span class=\"kb-svg-icon-wrap kb-svg-icon-fe_calendar kt-svg-icon-list-single\"><svg viewbox=\"0 0 24 24\"  fill=\"none\" stroke=\"currentColor\" stroke-width=\"2\" stroke-linecap=\"round\" stroke-linejoin=\"round\" xmlns=\"http:\/\/www.w3.org\/2000\/svg\"  aria-hidden=\"true\"><rect x=\"3\" y=\"4\" width=\"18\" height=\"18\" rx=\"2\" ry=\"2\"\/><line x1=\"16\" y1=\"2\" x2=\"16\" y2=\"6\"\/><line x1=\"8\" y1=\"2\" x2=\"8\" y2=\"6\"\/><line x1=\"3\" y1=\"10\" x2=\"21\" y2=\"10\"\/><\/svg><\/span><span class=\"kt-svg-icon-list-text\">Cr\u00e9ation gratuite de 8 pages Web<\/span><\/li>\n\n\n\n<li class=\"wp-block-kadence-listitem kt-svg-icon-list-item-wrap kt-svg-icon-list-item-218_095e6c-59\"><span class=\"kb-svg-icon-wrap kb-svg-icon-fe_calendar kt-svg-icon-list-single\"><svg viewbox=\"0 0 24 24\"  fill=\"none\" stroke=\"currentColor\" stroke-width=\"2\" stroke-linecap=\"round\" stroke-linejoin=\"round\" xmlns=\"http:\/\/www.w3.org\/2000\/svg\"  aria-hidden=\"true\"><rect x=\"3\" y=\"4\" width=\"18\" height=\"18\" rx=\"2\" ry=\"2\"\/><line x1=\"16\" y1=\"2\" x2=\"16\" y2=\"6\"\/><line x1=\"8\" y1=\"2\" x2=\"8\" y2=\"6\"\/><line x1=\"3\" y1=\"10\" x2=\"21\" y2=\"10\"\/><\/svg><\/span><span class=\"kt-svg-icon-list-text\">Formulaire de contact gratuit<\/span><\/li>\n\n\n\n<li class=\"wp-block-kadence-listitem kt-svg-icon-list-item-wrap kt-svg-icon-list-item-218_b5601c-27\"><span class=\"kb-svg-icon-wrap kb-svg-icon-fe_calendar kt-svg-icon-list-single\"><svg viewbox=\"0 0 24 24\"  fill=\"none\" stroke=\"currentColor\" stroke-width=\"2\" stroke-linecap=\"round\" stroke-linejoin=\"round\" xmlns=\"http:\/\/www.w3.org\/2000\/svg\"  aria-hidden=\"true\"><rect x=\"3\" y=\"4\" width=\"18\" height=\"18\" rx=\"2\" ry=\"2\"\/><line x1=\"16\" y1=\"2\" x2=\"16\" y2=\"6\"\/><line x1=\"8\" y1=\"2\" x2=\"8\" y2=\"6\"\/><line x1=\"3\" y1=\"10\" x2=\"21\" y2=\"10\"\/><\/svg><\/span><span class=\"kt-svg-icon-list-text\">Page Portfolio gratuite<\/span><\/li>\n\n\n\n<li class=\"wp-block-kadence-listitem kt-svg-icon-list-item-wrap kt-svg-icon-list-item-218_fab6af-69\"><span class=\"kb-svg-icon-wrap kb-svg-icon-fe_calendar kt-svg-icon-list-single\"><svg viewbox=\"0 0 24 24\"  fill=\"none\" stroke=\"currentColor\" stroke-width=\"2\" stroke-linecap=\"round\" stroke-linejoin=\"round\" xmlns=\"http:\/\/www.w3.org\/2000\/svg\"  aria-hidden=\"true\"><rect x=\"3\" y=\"4\" width=\"18\" height=\"18\" rx=\"2\" ry=\"2\"\/><line x1=\"16\" y1=\"2\" x2=\"16\" y2=\"6\"\/><line x1=\"8\" y1=\"2\" x2=\"8\" y2=\"6\"\/><line x1=\"3\" y1=\"10\" x2=\"21\" y2=\"10\"\/><\/svg><\/span><span class=\"kt-svg-icon-list-text\">Page de destination gratuite<\/span><\/li>\n\n\n\n<li class=\"wp-block-kadence-listitem kt-svg-icon-list-item-wrap kt-svg-icon-list-item-218_de61e2-f3\"><span class=\"kb-svg-icon-wrap kb-svg-icon-fe_calendar kt-svg-icon-list-single\"><svg viewbox=\"0 0 24 24\"  fill=\"none\" stroke=\"currentColor\" stroke-width=\"2\" stroke-linecap=\"round\" stroke-linejoin=\"round\" xmlns=\"http:\/\/www.w3.org\/2000\/svg\"  aria-hidden=\"true\"><rect x=\"3\" y=\"4\" width=\"18\" height=\"18\" rx=\"2\" ry=\"2\"\/><line x1=\"16\" y1=\"2\" x2=\"16\" y2=\"6\"\/><line x1=\"8\" y1=\"2\" x2=\"8\" y2=\"6\"\/><line x1=\"3\" y1=\"10\" x2=\"21\" y2=\"10\"\/><\/svg><\/span><span class=\"kt-svg-icon-list-text\">H\u00e9bergement de messagerie gratuit<\/span><\/li>\n<\/ul><\/div>\n<\/div>\n<\/div>\n\n\n\n<div class=\"wp-block-buttons has-custom-font-size has-medium-font-size is-content-justification-center is-layout-flex wp-container-core-buttons-is-layout-1 wp-block-buttons-is-layout-flex\">\n<div class=\"wp-block-button\"><a class=\"wp-block-button__link has-text-align-center wp-element-button\" rel=\"nofollow\"><strong>CONTACT POUR DEVIS<\/strong><\/a><\/div>\n<\/div>\n\n\n\n<div style=\"height:40px\" aria-hidden=\"true\" class=\"wp-block-spacer\"><\/div>\n<\/div><\/div>\n\n\n\n<h2 class=\"wp-block-heading\">Quel type de sites Web d\u00e9veloppons-nous ?<\/h2>\n\n\n\n<p style=\"font-size:18px\">Nous sommes une agence num\u00e9rique \u00e0 Visakhapatnam avec une pratique internationale dans les solutions num\u00e9riques, la r\u00e9daction de contenu et les services de r\u00e9f\u00e9rencement. Nous croyons au partage des connaissances et \u00e0 la promotion du dialogue pour accro\u00eetre le potentiel cr\u00e9atif de la collaboration.<\/p>\n\n\n\n<p>Voici 20 types et cat\u00e9gories diff\u00e9rents de sites Web\u00a0:<\/p>\n\n\n\n<ol class=\"wp-block-list\">\n<li>Sites Web informatifs \u2013 Fournir des informations et sensibiliser sur des sujets sp\u00e9cifiques, par exemple les blogs, les centres de contenu.<\/li>\n\n\n\n<li>Sites Web de commerce \u00e9lectronique \u2013 Boutiques en ligne vendant des produits et services, par exemple des v\u00eatements, des gadgets, des SaaS, des \u00e9piceries, des magasins, etc.<\/li>\n\n\n\n<li>Sites Web communautaires \u2013 Encouragez les interactions via des forums, des groupes et des fonctionnalit\u00e9s sociales.<\/li>\n\n\n\n<li>Sites Web de magazines \u2013 Articles de fond et contenu multim\u00e9dia mis \u00e0 jour r\u00e9guli\u00e8rement pour les groupes de discussion.<\/li>\n\n\n\n<li>Sites Web d\u2019actualit\u00e9s et de m\u00e9dias \u2013 Couvrez les derniers \u00e9v\u00e9nements et l\u2019actualit\u00e9.<\/li>\n\n\n\n<li>Sites Web d&#039;\u00e9valuation \u2013 Les utilisateurs fournissent des notes, des avis et des recommandations de marques.<\/li>\n\n\n\n<li>Sites Web de divertissement \u2013 Concentrez-vous sur les jeux, l&#039;humour et les m\u00e9dias riches pour susciter l&#039;engagement des cin\u00e9mas, etc.<\/li>\n\n\n\n<li>Sites Web des moteurs de recherche \u2013 Activez la fonctionnalit\u00e9 de recherche sur Internet via des mots-cl\u00e9s.<\/li>\n\n\n\n<li>Sites Web d\u2019\u00e9v\u00e9nements et d\u2019annonces \u2013 Fournissez les horaires et la billetterie pour les \u00e9v\u00e9nements \u00e0 proximit\u00e9.<\/li>\n\n\n\n<li>Sites Web \u00e9ducatifs \u2013 Proposez des cours, des ressources et un apprentissage \u00e0 votre rythme pour les \u00e9coles d&#039;ing\u00e9nieurs, les instituts, etc.<\/li>\n\n\n\n<li>Sites Web de portfolio \u2013 Pr\u00e9sentez des \u00e9chantillons de travail et des profils de professionnels cr\u00e9atifs tels que des m\u00e9decins, des ing\u00e9nieurs, des consultants, etc.<\/li>\n\n\n\n<li>Sites Web gouvernementaux \u2013 Portails d&#039;information pour les programmes et d\u00e9partements publics.<\/li>\n\n\n\n<li>Sites Web \u00e0 but non lucratif \u2013 Collectez des dons et faites conna\u00eetre les causes sociales.<\/li>\n\n\n\n<li>Sites Web personnels \u2013 Repr\u00e9sentent des individus pr\u00e9sentant leurs int\u00e9r\u00eats et leurs r\u00e9alisations.<\/li>\n\n\n\n<li>Sites Web d&#039;entreprise \u2013 Refl\u00e9tent les identit\u00e9s de marque \u00e0 travers la messagerie et les interfaces.<\/li>\n\n\n\n<li>Portails d&#039;emploi \u2013 Aidez les candidats \u00e0 trouver des postes vacants tout en permettant aux entreprises de r\u00e9pertorier les postes vacants.<\/li>\n\n\n\n<li>Sites Web de petites annonces \u2013 Aidez \u00e0 l&#039;achat et \u00e0 la vente de biens d&#039;occasion via des annonces et des ench\u00e8res.<\/li>\n\n\n\n<li>Sites Web de prise de rendez-vous \u2013 Activez la planification et le paiement en ligne des services.<\/li>\n\n\n\n<li>Sites Web de listes d&#039;entreprises \u2013 Pr\u00e9sentez les coordonn\u00e9es et les aper\u00e7us des \u00e9tablissements locaux.<\/li>\n\n\n\n<li>Sites Web immobiliers \u2013 R\u00e9pertoriez les d\u00e9tails de la vente et de la location de la propri\u00e9t\u00e9 avec les prix.<\/li>\n<\/ol>","protected":false},"excerpt":{"rendered":"<p>Ce que nous offrons? Les personnes les plus talentueuses pour concevoir votre blog et votre site Web. Chaque commerce \u00e9lectronique, magasin, sant\u00e9, \u00e9picerie, finance, salon, restaurant, etc. a besoin d&#039;un site Web et d&#039;un blog d&#039;apparence d\u00e9cente pour attirer les consommateurs. \u00c0 cet \u00e9gard, nous avons plus de 10 concepteurs WordPress et personnalis\u00e9s qui peuvent cr\u00e9er votre site Web \u00e0 votre go\u00fbt. Quel type de sites Web nous\u2026<\/p>","protected":false},"author":1,"featured_media":0,"parent":0,"menu_order":0,"comment_status":"closed","ping_status":"closed","template":"","meta":{"_kad_blocks_custom_css":"","_kad_blocks_head_custom_js":"","_kad_blocks_body_custom_js":"","_kad_blocks_footer_custom_js":"","_kad_post_transparent":"","_kad_post_title":"","_kad_post_layout":"","_kad_post_sidebar_id":"","_kad_post_content_style":"","_kad_post_vertical_padding":"","_kad_post_feature":"","_kad_post_feature_position":"","_kad_post_header":false,"_kad_post_footer":false,"footnotes":""},"class_list":["post-218","page","type-page","status-publish","hentry"],"taxonomy_info":[],"featured_image_src_large":false,"author_info":{"display_name":"Digi Palla","author_link":"https:\/\/www.digipalla.com\/fr\/author\/venukasri0609\/"},"comment_info":0,"_links":{"self":[{"href":"https:\/\/www.digipalla.com\/fr\/wp-json\/wp\/v2\/pages\/218","targetHints":{"allow":["GET"]}}],"collection":[{"href":"https:\/\/www.digipalla.com\/fr\/wp-json\/wp\/v2\/pages"}],"about":[{"href":"https:\/\/www.digipalla.com\/fr\/wp-json\/wp\/v2\/types\/page"}],"author":[{"embeddable":true,"href":"https:\/\/www.digipalla.com\/fr\/wp-json\/wp\/v2\/users\/1"}],"replies":[{"embeddable":true,"href":"https:\/\/www.digipalla.com\/fr\/wp-json\/wp\/v2\/comments?post=218"}],"version-history":[{"count":9,"href":"https:\/\/www.digipalla.com\/fr\/wp-json\/wp\/v2\/pages\/218\/revisions"}],"predecessor-version":[{"id":236,"href":"https:\/\/www.digipalla.com\/fr\/wp-json\/wp\/v2\/pages\/218\/revisions\/236"}],"wp:attachment":[{"href":"https:\/\/www.digipalla.com\/fr\/wp-json\/wp\/v2\/media?parent=218"}],"curies":[{"name":"wp","href":"https:\/\/api.w.org\/{rel}","templated":true}]}}