{"id":78,"date":"2024-01-25T05:10:23","date_gmt":"2024-01-25T05:10:23","guid":{"rendered":"https:\/\/www.digipalla.com\/?page_id=78"},"modified":"2024-01-25T05:10:24","modified_gmt":"2024-01-25T05:10:24","slug":"android-apps","status":"publish","type":"page","link":"https:\/\/www.digipalla.com\/es\/aplicaciones-de-android\/","title":{"rendered":"Aplicaciones de Android"},"content":{"rendered":"<p>Con una dependencia cada vez mayor de los tel\u00e9fonos inteligentes, todas las marcas importantes priorizan una presencia m\u00f3vil s\u00f3lida y DigiPalla les ayuda a lograrlo mediante la creaci\u00f3n de aplicaciones Android nativas de alto rendimiento alineadas con necesidades comerciales espec\u00edficas utilizando marcos probados y pruebas exhaustivas de compatibilidad de dispositivos.<\/p>\n\n\n\n<h2 class=\"wp-block-heading\">Servicios de desarrollo de aplicaciones para Android de DigiPalla<\/h2>\n\n\n\n<h3 class=\"wp-block-heading\">Proceso de desarrollo de aplicaciones<\/h3>\n\n\n\n<p>DigiPalla sigue un ciclo de vida de desarrollo de aplicaciones simplificado desde la conceptualizaci\u00f3n hasta el lanzamiento:<\/p>\n\n\n\n<p><strong>Planificaci\u00f3n<\/strong> \u2013 Las reuniones integrales con los clientes ayudan a identificar los usuarios objetivo, la funcionalidad principal de la aplicaci\u00f3n, los modelos de monetizaci\u00f3n y los KPI que se formulan en un plan de proyecto que cubre los objetivos finales.<\/p>\n\n\n\n<p><strong>Dise\u00f1o UX\/UI<\/strong> \u2013 Se crean estructuras al\u00e1mbricas que detallan los flujos de usuarios a trav\u00e9s de las pantallas con llamadas a la acci\u00f3n, seguidas de maquetas de UI de alta fidelidad visualmente atractivas dise\u00f1adas para las pautas de la plataforma Android.<\/p>\n\n\n\n<p><strong>Desarrollo<\/strong> \u2013 Nuestros desarrolladores certificados de Android codifican manualmente de forma nativa utilizando Java\/Kotlin aprovechando las tecnolog\u00edas de Google como Android Studio, Firebase y Google Cloud. Las mejores pr\u00e1cticas de codificaci\u00f3n se centran en el rendimiento \u00f3ptimo.<\/p>\n\n\n\n<p><strong>Pruebas<\/strong> \u2013 Las pruebas rigurosas en m\u00e1s de 4000 configuraciones de dispositivos Android en emuladores y dispositivos reales garantizan la compatibilidad, la funcionalidad, la capacidad de respuesta de la interfaz de usuario y la integridad de los datos en todas las versiones del sistema operativo.<\/p>\n\n\n\n<p><strong>Lanzamiento y mantenimiento<\/strong> \u2013 La aplicaci\u00f3n se lanza en Google Play Store para que los usuarios la descarguen. Las actualizaciones peri\u00f3dicas agregan nuevas funciones mientras monitorean los KPI de rendimiento, como instalaciones, tasas de retenci\u00f3n, etc.<\/p>\n\n\n\n<figure class=\"wp-block-image size-large\"><img loading=\"lazy\" decoding=\"async\" width=\"1024\" height=\"564\" src=\"https:\/\/www.digipalla.com\/wp-content\/uploads\/2024\/01\/android-apps-frameworks-1024x564.png\" alt=\"\" class=\"wp-image-113\" srcset=\"https:\/\/www.digipalla.com\/wp-content\/uploads\/2024\/01\/android-apps-frameworks-1024x564.png 1024w, https:\/\/www.digipalla.com\/wp-content\/uploads\/2024\/01\/android-apps-frameworks-300x165.png 300w, https:\/\/www.digipalla.com\/wp-content\/uploads\/2024\/01\/android-apps-frameworks-768x423.png 768w, https:\/\/www.digipalla.com\/wp-content\/uploads\/2024\/01\/android-apps-frameworks-1536x846.png 1536w, https:\/\/www.digipalla.com\/wp-content\/uploads\/2024\/01\/android-apps-frameworks-600x331.png 600w, https:\/\/www.digipalla.com\/wp-content\/uploads\/2024\/01\/android-apps-frameworks.png 1920w\" sizes=\"auto, (max-width: 1024px) 100vw, 1024px\" \/><\/figure>\n\n\n\n<h3 class=\"wp-block-heading\">Ejemplos de aplicaciones de Android<\/h3>\n\n\n\n<p>Las categor\u00edas clave incluyen:<\/p>\n\n\n\n<ul class=\"wp-block-list\">\n<li>Aplicaciones de comercio electr\u00f3nico con integraci\u00f3n de pagos, sincronizaci\u00f3n de inventario y coordinaci\u00f3n log\u00edstica.<\/li>\n\n\n\n<li>Aplicaciones comunitarias que ofrecen alimentaci\u00f3n de contenido, intercambio multimedia y foros.<\/li>\n\n\n\n<li>Aplicaciones personalizadas de productividad o lugar de trabajo con flujos de trabajo de datos.<\/li>\n\n\n\n<li>Aplicaciones de juegos con tablas de clasificaci\u00f3n y compras dentro de la aplicaci\u00f3n.<\/li>\n\n\n\n<li>Aplicaciones de entrega de comida que conectan restaurantes, socios repartidores y usuarios.<\/li>\n\n\n\n<li>Aplicaciones de log\u00edstica para gesti\u00f3n de flotas, seguimiento de env\u00edos, etc.<\/li>\n<\/ul>\n\n\n\n<p>Con muchas aplicaciones desarrolladas con \u00e9xito, DigiPalla tiene la experiencia t\u00e9cnica y los procesos probados para ofrecer soluciones Android de pr\u00f3xima generaci\u00f3n. \u00a1P\u00f3ngase en contacto para sus necesidades de aplicaciones!<\/p>","protected":false},"excerpt":{"rendered":"<p>Con una dependencia cada vez mayor de los tel\u00e9fonos inteligentes, todas las marcas importantes priorizan una presencia m\u00f3vil s\u00f3lida y DigiPalla les ayuda a lograrlo mediante la creaci\u00f3n de aplicaciones Android nativas de alto rendimiento alineadas con necesidades comerciales espec\u00edficas utilizando marcos probados y pruebas exhaustivas de compatibilidad de dispositivos. Servicios de desarrollo de aplicaciones de Android por parte de DigiPalla Proceso de desarrollo de aplicaciones DigiPalla sigue un ciclo de vida de desarrollo de aplicaciones optimizado...<\/p>","protected":false},"author":1,"featured_media":0,"parent":0,"menu_order":0,"comment_status":"closed","ping_status":"closed","template":"","meta":{"_kad_blocks_custom_css":"","_kad_blocks_head_custom_js":"","_kad_blocks_body_custom_js":"","_kad_blocks_footer_custom_js":"","_kad_post_transparent":"","_kad_post_title":"","_kad_post_layout":"","_kad_post_sidebar_id":"","_kad_post_content_style":"","_kad_post_vertical_padding":"","_kad_post_feature":"","_kad_post_feature_position":"","_kad_post_header":false,"_kad_post_footer":false,"footnotes":""},"class_list":["post-78","page","type-page","status-publish","hentry"],"taxonomy_info":[],"featured_image_src_large":false,"author_info":{"display_name":"Digi Palla","author_link":"https:\/\/www.digipalla.com\/es\/author\/venukasri0609\/"},"comment_info":0,"_links":{"self":[{"href":"https:\/\/www.digipalla.com\/es\/wp-json\/wp\/v2\/pages\/78","targetHints":{"allow":["GET"]}}],"collection":[{"href":"https:\/\/www.digipalla.com\/es\/wp-json\/wp\/v2\/pages"}],"about":[{"href":"https:\/\/www.digipalla.com\/es\/wp-json\/wp\/v2\/types\/page"}],"author":[{"embeddable":true,"href":"https:\/\/www.digipalla.com\/es\/wp-json\/wp\/v2\/users\/1"}],"replies":[{"embeddable":true,"href":"https:\/\/www.digipalla.com\/es\/wp-json\/wp\/v2\/comments?post=78"}],"version-history":[{"count":3,"href":"https:\/\/www.digipalla.com\/es\/wp-json\/wp\/v2\/pages\/78\/revisions"}],"predecessor-version":[{"id":114,"href":"https:\/\/www.digipalla.com\/es\/wp-json\/wp\/v2\/pages\/78\/revisions\/114"}],"wp:attachment":[{"href":"https:\/\/www.digipalla.com\/es\/wp-json\/wp\/v2\/media?parent=78"}],"curies":[{"name":"wp","href":"https:\/\/api.w.org\/{rel}","templated":true}]}}