{"id":76,"date":"2024-01-25T05:02:53","date_gmt":"2024-01-25T05:02:53","guid":{"rendered":"https:\/\/www.digipalla.com\/?page_id=76"},"modified":"2024-01-25T05:02:54","modified_gmt":"2024-01-25T05:02:54","slug":"saas","status":"publish","type":"page","link":"https:\/\/www.digipalla.com\/es\/saas\/","title":{"rendered":"SaaS"},"content":{"rendered":"<p>SaaS o software como servicio representa soluciones web bajo demanda que ofrecen funciones de software especializadas de forma remota a trav\u00e9s de una infraestructura en la nube sin necesidad de instalaciones ni hardware. <\/p>\n\n\n\n<p>Dise\u00f1amos y construimos plataformas SaaS escalables y multiinquilino con paneles de usuario que abarcan desde herramientas de gesti\u00f3n de documentos, lienzos de colaboraci\u00f3n y an\u00e1lisis financieros hasta complejas aplicaciones de procesos comerciales. <\/p>\n\n\n\n<p>Las soluciones SaaS personalizadas ayudan a digitalizar los flujos de trabajo con accesibilidad desde cualquier lugar y en todos los dispositivos para mejorar la productividad. <\/p>\n\n\n\n<p>Incorporan acceso basado en roles, almacenamiento seguro de datos, actualizaciones automatizadas y modelos de suscripci\u00f3n flexibles que incluyen planes de precios personalizados basados en funciones y usuarios simult\u00e1neos.<\/p>\n\n\n\n<h2 class=\"wp-block-heading\">Aplicaciones de IA<\/h2>\n\n\n\n<p>Las capacidades de inteligencia artificial est\u00e1n impregnando los procesos comerciales a trav\u00e9s de plataformas SaaS de IA f\u00e1ciles de usar. Las herramientas de IA contempor\u00e1neas sin c\u00f3digo cuentan con interfaces intuitivas de arrastrar y soltar que permiten a los equipos no tecnol\u00f3gicos crear c\u00f3modamente sus propias aplicaciones de IA simplemente conectando m\u00f3dulos de aprendizaje autom\u00e1tico sin codificaci\u00f3n intensiva.<\/p>\n\n\n\n<p>DigiPalla ofrece s\u00f3lidas plantillas de aprendizaje autom\u00e1tico que abarcan an\u00e1lisis de texto, reconocimiento visual, predicciones, recomendaciones e interfaces conversacionales para entrenar modelos personalizables utilizando datos de la empresa. Los MLOps integrados ayudan en la producci\u00f3n y monitorean las aplicaciones de IA sin problemas. Los casos de uso destacados incluyen chatbots, clasificaci\u00f3n de datos, optimizaci\u00f3n de b\u00fasqueda, orientaci\u00f3n a clientes y an\u00e1lisis predictivos en torno a pron\u00f3sticos de ventas, fallas de equipos, etc.<\/p>\n\n\n\n<figure class=\"wp-block-image size-full\"><img loading=\"lazy\" decoding=\"async\" width=\"1024\" height=\"1024\" src=\"https:\/\/www.digipalla.com\/wp-content\/uploads\/2024\/01\/ai-applications.jpg\" alt=\"aplicaciones saas ai\" class=\"wp-image-109\" srcset=\"https:\/\/www.digipalla.com\/wp-content\/uploads\/2024\/01\/ai-applications.jpg 1024w, https:\/\/www.digipalla.com\/wp-content\/uploads\/2024\/01\/ai-applications-300x300.jpg 300w, https:\/\/www.digipalla.com\/wp-content\/uploads\/2024\/01\/ai-applications-150x150.jpg 150w, https:\/\/www.digipalla.com\/wp-content\/uploads\/2024\/01\/ai-applications-768x768.jpg 768w, https:\/\/www.digipalla.com\/wp-content\/uploads\/2024\/01\/ai-applications-600x600.jpg 600w\" sizes=\"auto, (max-width: 1024px) 100vw, 1024px\" \/><\/figure>\n\n\n\n<p>Con funciones de IA preempaquetadas pero flexibles servidas a trav\u00e9s de una infraestructura en la nube que no requieren gastos generales de implementaci\u00f3n, empresas que van desde el comercio minorista, la banca hasta la fabricaci\u00f3n ahora pueden aprovechar c\u00f3modamente el inmenso potencial de la IA para mejorar las capacidades de personalizaci\u00f3n, automatizaci\u00f3n y toma de decisiones. <\/p>\n\n\n\n<p>La potente IA, r\u00e1pida y accesible, est\u00e1 impulsando una r\u00e1pida transformaci\u00f3n empresarial y ventajas competitivas.<\/p>\n\n\n\n<h2 class=\"wp-block-heading\">Educaci\u00f3n <\/h2>\n\n\n\n<p>Las herramientas SaaS educativas est\u00e1n revolucionando la gesti\u00f3n del aprendizaje al mover sistemas y recursos cr\u00edticos en l\u00ednea para un acceso conveniente. Las principales plataformas EdTech SaaS permiten a los institutos educativos organizar digitalmente tutor\u00edas con portales personalizables que abarcan registro de estudiantes, alojamiento de contenido, colaboraci\u00f3n, automatizaci\u00f3n de evaluaciones, an\u00e1lisis de progreso, as\u00ed como una integraci\u00f3n perfecta con pasarelas de pago para el cobro de tarifas.<\/p>\n\n\n\n<p>Las soluciones espec\u00edficas incluyen sistemas de gesti\u00f3n del aprendizaje como Canvas y Schoology para crear y compartir materiales de estudio, realizar ex\u00e1menes en l\u00ednea y realizar un seguimiento de los an\u00e1lisis de crecimiento. <\/p>\n\n\n\n<p>Los sistemas de informaci\u00f3n estudiantil como Ellucian proporcionan bases de datos centralizadas que facilitan la gesti\u00f3n de admisiones, registros de asistencia, programaci\u00f3n y calificaciones en distintos cursos o ramas. <\/p>\n\n\n\n<p>Las soluciones SaaS de comunicaci\u00f3n masiva como ParentSquare permiten una comunicaci\u00f3n r\u00e1pida de arriba hacia abajo con padres y estudiantes a trav\u00e9s de m\u00faltiples canales desde una \u00fanica plataforma.<\/p>\n\n\n\n<figure class=\"wp-block-image size-large\"><img loading=\"lazy\" decoding=\"async\" width=\"1024\" height=\"670\" src=\"https:\/\/www.digipalla.com\/wp-content\/uploads\/2024\/01\/saas-solutions-1024x670.png\" alt=\"\" class=\"wp-image-111\" srcset=\"https:\/\/www.digipalla.com\/wp-content\/uploads\/2024\/01\/saas-solutions-1024x670.png 1024w, https:\/\/www.digipalla.com\/wp-content\/uploads\/2024\/01\/saas-solutions-300x196.png 300w, https:\/\/www.digipalla.com\/wp-content\/uploads\/2024\/01\/saas-solutions-768x503.png 768w, https:\/\/www.digipalla.com\/wp-content\/uploads\/2024\/01\/saas-solutions-1536x1005.png 1536w, https:\/\/www.digipalla.com\/wp-content\/uploads\/2024\/01\/saas-solutions-600x393.png 600w, https:\/\/www.digipalla.com\/wp-content\/uploads\/2024\/01\/saas-solutions.png 1650w\" sizes=\"auto, (max-width: 1024px) 100vw, 1024px\" \/><\/figure>\n\n\n\n<p>Estas herramientas SaaS integrales pero asequibles est\u00e1n ayudando a las escuelas y universidades a hacer que la administraci\u00f3n del aprendizaje sea conveniente y, al mismo tiempo, mejoran los niveles de participaci\u00f3n de los estudiantes utilizando tecnolog\u00edas con las que los estudiantes se sienten c\u00f3modos.<\/p>\n\n\n\n<h2 class=\"wp-block-heading\">Ingenier\u00eda<\/h2>\n\n\n\n<p>Los equipos de ingenier\u00eda est\u00e1n aumentando su productividad mediante la adopci\u00f3n de plataformas SaaS especializadas que agilizan los flujos de trabajo complejos de dise\u00f1o y simulaci\u00f3n a trav\u00e9s de interfaces en l\u00ednea intuitivas y capacidades de colaboraci\u00f3n.<\/p>\n\n\n\n<p>Ejemplos destacados incluyen herramientas CAD SaaS como Onshape, AutoDesk Fusion 360 y SolidWorks Xdesign que brindan funcionalidades avanzadas de dise\u00f1o asistido por computadora en la nube que permiten a los ingenieros conceptualizar y analizar colectivamente dise\u00f1os de productos utilizando una plataforma com\u00fan desde cualquier lugar y en cualquier dispositivo.<\/p>\n\n\n\n<p>De manera similar, las plataformas de simulaci\u00f3n SaaS como SimScale con sus solucionadores ultrarr\u00e1pidos ayudan a ejecutar sofisticadas simulaciones de din\u00e1mica de fluidos y mec\u00e1nica estructural a trav\u00e9s del navegador para que los equipos puedan validar y optimizar modelos de ingenier\u00eda en ciclos m\u00e1s cortos.<\/p>\n\n\n\n<p>Las soluciones SaaS de gesti\u00f3n de datos, como Engineering Base, agregan informaci\u00f3n sobre componentes y pruebas, lo que permite una mejor estandarizaci\u00f3n, mientras que las herramientas de monitoreo de activos como Augury permiten un seguimiento centralizado de las m\u00e9tricas de estado de todos los equipos.<\/p>\n\n\n\n<p>Al hacer que las capacidades de ingenier\u00eda avanzadas est\u00e9n disponibles en una infraestructura de nube r\u00e1pida y segura que aprovecha el hardware inform\u00e1tico m\u00e1s reciente, las soluciones Engineering SaaS mejoran la eficiencia del flujo de trabajo en todo el ciclo de vida del desarrollo del producto.<\/p>","protected":false},"excerpt":{"rendered":"<p>SaaS o software como servicio representa soluciones web bajo demanda que ofrecen funciones de software especializadas de forma remota a trav\u00e9s de una infraestructura en la nube sin necesidad de instalaciones ni hardware. Dise\u00f1amos y construimos plataformas SaaS escalables y multiinquilino con paneles de usuario que abarcan desde herramientas de gesti\u00f3n de documentos, lienzos de colaboraci\u00f3n y an\u00e1lisis financieros hasta complejas aplicaciones de procesos comerciales. Las soluciones SaaS personalizadas ayudan a digitalizar los flujos de trabajo con...<\/p>","protected":false},"author":1,"featured_media":0,"parent":0,"menu_order":0,"comment_status":"closed","ping_status":"closed","template":"","meta":{"_kad_blocks_custom_css":"","_kad_blocks_head_custom_js":"","_kad_blocks_body_custom_js":"","_kad_blocks_footer_custom_js":"","_kad_post_transparent":"","_kad_post_title":"","_kad_post_layout":"","_kad_post_sidebar_id":"","_kad_post_content_style":"","_kad_post_vertical_padding":"","_kad_post_feature":"","_kad_post_feature_position":"","_kad_post_header":false,"_kad_post_footer":false,"footnotes":""},"class_list":["post-76","page","type-page","status-publish","hentry"],"taxonomy_info":[],"featured_image_src_large":false,"author_info":{"display_name":"Digi Palla","author_link":"https:\/\/www.digipalla.com\/es\/author\/venukasri0609\/"},"comment_info":0,"_links":{"self":[{"href":"https:\/\/www.digipalla.com\/es\/wp-json\/wp\/v2\/pages\/76","targetHints":{"allow":["GET"]}}],"collection":[{"href":"https:\/\/www.digipalla.com\/es\/wp-json\/wp\/v2\/pages"}],"about":[{"href":"https:\/\/www.digipalla.com\/es\/wp-json\/wp\/v2\/types\/page"}],"author":[{"embeddable":true,"href":"https:\/\/www.digipalla.com\/es\/wp-json\/wp\/v2\/users\/1"}],"replies":[{"embeddable":true,"href":"https:\/\/www.digipalla.com\/es\/wp-json\/wp\/v2\/comments?post=76"}],"version-history":[{"count":4,"href":"https:\/\/www.digipalla.com\/es\/wp-json\/wp\/v2\/pages\/76\/revisions"}],"predecessor-version":[{"id":112,"href":"https:\/\/www.digipalla.com\/es\/wp-json\/wp\/v2\/pages\/76\/revisions\/112"}],"wp:attachment":[{"href":"https:\/\/www.digipalla.com\/es\/wp-json\/wp\/v2\/media?parent=76"}],"curies":[{"name":"wp","href":"https:\/\/api.w.org\/{rel}","templated":true}]}}