{"id":74,"date":"2024-01-25T04:58:10","date_gmt":"2024-01-25T04:58:10","guid":{"rendered":"https:\/\/www.digipalla.com\/?page_id=74"},"modified":"2024-01-25T04:58:11","modified_gmt":"2024-01-25T04:58:11","slug":"caas","status":"publish","type":"page","link":"https:\/\/www.digipalla.com\/es\/caas\/","title":{"rendered":"CaaS"},"content":{"rendered":"<p>El contenido como servicio (CaaS) permite a las marcas obtener contenido personalizado y de alta calidad de escritores experimentados bajo demanda sin grandes inversiones en recursos internos. DigiPalla ofrece CaaS de extremo a extremo en l\u00ednea con las gu\u00edas de estilo de la marca y los formatos preferidos.<\/p>\n\n\n\n<p>La estructura modular permite flexibilidad para encargar contenido que va desde publicaciones de blog hasta libros electr\u00f3nicos elaborados sobre diversos temas. Equipos de expertos en la materia y escritores creativos realizan investigaciones exhaustivas antes de presentar narrativas interesantes y atractivas en tonos conversacionales para mejorar el contexto.<\/p>\n\n\n\n<p>El enfoque CaaS tambi\u00e9n cubre varios formatos multimedia como infograf\u00edas, m\u00f3dulos interactivos, v\u00eddeos y guiones de podcasts junto con la distribuci\u00f3n en los canales elegidos: sitios web, redes sociales y campa\u00f1as de marketing por correo electr\u00f3nico. Los formatos se pueden modificar a\u00fan m\u00e1s para lograr una experiencia omnicanal.<\/p>\n\n\n\n<figure class=\"wp-block-image size-large\"><img loading=\"lazy\" decoding=\"async\" width=\"1024\" height=\"538\" src=\"https:\/\/www.digipalla.com\/wp-content\/uploads\/2024\/01\/content-services-1024x538.png\" alt=\"\" class=\"wp-image-102\" srcset=\"https:\/\/www.digipalla.com\/wp-content\/uploads\/2024\/01\/content-services-1024x538.png 1024w, https:\/\/www.digipalla.com\/wp-content\/uploads\/2024\/01\/content-services-300x158.png 300w, https:\/\/www.digipalla.com\/wp-content\/uploads\/2024\/01\/content-services-768x404.png 768w, https:\/\/www.digipalla.com\/wp-content\/uploads\/2024\/01\/content-services-1536x807.png 1536w, https:\/\/www.digipalla.com\/wp-content\/uploads\/2024\/01\/content-services-600x315.png 600w, https:\/\/www.digipalla.com\/wp-content\/uploads\/2024\/01\/content-services.png 1920w\" sizes=\"auto, (max-width: 1024px) 100vw, 1024px\" \/><\/figure>\n\n\n\n<p>CaaS funciona con herramientas de colaboraci\u00f3n con opciones de comentarios y revisiones iterativos para alinearse con las estrategias de contenido en evoluci\u00f3n. Todo el contenido se crea despu\u00e9s de analizar las personas objetivo, las \u00faltimas tendencias y las m\u00e9tricas de b\u00fasqueda actuales y se optimiza en consecuencia con llamadas a la acci\u00f3n, lo que permite la promoci\u00f3n del contenido.<\/p>\n\n\n\n<p>Un socio CaaS confiable sirve esencialmente como un departamento de marketing de contenido virtual para marcas que buscan publicar con frecuencia contenido informativo y promocional de manera rentable y al mismo tiempo conservar el control creativo. Esto libera a los equipos internos para concentrarse en las operaciones principales.<\/p>\n\n\n\n<h2 class=\"wp-block-heading\">Calendario de contenidos<\/h2>\n\n\n\n<ul class=\"wp-block-list\">\n<li>La programaci\u00f3n de contenido estructurado constituye el modelo para una publicaci\u00f3n consistente dirigida a estrategias de marketing de contenido. <\/li>\n\n\n\n<li>DigiPalla colabora con los clientes para formular cronogramas mensuales\/trimestrales que describan temas, formatos, longitudes objetivo, tonos, fechas de publicaci\u00f3n \u00f3ptimas adem\u00e1s de planes de promoci\u00f3n en canales propios y publicaciones invitadas basadas en personas objetivo, objetivos de campa\u00f1a y m\u00e9tricas de contenido anterior. <\/li>\n\n\n\n<li>Luego, los equipos de escritores coordinan las tareas, lo que permite suficiente tiempo para la investigaci\u00f3n, redacci\u00f3n, revisiones\/aprobaciones seg\u00fan el cronograma. <\/li>\n\n\n\n<li>La programaci\u00f3n permite el uso planificado de los presupuestos, establece expectativas claras en torno a los entregables para mantener las colas y facilitar las solicitudes simplificadas desde la ideaci\u00f3n hasta la publicaci\u00f3n de contenido atractivo y de calidad.<\/li>\n<\/ul>\n\n\n\n<figure class=\"wp-block-image size-large\"><img loading=\"lazy\" decoding=\"async\" width=\"1024\" height=\"704\" src=\"https:\/\/www.digipalla.com\/wp-content\/uploads\/2024\/01\/content-schedule-1024x704.png\" alt=\"calendario caas\" class=\"wp-image-103\" srcset=\"https:\/\/www.digipalla.com\/wp-content\/uploads\/2024\/01\/content-schedule-1024x704.png 1024w, https:\/\/www.digipalla.com\/wp-content\/uploads\/2024\/01\/content-schedule-300x206.png 300w, https:\/\/www.digipalla.com\/wp-content\/uploads\/2024\/01\/content-schedule-768x528.png 768w, https:\/\/www.digipalla.com\/wp-content\/uploads\/2024\/01\/content-schedule-1536x1056.png 1536w, https:\/\/www.digipalla.com\/wp-content\/uploads\/2024\/01\/content-schedule-600x412.png 600w, https:\/\/www.digipalla.com\/wp-content\/uploads\/2024\/01\/content-schedule.png 1571w\" sizes=\"auto, (max-width: 1024px) 100vw, 1024px\" \/><\/figure>\n\n\n\n<h2 class=\"wp-block-heading\">Campa\u00f1a de contenido<\/h2>\n\n\n\n<p>DigiPalla ayuda a dise\u00f1ar campa\u00f1as de marketing de contenido integradas que abarcan m\u00faltiples formatos, como publicaciones de blogs, infograf\u00edas, videos y podcasts estructurados en torno a temas espec\u00edficos que resuenan e involucran a grupos de compradores objetivo. <\/p>\n\n\n\n<p>Las campa\u00f1as aumentan el conocimiento de la marca y establecen un liderazgo intelectual. <\/p>\n\n\n\n<p>Los estrategas investigan temas para identificar lagunas de informaci\u00f3n, tendencias y preguntas que el contenido de calidad puede abordar de manera efectiva. <\/p>\n\n\n\n<p>Las campa\u00f1as presentan diversos tipos de contenido, tonos y canales de publicaci\u00f3n, lo que permite una visibilidad constante durante 3 a 6 meses. <\/p>\n\n\n\n<p>Las t\u00e9cnicas promocionales como correos electr\u00f3nicos, redes sociales y contacto con personas influyentes, junto con la optimizaci\u00f3n de la b\u00fasqueda, dirigen el tr\u00e1fico relevante a los activos de la campa\u00f1a. <\/p>\n\n\n\n<figure class=\"wp-block-image size-large\"><img loading=\"lazy\" decoding=\"async\" width=\"1024\" height=\"647\" src=\"https:\/\/www.digipalla.com\/wp-content\/uploads\/2024\/01\/content-marketing-1024x647.png\" alt=\"\" class=\"wp-image-105\" srcset=\"https:\/\/www.digipalla.com\/wp-content\/uploads\/2024\/01\/content-marketing-1024x647.png 1024w, https:\/\/www.digipalla.com\/wp-content\/uploads\/2024\/01\/content-marketing-300x190.png 300w, https:\/\/www.digipalla.com\/wp-content\/uploads\/2024\/01\/content-marketing-768x486.png 768w, https:\/\/www.digipalla.com\/wp-content\/uploads\/2024\/01\/content-marketing-1536x971.png 1536w, https:\/\/www.digipalla.com\/wp-content\/uploads\/2024\/01\/content-marketing-600x379.png 600w, https:\/\/www.digipalla.com\/wp-content\/uploads\/2024\/01\/content-marketing.png 1708w\" sizes=\"auto, (max-width: 1024px) 100vw, 1024px\" \/><\/figure>\n\n\n\n<p>El rendimiento se rastrea a trav\u00e9s de m\u00e9tricas de generaci\u00f3n de leads, conversiones y participaci\u00f3n que brindan informaci\u00f3n para optimizar campa\u00f1as futuras para lograr un impacto en las ventas.<\/p>\n\n\n\n<h2 class=\"wp-block-heading\">Gesti\u00f3n de contenido<\/h2>\n\n\n\n<p>La gesti\u00f3n de contenido eficiente agiliza las colaboraciones, los flujos de trabajo de publicaci\u00f3n y el seguimiento del rendimiento posterior a la publicaci\u00f3n en los procesos de creaci\u00f3n de contenido.<\/p>\n\n\n\n<p>Los servicios de redacci\u00f3n de contenido utilizan sistemas de gesti\u00f3n de contenido en l\u00ednea como WordPress y Drupal, que cuentan con paneles de usuario, creadores de p\u00e1ginas de arrastrar y soltar, sitios web optimizados para SEO y an\u00e1lisis incorporados. <\/p>\n\n\n\n<p>Los permisos de usuario personalizados permiten un acceso seguro para env\u00edos de contenido, revisiones\/aprobaciones, gesti\u00f3n centralizada de activos y publicaciones programadas. <\/p>\n\n\n\n<p>Los an\u00e1lisis incorporados presentan informaci\u00f3n posterior al rendimiento sobre visitas, clics, descargas y conversiones por activo. Las integraciones con marketing por correo electr\u00f3nico, gesti\u00f3n de redes sociales y sistemas de gesti\u00f3n de aprendizaje permiten un an\u00e1lisis m\u00e1s amplio de promoci\u00f3n, distribuci\u00f3n y utilizaci\u00f3n de contenidos. <\/p>\n\n\n\n<figure class=\"wp-block-image size-large\"><img loading=\"lazy\" decoding=\"async\" width=\"1024\" height=\"707\" src=\"https:\/\/www.digipalla.com\/wp-content\/uploads\/2024\/01\/content-management-1024x707.png\" alt=\"\" class=\"wp-image-106\" srcset=\"https:\/\/www.digipalla.com\/wp-content\/uploads\/2024\/01\/content-management-1024x707.png 1024w, https:\/\/www.digipalla.com\/wp-content\/uploads\/2024\/01\/content-management-300x207.png 300w, https:\/\/www.digipalla.com\/wp-content\/uploads\/2024\/01\/content-management-768x530.png 768w, https:\/\/www.digipalla.com\/wp-content\/uploads\/2024\/01\/content-management-1536x1060.png 1536w, https:\/\/www.digipalla.com\/wp-content\/uploads\/2024\/01\/content-management-600x414.png 600w, https:\/\/www.digipalla.com\/wp-content\/uploads\/2024\/01\/content-management.png 1565w\" sizes=\"auto, (max-width: 1024px) 100vw, 1024px\" \/><\/figure>\n\n\n\n<p>Un CMS s\u00f3lido impulsa operaciones de contenido impactantes de un extremo a otro.<\/p>\n\n\n\n<h2 class=\"wp-block-heading\">Estrategia de contenidos<\/h2>\n\n\n\n<p>Las agencias de redacci\u00f3n de contenido colaboran con los clientes para formular estrategias de contenido respaldadas por datos alineadas con los objetivos comerciales y de marketing generales. <\/p>\n\n\n\n<p>La lluvia de ideas inicial identifica grupos de audiencia y sus intereses clave, preguntas, formatos preferidos y h\u00e1bitos de consumo de medios. <\/p>\n\n\n\n<p>El an\u00e1lisis de la competencia filtra temas con contenido sobresaturado. <\/p>\n\n\n\n<p>Los equipos definen temas generales y temas mensuales basados en palabras clave objetivo que atraen grandes vol\u00famenes de b\u00fasqueda y tienen un potencial de compra rico en intenciones. <\/p>\n\n\n\n<p>La selecci\u00f3n de plataformas equilibra los canales propios, ganados y pagos en sitios web, redes sociales y distribuci\u00f3n. <\/p>\n\n\n\n<figure class=\"wp-block-image size-large\"><img loading=\"lazy\" decoding=\"async\" width=\"1024\" height=\"686\" src=\"https:\/\/www.digipalla.com\/wp-content\/uploads\/2024\/01\/content-strategy-1024x686.png\" alt=\"\" class=\"wp-image-107\" srcset=\"https:\/\/www.digipalla.com\/wp-content\/uploads\/2024\/01\/content-strategy-1024x686.png 1024w, https:\/\/www.digipalla.com\/wp-content\/uploads\/2024\/01\/content-strategy-300x201.png 300w, https:\/\/www.digipalla.com\/wp-content\/uploads\/2024\/01\/content-strategy-768x514.png 768w, https:\/\/www.digipalla.com\/wp-content\/uploads\/2024\/01\/content-strategy-1536x1028.png 1536w, https:\/\/www.digipalla.com\/wp-content\/uploads\/2024\/01\/content-strategy-600x402.png 600w, https:\/\/www.digipalla.com\/wp-content\/uploads\/2024\/01\/content-strategy.png 1613w\" sizes=\"auto, (max-width: 1024px) 100vw, 1024px\" \/><\/figure>\n\n\n\n<p>La programaci\u00f3n de contenido describe m\u00faltiples formatos en todos los temas para planes de 6 a 12 meses destinados a fomentar los clientes potenciales. <\/p>\n\n\n\n<p>Las estrategias tambi\u00e9n definen m\u00e9tricas de \u00e9xito cruciales y ROI para una visibilidad \u00f3ptima, crecimiento del tr\u00e1fico, conversiones y autoridad de marca reforzada.<\/p>\n\n\n\n<h2 class=\"wp-block-heading\">Creaci\u00f3n de contenido<\/h2>\n\n\n\n<p>DigiPalla cumple con estrictas <strong>flujos de trabajo de creaci\u00f3n de contenido<\/strong> dirigido por un estratega de contenido asignado que coordina con los clientes para enmarcar las expectativas antes de incorporar escritores especializados en todas las industrias y formatos. <\/p>\n\n\n\n<p>Los escritores realizan investigaciones exhaustivas a trav\u00e9s de los datos m\u00e1s recientes de la industria, entrevistas y recursos en l\u00ednea para desarrollar narrativas perspicaces, narraciones fluidas y un liderazgo intelectual impactante, empaquetados de manera atractiva en blogs, art\u00edculos, documentos t\u00e9cnicos, estudios de casos, etc. <\/p>\n\n\n\n<p>El contenido avanza a trav\u00e9s de revisiones iterativas antes de la publicaci\u00f3n final. <\/p>\n\n\n\n<p>Los equipos optimizan a\u00fan m\u00e1s el contenido para la visibilidad de b\u00fasqueda a trav\u00e9s de la optimizaci\u00f3n de metadatos, t\u00edtulos\/res\u00famenes atractivos, enlaces y uso compartido. <\/p>\n\n\n\n<p>Los activos publicados se convierten en centros de informaci\u00f3n en los que se puede hacer clic y compartir, que reflejan la experiencia de la marca y est\u00e1n dise\u00f1ados para atraer, informar e influir en las decisiones de los compradores.<\/p>\n\n\n\n<h3 class=\"wp-block-heading\">Nichos que ofrecemos<\/h3>\n\n\n\n<p>La selecci\u00f3n de un nicho de contenido claro centra su blog o sitio web en audiencias objetivo espec\u00edficas, lo que permite una exploraci\u00f3n m\u00e1s profunda de temas relevantes para sus intereses y preguntas. <\/p>\n\n\n\n<p>El conocimiento especializado y la producci\u00f3n concentrada de contenido en un \u00e1rea bien definida establecen un liderazgo intelectual y confianza en la comunidad. <\/p>\n\n\n\n<p>Esto atrae a visitantes que buscan experiencia, lo que en \u00faltima instancia impulsa un crecimiento sostenido en el tr\u00e1fico org\u00e1nico, la generaci\u00f3n de clientes potenciales y los ingresos a trav\u00e9s de enlaces de afiliados contextuales, membres\u00edas premium o ventas de productos relacionados.<\/p>\n\n\n\n<p><strong>tecnolog\u00eda<\/strong> \u2013 Tutoriales de tecnolog\u00eda de expertos y contenido de noticias en an\u00e1lisis en profundidad de m\u00e1s de 1000 palabras sobre innovaciones, dispositivos, soluciones y tendencias de la industria escritos por periodistas especializados en tecnolog\u00eda.<\/p>\n\n\n\n<p><strong>Salud<\/strong> \u2013 Art\u00edculos de consejos de salud de 500 palabras basados en evidencia que exploran condiciones m\u00e9dicas, tratamientos, bienestar y nutrici\u00f3n, escritos por profesionales de la salud.<\/p>\n\n\n\n<p><strong>Ingenier\u00eda<\/strong> \u2013 Documentos t\u00e9cnicos de ingenier\u00eda de m\u00e1s de 2000 palabras altamente investigados por consultores de proyectos t\u00e9cnicos que cubren procesos industriales, estudios de casos y aplicaciones pr\u00e1cticas.<\/p>\n\n\n\n<p><strong>SEO<\/strong> \u2013 Gu\u00edas t\u00e1cticas de SEO de 1500 palabras sobre t\u00e9cnicas de optimizaci\u00f3n t\u00e9cnica, algoritmos y estrategias de clasificaci\u00f3n escritas por expertos en marketing certificados.<\/p>\n\n\n\n<p><strong>WordPress<\/strong> \u2013 Tutoriales pr\u00e1cticos de WordPress en 500 palabras centrados en el desarrollo de sitios web, personalizaci\u00f3n, complementos, temas, trucos y resoluci\u00f3n de problemas realizados por desarrolladores experimentados.<\/p>\n\n\n\n<p><strong>Medios de comunicaci\u00f3n social<\/strong> \u2013 Consejos impactantes de 400 palabras sobre redes sociales, publicaciones de blogs y transcripciones de podcasts realizados por especialistas en marketing de redes sociales con experiencia que analizan las \u00faltimas actualizaciones de la plataforma, campa\u00f1as y mejores pr\u00e1cticas.<\/p>\n\n\n\n<p><strong>Cualquier otro nicho<\/strong> \u2013 Tambi\u00e9n escribimos contenido seg\u00fan la solicitud del cliente en otros nichos como moda, finanzas, cuidado personal, etc. Cada nicho tiene tarifas diferentes y se basa en la experiencia. <\/p>","protected":false},"excerpt":{"rendered":"<p>El contenido como servicio (CaaS) permite a las marcas obtener contenido personalizado y de alta calidad de escritores experimentados bajo demanda sin grandes inversiones en recursos internos. DigiPalla ofrece CaaS de extremo a extremo en l\u00ednea con las gu\u00edas de estilo de la marca y los formatos preferidos. La estructura modular permite flexibilidad para encargar contenido que va desde publicaciones de blog hasta libros electr\u00f3nicos elaborados sobre diversos temas. Equipos de expertos en la materia y...<\/p>","protected":false},"author":1,"featured_media":0,"parent":0,"menu_order":0,"comment_status":"closed","ping_status":"closed","template":"","meta":{"_kad_blocks_custom_css":"","_kad_blocks_head_custom_js":"","_kad_blocks_body_custom_js":"","_kad_blocks_footer_custom_js":"","_kad_post_transparent":"","_kad_post_title":"","_kad_post_layout":"","_kad_post_sidebar_id":"","_kad_post_content_style":"","_kad_post_vertical_padding":"","_kad_post_feature":"","_kad_post_feature_position":"","_kad_post_header":false,"_kad_post_footer":false,"footnotes":""},"class_list":["post-74","page","type-page","status-publish","hentry"],"taxonomy_info":[],"featured_image_src_large":false,"author_info":{"display_name":"Digi Palla","author_link":"https:\/\/www.digipalla.com\/es\/author\/venukasri0609\/"},"comment_info":0,"_links":{"self":[{"href":"https:\/\/www.digipalla.com\/es\/wp-json\/wp\/v2\/pages\/74","targetHints":{"allow":["GET"]}}],"collection":[{"href":"https:\/\/www.digipalla.com\/es\/wp-json\/wp\/v2\/pages"}],"about":[{"href":"https:\/\/www.digipalla.com\/es\/wp-json\/wp\/v2\/types\/page"}],"author":[{"embeddable":true,"href":"https:\/\/www.digipalla.com\/es\/wp-json\/wp\/v2\/users\/1"}],"replies":[{"embeddable":true,"href":"https:\/\/www.digipalla.com\/es\/wp-json\/wp\/v2\/comments?post=74"}],"version-history":[{"count":5,"href":"https:\/\/www.digipalla.com\/es\/wp-json\/wp\/v2\/pages\/74\/revisions"}],"predecessor-version":[{"id":108,"href":"https:\/\/www.digipalla.com\/es\/wp-json\/wp\/v2\/pages\/74\/revisions\/108"}],"wp:attachment":[{"href":"https:\/\/www.digipalla.com\/es\/wp-json\/wp\/v2\/media?parent=74"}],"curies":[{"name":"wp","href":"https:\/\/api.w.org\/{rel}","templated":true}]}}