{"id":306,"date":"2024-01-30T09:13:29","date_gmt":"2024-01-30T09:13:29","guid":{"rendered":"https:\/\/www.digipalla.com\/?page_id=306"},"modified":"2024-01-30T09:15:01","modified_gmt":"2024-01-30T09:15:01","slug":"disclaimer","status":"publish","type":"page","link":"https:\/\/www.digipalla.com\/es\/descargo-de-responsabilidad\/","title":{"rendered":"Descargo de responsabilidad - DigiPalla IT Services LLP"},"content":{"rendered":"<p>Esta p\u00e1gina de exenci\u00f3n de responsabilidad y las pol\u00edticas aqu\u00ed contenidas rigen el acceso o uso de los servicios ofrecidos por DigiPalla IT Services LLP (en adelante, &quot;DigiPalla&quot; o &quot;la Compa\u00f1\u00eda&quot;), incluido el sitio web. <a href=\"https:\/\/www.digipalla.com\/es\/\">https:\/\/www.digipalla.com<\/a>, cualquier aplicaci\u00f3n m\u00f3vil o web asociada y subdominios relacionados, adem\u00e1s de los servicios fuera de l\u00ednea.<\/p>\n\n\n\n<p>El sitio web y los servicios de DigiPalla IT Services LLP, una empresa de sociedad de responsabilidad limitada de servicios de TI registrada en la India, se proporcionan sujetos a la aceptaci\u00f3n de todos los t\u00e9rminos y condiciones enumerados en este documento, as\u00ed como de las leyes aplicables, incluida la Ley de tecnolog\u00eda de la informaci\u00f3n de 2000, la Ley de regulaci\u00f3n del trabajo por contrato de 1970 y varias leyes cibern\u00e9ticas indias.<\/p>\n\n\n\n<p>Toda la propiedad intelectual mostrada, incluidas marcas comerciales, contenido de derechos de autor, obras de arte de clientes e informaci\u00f3n confidencial, es propiedad de los respectivos titulares de derechos de propiedad intelectual y se incluye con permiso o bajo estatutos de uso justo. <\/p>\n\n\n\n<h2 class=\"wp-block-heading\">Derechos de propiedad intelectual<\/h2>\n\n\n\n<p>Todo el contenido publicado en los portales de la Compa\u00f1\u00eda, incluidos, entre otros, logotipos, nombres comerciales, marcas comerciales, textos, m\u00f3dulos, audios, videos, dise\u00f1os, gr\u00e1ficos, etc., son propiedad exclusiva de DigiPalla o de terceros que poseen los derechos de autor de los respectivos activos intelectuales. El uso se permite \u00fanicamente para fines legales conforme a los derechos de uso leg\u00edtimo permitidos con los cr\u00e9ditos correspondientes proporcionados a los propietarios de propiedad intelectual.<\/p>\n\n\n\n<p>La utilizaci\u00f3n o distribuci\u00f3n comercial sin obtener la autorizaci\u00f3n expl\u00edcita de los respectivos titulares de derechos de propiedad intelectual constituir\u00e1 una infracci\u00f3n y ser\u00e1 responsable de acciones legales seg\u00fan las leyes de derechos de autor de la India y otras leyes cibern\u00e9ticas que abogan por tratos justos en el inter\u00e9s p\u00fablico general.<\/p>\n\n\n\n<h2 class=\"wp-block-heading\">Confidencialidad<\/h2>\n\n\n\n<h3 class=\"wp-block-heading\">Usuarios que se registran en el Sitio Web:<\/h3>\n\n\n\n<p>Todos los documentos e informaci\u00f3n enviados a DigiPalla durante los ciclos de vida de prestaci\u00f3n de servicios por parte de clientes y usuarios que se registran en el sitio web se rigen por nuestra Pol\u00edtica de Privacidad, que garantiza salvaguardias esenciales de protecci\u00f3n de datos en torno a la recopilaci\u00f3n, el procesamiento, el almacenamiento y el intercambio de detalles. Seguimos las mejores pr\u00e1cticas y utilizamos controles de seguridad para evitar el acceso no autorizado, pero no podemos garantizar la seguridad completa de los datos contra todos los riesgos posibles, como interrupciones del servidor e intentos de pirater\u00eda sofisticados debido a las complejidades inherentes a las plataformas en l\u00ednea.<\/p>\n\n\n\n<h3 class=\"wp-block-heading\">Empleados y proveedores:<\/h3>\n\n\n\n<p>Todos los directores, empleados y proveedores o socios externos de DigiPalla que puedan acceder a datos confidenciales sobre clientes, productos u operaciones comerciales en virtud de sus funciones est\u00e1n sujetos a acuerdos de confidencialidad y aceptan seguir protocolos \u00e9ticos que se abstienen de divulgar los materiales aprendidos durante su compromiso con terceros sin el consentimiento necesario, incluso despu\u00e9s de la terminaci\u00f3n del contrato. Los permisos de acceso interno tambi\u00e9n protegen las fugas de datos cr\u00edticos.<\/p>\n\n\n\n<h3 class=\"wp-block-heading\">Recomendaciones de DigiPalla<\/h3>\n\n\n\n<p>Las opiniones, declaraciones, rese\u00f1as, orientaciones o referencias que se muestran en propiedades web que enlazan con sitios externos o proveedores de servicios externos tienen fines informativos generales \u00fanicamente para ofrecer a los lectores m\u00e1s recursos sobre temas relacionados. No constituyen respaldos ni validaciones de precisi\u00f3n ni cumplimiento de las leyes locales. Los lectores asumen toda la responsabilidad que surja del uso de recursos de terceros o del seguimiento de recomendaciones que mencionen marcas. DigiPalla no asume ninguna responsabilidad por imprecisiones, derechos de autor o problemas de legalidad en otros sitios que est\u00e9n fuera de nuestro control. Los visitantes deben validar todas las afirmaciones mediante investigaciones y an\u00e1lisis independientes que alineen el uso con las regulaciones industriales aplicables.<\/p>\n\n\n\n<h3 class=\"wp-block-heading\">Transacciones financieras<\/h3>\n\n\n\n<p>DigiPalla utiliza pasarelas de pago autorizadas y socios comerciales para aceptar pagos de productos o servicios proporcionados que se muestran en l\u00ednea en todas las plataformas. Todas las transacciones cumplen con los t\u00e9rminos, condiciones y declaraciones de privacidad est\u00e1ndar de los respectivos procesadores de pagos que administran flujos de datos seguros y cumplen con el cumplimiento necesario en torno a las transferencias electr\u00f3nicas. Sin embargo, DigiPalla no puede garantizar una seguridad absoluta contra amenazas en l\u00ednea como pirater\u00eda inform\u00e1tica o fraude mediante representaciones falsas, similares a las limitaciones que enfrentan todas las empresas en l\u00ednea a pesar de adoptar las mejores pr\u00e1cticas. Al iniciar transacciones de forma voluntaria, los clientes aceptan no responsabilizar a la Compa\u00f1\u00eda por ninguna p\u00e9rdida monetaria que surja del uso de los servicios facilitados por los procesadores de pagos asociados. Los reembolsos se regir\u00e1n por las pol\u00edticas comerciales indicadas. Los usuarios deben informar las transacciones no identificadas con prontitud para iniciar investigaciones correctivas.<\/p>\n\n\n\n<h3 class=\"wp-block-heading\">Hiperv\u00ednculos a otros sitios<\/h3>\n\n\n\n<p>Para ofrecer una experiencia de contenido m\u00e1s rica, nuestros art\u00edculos o secciones proporcionan enlaces de referencia que dirigen a los usuarios a sitios web externos no operados por DigiPalla. El contenido mostrado en estas plataformas permanece fuera de nuestro control directo. No respaldamos expresamente la correcci\u00f3n, los est\u00e1ndares \u00e9ticos o la validez legal de los materiales alojados en portales de terceros. Los visitantes deben investigar a fondo y utilizar su discreci\u00f3n personal en funci\u00f3n de los contextos individuales en torno a los consejos o representaciones que se muestran externamente antes de tomar otras medidas. DigiPalla queda excluida de cualquier da\u00f1o temporal o permanente que surja de la confianza en detalles presentes en sitios externos o de cualquier consecuencia sufrida, monetaria o de otro tipo, en funci\u00f3n de dicha informaci\u00f3n.<\/p>\n\n\n\n<h3 class=\"wp-block-heading\">Limitaci\u00f3n de responsabilidad<\/h3>\n\n\n\n<p>En la m\u00e1xima medida permitida por la ley, DigiPalla no asumir\u00e1 ninguna responsabilidad, incluidas fallas en el servicio causadas por interrupciones t\u00e9cnicas, p\u00e9rdidas comerciales derivadas de retrasos, acciones tomadas dependiendo de las sugerencias o recomendaciones mostradas, incumplimiento de las regulaciones locales con repercusiones, problemas de derechos de autor con derechos compartidos. medios o incluso deficiencias presentes en la calidad de los servicios entregables, m\u00e1s all\u00e1 del reembolso de las tarifas pagadas para recibir dichos servicios deficientes, seg\u00fan corresponda, de acuerdo con las pautas internas de garant\u00eda de calidad.<\/p>\n\n\n\n<p>Por lo tanto, nuestra responsabilidad por da\u00f1os directos o indirectos queda expresamente limitada \u00fanicamente al reembolso de los pagos cobrados si los entregables del contrato se consideraran insatisfactorios seg\u00fan los acuerdos documentados. La responsabilidad m\u00e1xima total tampoco exceder\u00e1 el valor del contrato. Los usuarios renuncian a sus derechos de reclamar otros da\u00f1os como p\u00e9rdida de oportunidades comerciales, ingresos, pedidos, etc., citando su confianza en los servicios o contenidos del Portal.<\/p>\n\n\n\n<h2 class=\"wp-block-heading\">General<\/h2>\n\n\n\n<p>Las representaciones de productos, los requisitos o los precios que se muestran en l\u00ednea pueden modificarse peri\u00f3dicamente debido a las actualizaciones realizadas por los respectivos socios o propietarios y es posible que no siempre reflejen la precisi\u00f3n en tiempo real. Al suscribirse o comprar servicios a trav\u00e9s de cualquier modo, ya sea en l\u00ednea o f\u00edsico, los usuarios cumplen y aceptan cumplir con los \u00faltimos t\u00e9rminos comerciales aplicables sin la necesidad de firmar nuevos acuerdos legales cada vez para el acceso continuo al servicio que refleje dichos cambios. Los t\u00e9rminos vigentes reemplazar\u00e1n a los anteriores para los clientes que regresan.<\/p>\n\n\n\n<p>Este descargo de responsabilidad se actualiz\u00f3 por \u00faltima vez para cumplir con los requisitos de cumplimiento el 15 de febrero de 2024. Conservamos el derecho de publicar revisiones de todas las cl\u00e1usulas en cualquier momento sin previo aviso. Se solicita a los usuarios que revisen las \u00faltimas exenciones de responsabilidad antes de cada nueva compra o activaci\u00f3n de suscripci\u00f3n para conocer las pr\u00e1cticas de datos actualizadas, las normas de uso aceptables y otros detalles que rigen el acceso a las ofertas mostradas por DigiPalla IT Services LLP.<\/p>","protected":false},"excerpt":{"rendered":"<p>Esta p\u00e1gina de exenci\u00f3n de responsabilidad y las pol\u00edticas aqu\u00ed contenidas rigen el acceso o uso de los servicios ofrecidos por DigiPalla IT Services LLP (en adelante, &quot;DigiPalla&quot; o &quot;la Compa\u00f1\u00eda&quot;), incluido el sitio web https:\/\/www.digipalla.com, cualquier sitio web asociado. aplicaciones m\u00f3viles o basadas en web y subdominios relacionados, adem\u00e1s de servicios fuera de l\u00ednea. El sitio web y los servicios de DigiPalla IT Services\u2026<\/p>","protected":false},"author":1,"featured_media":0,"parent":0,"menu_order":0,"comment_status":"closed","ping_status":"closed","template":"","meta":{"_kad_blocks_custom_css":"","_kad_blocks_head_custom_js":"","_kad_blocks_body_custom_js":"","_kad_blocks_footer_custom_js":"","_kad_post_transparent":"","_kad_post_title":"","_kad_post_layout":"","_kad_post_sidebar_id":"","_kad_post_content_style":"","_kad_post_vertical_padding":"","_kad_post_feature":"","_kad_post_feature_position":"","_kad_post_header":false,"_kad_post_footer":false,"footnotes":""},"class_list":["post-306","page","type-page","status-publish","hentry"],"taxonomy_info":[],"featured_image_src_large":false,"author_info":{"display_name":"Digi Palla","author_link":"https:\/\/www.digipalla.com\/es\/author\/venukasri0609\/"},"comment_info":0,"_links":{"self":[{"href":"https:\/\/www.digipalla.com\/es\/wp-json\/wp\/v2\/pages\/306","targetHints":{"allow":["GET"]}}],"collection":[{"href":"https:\/\/www.digipalla.com\/es\/wp-json\/wp\/v2\/pages"}],"about":[{"href":"https:\/\/www.digipalla.com\/es\/wp-json\/wp\/v2\/types\/page"}],"author":[{"embeddable":true,"href":"https:\/\/www.digipalla.com\/es\/wp-json\/wp\/v2\/users\/1"}],"replies":[{"embeddable":true,"href":"https:\/\/www.digipalla.com\/es\/wp-json\/wp\/v2\/comments?post=306"}],"version-history":[{"count":5,"href":"https:\/\/www.digipalla.com\/es\/wp-json\/wp\/v2\/pages\/306\/revisions"}],"predecessor-version":[{"id":313,"href":"https:\/\/www.digipalla.com\/es\/wp-json\/wp\/v2\/pages\/306\/revisions\/313"}],"wp:attachment":[{"href":"https:\/\/www.digipalla.com\/es\/wp-json\/wp\/v2\/media?parent=306"}],"curies":[{"name":"wp","href":"https:\/\/api.w.org\/{rel}","templated":true}]}}