{"id":247,"date":"2024-01-30T06:51:43","date_gmt":"2024-01-30T06:51:43","guid":{"rendered":"https:\/\/www.digipalla.com\/?page_id=247"},"modified":"2024-01-30T06:51:43","modified_gmt":"2024-01-30T06:51:43","slug":"tutors-and-courses","status":"publish","type":"page","link":"https:\/\/www.digipalla.com\/es\/educacion\/tutores-y-cursos\/","title":{"rendered":"Tutores y cursos"},"content":{"rendered":"<div class=\"wp-block-group has-background\" style=\"background:linear-gradient(135deg,rgba(255,207,236,0.68) 0%,rgba(150,149,240,0.28) 100%)\"><div class=\"wp-block-group__inner-container is-layout-constrained wp-block-group-is-layout-constrained\">\n<p>La mayor\u00eda de nuestros estudiantes de secundaria y graduados necesitan una formaci\u00f3n adecuada en cursos educativos para ex\u00e1menes y redacci\u00f3n de escenarios competitivos. En todos estos casos, necesitamos un excelente tutor que pueda atender los niveles intelectuales y emocionales de los estudiantes. <\/p>\n\n\n\n<p>Para el escenario indio, los ex\u00e1menes como JEE, NEET, UPSC, GATE, etc. requieren una preparaci\u00f3n exhaustiva en muy poco tiempo y notas correctas. La mayor\u00eda de estos ex\u00e1menes son de tipo MCQ, que requieren expertos en la materia y tambi\u00e9n en el contenido. <\/p>\n\n\n\n<p>Ofrecemos los cursos adecuados para que los escolares satisfagan sus demandas de Olimpiadas, ex\u00e1menes estatales y muchos otros programas especializados. Estos ayudar\u00e1n al ni\u00f1o a aprender a su propio ritmo a un precio muy reducido. <\/p>\n\n\n\n<p>Adem\u00e1s contamos con un excelente grupo de tutores. Podemos proporcionar tutor\u00edas individuales o de 1 a 30 estudiantes, en l\u00ednea, para que pueda comunicarse con excelentes profesores calificados en cualquier parte del mundo. <\/p>\n<\/div><\/div>\n\n\n\n<div class=\"wp-block-buttons has-custom-font-size has-medium-font-size is-content-justification-center is-layout-flex wp-container-core-buttons-is-layout-1 wp-block-buttons-is-layout-flex\">\n<div class=\"wp-block-button\"><a class=\"wp-block-button__link has-text-align-center wp-element-button\" rel=\"nofollow\"><strong>CONTACTAR PARA COTIZAR<\/strong><\/a><\/div>\n<\/div>\n\n\n\n<p><\/p>","protected":false},"excerpt":{"rendered":"<p>La mayor\u00eda de nuestros estudiantes de secundaria y graduados necesitan una formaci\u00f3n adecuada en cursos educativos para los ex\u00e1menes y la redacci\u00f3n de escenarios competitivos. En todos estos casos, necesitamos un excelente tutor que pueda atender la inteligencia y el nivel emocional de los estudiantes. En el caso de la India, ex\u00e1menes como JEE, NEET, UPSC, GATE, etc., requieren una preparaci\u00f3n exhaustiva en muy poco tiempo.<\/p>","protected":false},"author":1,"featured_media":0,"parent":82,"menu_order":0,"comment_status":"closed","ping_status":"closed","template":"","meta":{"_kad_blocks_custom_css":"","_kad_blocks_head_custom_js":"","_kad_blocks_body_custom_js":"","_kad_blocks_footer_custom_js":"","_kad_post_transparent":"","_kad_post_title":"","_kad_post_layout":"normal","_kad_post_sidebar_id":"","_kad_post_content_style":"","_kad_post_vertical_padding":"","_kad_post_feature":"","_kad_post_feature_position":"","_kad_post_header":false,"_kad_post_footer":false,"footnotes":""},"class_list":["post-247","page","type-page","status-publish","hentry"],"taxonomy_info":[],"featured_image_src_large":false,"author_info":{"display_name":"Digi Palla","author_link":"https:\/\/www.digipalla.com\/es\/author\/venukasri0609\/"},"comment_info":0,"_links":{"self":[{"href":"https:\/\/www.digipalla.com\/es\/wp-json\/wp\/v2\/pages\/247","targetHints":{"allow":["GET"]}}],"collection":[{"href":"https:\/\/www.digipalla.com\/es\/wp-json\/wp\/v2\/pages"}],"about":[{"href":"https:\/\/www.digipalla.com\/es\/wp-json\/wp\/v2\/types\/page"}],"author":[{"embeddable":true,"href":"https:\/\/www.digipalla.com\/es\/wp-json\/wp\/v2\/users\/1"}],"replies":[{"embeddable":true,"href":"https:\/\/www.digipalla.com\/es\/wp-json\/wp\/v2\/comments?post=247"}],"version-history":[{"count":2,"href":"https:\/\/www.digipalla.com\/es\/wp-json\/wp\/v2\/pages\/247\/revisions"}],"predecessor-version":[{"id":303,"href":"https:\/\/www.digipalla.com\/es\/wp-json\/wp\/v2\/pages\/247\/revisions\/303"}],"up":[{"embeddable":true,"href":"https:\/\/www.digipalla.com\/es\/wp-json\/wp\/v2\/pages\/82"}],"wp:attachment":[{"href":"https:\/\/www.digipalla.com\/es\/wp-json\/wp\/v2\/media?parent=247"}],"curies":[{"name":"wp","href":"https:\/\/api.w.org\/{rel}","templated":true}]}}