{"id":245,"date":"2024-01-31T08:05:30","date_gmt":"2024-01-31T08:05:30","guid":{"rendered":"https:\/\/www.digipalla.com\/?page_id=245"},"modified":"2024-01-31T08:05:30","modified_gmt":"2024-01-31T08:05:30","slug":"service-applications","status":"publish","type":"page","link":"https:\/\/www.digipalla.com\/es\/saas\/aplicaciones-de-servicio\/","title":{"rendered":"Aplicaciones de servicio"},"content":{"rendered":"<div class=\"wp-block-group has-background\" style=\"background:linear-gradient(135deg,rgba(252,185,0,0.57) 0%,rgba(255,106,0,0.28) 100%)\"><div class=\"wp-block-group__inner-container is-layout-constrained wp-block-group-is-layout-constrained\">\n<p>Desde Windows hasta Apple y con ChatGPT actual, necesitamos diferentes aplicaciones de software que brinden servicios B2B, B2C, D2C. La mayor\u00eda de ellos pueden generar ingresos basados en modelos de suscripci\u00f3n y brindar servicios para generar valor de marca. <\/p>\n\n\n\n<div class=\"wp-block-buttons has-custom-font-size has-medium-font-size is-content-justification-center is-layout-flex wp-container-core-buttons-is-layout-1 wp-block-buttons-is-layout-flex\">\n<div class=\"wp-block-button\"><a class=\"wp-block-button__link has-text-align-center wp-element-button\" rel=\"nofollow\"><strong>CONTACTAR PARA COTIZAR<\/strong><\/a><\/div>\n<\/div>\n\n\n\n<p>En DigiPalla contamos con m\u00e1s de 10 excelentes equipos de SaaS (software como servicio) que brindan diferentes aplicaciones de servicio. Incluye la aplicaci\u00f3n de Educaci\u00f3n e Ingenier\u00eda para aplicaciones de Android. Desarrollamos el front-end y back-end para atender las necesidades del servicio de la aplicaci\u00f3n y los requisitos del cliente. <\/p>\n\n\n\n<p>Las aplicaciones m\u00e1s simples como Byju&#039;s, Unacademy, Fiverr, etc. se pueden crear para proporcionar servicios SaaS. Adem\u00e1s, creamos calculadoras y aplicaciones de ingenier\u00eda civil para Windows y aplicaciones para Android. Al igual que SAP, ETabs, Revit, Plaxis, SDAD en ingenier\u00eda civil, AutoCAD en dibujo, etc., podemos desarrollar peque\u00f1as aplicaciones de algunas de sus funciones seg\u00fan solicitud. <\/p>\n\n\n\n<p>En 2024, veremos la transformaci\u00f3n digital hacia el mundo de la IA. En DigiPalla no nos quedamos atr\u00e1s y ofrecemos IA, extensiones ChatGPT, servicios de IA, chatbots de IA, etc. para fomentar el entorno existente e implementarlos en las tecnolog\u00edas existentes. <\/p>\n\n\n\n<div class=\"wp-block-buttons has-custom-font-size has-medium-font-size is-content-justification-center is-layout-flex wp-container-core-buttons-is-layout-2 wp-block-buttons-is-layout-flex\">\n<div class=\"wp-block-button\"><a class=\"wp-block-button__link has-text-align-center wp-element-button\" rel=\"nofollow\"><strong>CONTACTAR PARA COTIZAR<\/strong><\/a><\/div>\n<\/div>\n<\/div><\/div>","protected":false},"excerpt":{"rendered":"<p>Desde Windows hasta Apple y con ChatGPT actual, necesitamos diferentes aplicaciones de software que brinden servicios B2B, B2C, D2C. La mayor\u00eda de ellos pueden generar ingresos basados en modelos de suscripci\u00f3n y brindar servicios para generar valor de marca. En DigiPalla contamos con m\u00e1s de 10 excelentes equipos de SaaS (software como servicio) que brindan diferentes aplicaciones de servicio\u2026.<\/p>","protected":false},"author":1,"featured_media":0,"parent":76,"menu_order":0,"comment_status":"closed","ping_status":"closed","template":"","meta":{"_kad_blocks_custom_css":"","_kad_blocks_head_custom_js":"","_kad_blocks_body_custom_js":"","_kad_blocks_footer_custom_js":"","_kad_post_transparent":"","_kad_post_title":"","_kad_post_layout":"normal","_kad_post_sidebar_id":"","_kad_post_content_style":"","_kad_post_vertical_padding":"","_kad_post_feature":"","_kad_post_feature_position":"","_kad_post_header":false,"_kad_post_footer":false,"footnotes":""},"class_list":["post-245","page","type-page","status-publish","hentry"],"taxonomy_info":[],"featured_image_src_large":false,"author_info":{"display_name":"Digi Palla","author_link":"https:\/\/www.digipalla.com\/es\/author\/venukasri0609\/"},"comment_info":0,"_links":{"self":[{"href":"https:\/\/www.digipalla.com\/es\/wp-json\/wp\/v2\/pages\/245","targetHints":{"allow":["GET"]}}],"collection":[{"href":"https:\/\/www.digipalla.com\/es\/wp-json\/wp\/v2\/pages"}],"about":[{"href":"https:\/\/www.digipalla.com\/es\/wp-json\/wp\/v2\/types\/page"}],"author":[{"embeddable":true,"href":"https:\/\/www.digipalla.com\/es\/wp-json\/wp\/v2\/users\/1"}],"replies":[{"embeddable":true,"href":"https:\/\/www.digipalla.com\/es\/wp-json\/wp\/v2\/comments?post=245"}],"version-history":[{"count":1,"href":"https:\/\/www.digipalla.com\/es\/wp-json\/wp\/v2\/pages\/245\/revisions"}],"predecessor-version":[{"id":246,"href":"https:\/\/www.digipalla.com\/es\/wp-json\/wp\/v2\/pages\/245\/revisions\/246"}],"up":[{"embeddable":true,"href":"https:\/\/www.digipalla.com\/es\/wp-json\/wp\/v2\/pages\/76"}],"wp:attachment":[{"href":"https:\/\/www.digipalla.com\/es\/wp-json\/wp\/v2\/media?parent=245"}],"curies":[{"name":"wp","href":"https:\/\/api.w.org\/{rel}","templated":true}]}}