{"id":239,"date":"2024-01-31T08:06:05","date_gmt":"2024-01-31T08:06:05","guid":{"rendered":"https:\/\/www.digipalla.com\/?page_id=239"},"modified":"2024-01-31T08:06:06","modified_gmt":"2024-01-31T08:06:06","slug":"earn-money-online-and-improve-google-ranking","status":"publish","type":"page","link":"https:\/\/www.digipalla.com\/es\/seo\/gana-dinero-online-y-mejora-el-ranking-en-google\/","title":{"rendered":"Gane dinero en l\u00ednea y mejore la clasificaci\u00f3n de Google"},"content":{"rendered":"<div class=\"wp-block-group has-background\" style=\"background:linear-gradient(135deg,rgb(255,206,236) 0%,rgba(150,149,240,0.28) 100%)\"><div class=\"wp-block-group__inner-container is-layout-constrained wp-block-group-is-layout-constrained\">\n<p>La mejor parte para alojar sitios web y crear contenido es ganar dinero a trav\u00e9s de diversos medios. Ya sea que sea un blog\/comercio electr\u00f3nico\/sitio profesional, puede ganar dinero a trav\u00e9s de anuncios, creaci\u00f3n de marca, env\u00edo directo y marketing de afiliaci\u00f3n. <\/p>\n\n\n\n<p>Si se trata de un blog, puede ganar dinero con servicios como Adsense, Ezine, Mediavine, etc. y marketing de afiliaci\u00f3n como Amazon, ShareASale, CJ Affiliate, publicidad de Rakuten, etc. Los ingresos t\u00edpicos var\u00edan seg\u00fan la cantidad de visitantes y el tipo de tr\u00e1fico del pa\u00eds. <\/p>\n\n\n\n<p>Si recibe alrededor de 30.000 sesiones de EE. UU., Reino Unido, Canad\u00e1, Australia, Europa, etc., pa\u00edses de habla inglesa nativa, puede obtener unas RPM de $25 a $40. es decir, puede ganar f\u00e1cilmente entre $7k y $12k por mes bas\u00e1ndose en el tr\u00e1fico org\u00e1nico y gastando muy poco. <\/p>\n\n\n\n<p>Si el tr\u00e1fico proviene de pa\u00edses en desarrollo como India, Bangladesh, Pakist\u00e1n, Filipinas, etc., las RPM rondar\u00e1n entre $5 y $15. Estas estad\u00edsticas se basan en nuestra propia experiencia y hemos logrado dichos objetivos en los \u00faltimos 15 a\u00f1os. <\/p>\n\n\n\n<p>Mediante el marketing de afiliaci\u00f3n, puede realizar ventas de diferentes productos en Amazon y otros sitios afiliados y ganar comisiones de 4% a 50% por cada venta. Incluso en la \u00faltima tendencia de 2024, los influencers de Instagram pueden interactuar con las marcas para obtener una cantidad decente de dinero. <\/p>\n\n\n\n<p>En DigiPalla utilizaremos nuestra experiencia en SEO\/PPC con la ayuda de nuestro equipo de m\u00e1s de 5 expertos para obtener buenos resultados en el tr\u00e1fico org\u00e1nico y de redes sociales. Sus palabras clave se clasificar\u00e1n en la primera p\u00e1gina e incluso en #1 para algunos resultados. Realizamos diferentes servicios para nuestras campa\u00f1as de SEO que incluyen lo siguiente. <\/p>\n\n\n<style>.wp-block-kadence-iconlist.kt-svg-icon-list-items239_98a17f-e7:not(.this-stops-third-party-issues){margin-top:0px;margin-bottom:0px;}.wp-block-kadence-iconlist.kt-svg-icon-list-items239_98a17f-e7 ul.kt-svg-icon-list:not(.this-prevents-issues):not(.this-stops-third-party-issues):not(.tijsloc){margin-top:0px;margin-right:0px;margin-bottom:var(--global-kb-spacing-sm, 1.5rem);margin-left:0px;}.wp-block-kadence-iconlist.kt-svg-icon-list-items239_98a17f-e7 ul.kt-svg-icon-list{grid-row-gap:5px;}.wp-block-kadence-iconlist.kt-svg-icon-list-items239_98a17f-e7 ul.kt-svg-icon-list .kt-svg-icon-list-item-wrap .kt-svg-icon-list-single{margin-right:10px;}.kt-svg-icon-list-items239_98a17f-e7 ul.kt-svg-icon-list .kt-svg-icon-list-item-wrap, .kt-svg-icon-list-items239_98a17f-e7 ul.kt-svg-icon-list .kt-svg-icon-list-item-wrap a{font-size:var(--global-kb-font-size-md, 1.25rem);font-weight:bold;}.kt-svg-icon-list-items239_98a17f-e7 ul.kt-svg-icon-list .kt-svg-icon-list-level-0 .kt-svg-icon-list-single svg{font-size:20px;}<\/style>\n<div class=\"wp-block-kadence-iconlist kt-svg-icon-list-items kt-svg-icon-list-items239_98a17f-e7 kt-svg-icon-list-columns-1 alignnone\"><ul class=\"kt-svg-icon-list\">\n<li class=\"wp-block-kadence-listitem kt-svg-icon-list-item-wrap kt-svg-icon-list-item-239_884dfa-8f\"><span class=\"kb-svg-icon-wrap kb-svg-icon-fe_checkCircle kt-svg-icon-list-single\"><svg viewbox=\"0 0 24 24\"  fill=\"none\" stroke=\"currentColor\" stroke-width=\"2\" stroke-linecap=\"round\" stroke-linejoin=\"round\" xmlns=\"http:\/\/www.w3.org\/2000\/svg\"  aria-hidden=\"true\"><path d=\"M22 11.08V12a10 10 0 1 1-5.93-9.14\"\/><polyline points=\"22 4 12 14.01 9 11.01\"\/><\/svg><\/span><span class=\"kt-svg-icon-list-text\">Encontrar un nicho<\/span><\/li>\n\n\n\n<li class=\"wp-block-kadence-listitem kt-svg-icon-list-item-wrap kt-svg-icon-list-item-239_f68185-74\"><span class=\"kb-svg-icon-wrap kb-svg-icon-fe_checkCircle kt-svg-icon-list-single\"><svg viewbox=\"0 0 24 24\"  fill=\"none\" stroke=\"currentColor\" stroke-width=\"2\" stroke-linecap=\"round\" stroke-linejoin=\"round\" xmlns=\"http:\/\/www.w3.org\/2000\/svg\"  aria-hidden=\"true\"><path d=\"M22 11.08V12a10 10 0 1 1-5.93-9.14\"\/><polyline points=\"22 4 12 14.01 9 11.01\"\/><\/svg><\/span><span class=\"kt-svg-icon-list-text\">Buscar grupos de temas<\/span><\/li>\n\n\n\n<li class=\"wp-block-kadence-listitem kt-svg-icon-list-item-wrap kt-svg-icon-list-item-239_769795-39\"><span class=\"kb-svg-icon-wrap kb-svg-icon-fe_checkCircle kt-svg-icon-list-single\"><svg viewbox=\"0 0 24 24\"  fill=\"none\" stroke=\"currentColor\" stroke-width=\"2\" stroke-linecap=\"round\" stroke-linejoin=\"round\" xmlns=\"http:\/\/www.w3.org\/2000\/svg\"  aria-hidden=\"true\"><path d=\"M22 11.08V12a10 10 0 1 1-5.93-9.14\"\/><polyline points=\"22 4 12 14.01 9 11.01\"\/><\/svg><\/span><span class=\"kt-svg-icon-list-text\">Hacer una investigaci\u00f3n de palabras clave<\/span><\/li>\n\n\n\n<li class=\"wp-block-kadence-listitem kt-svg-icon-list-item-wrap kt-svg-icon-list-item-239_67dc6b-3f\"><span class=\"kb-svg-icon-wrap kb-svg-icon-fe_checkCircle kt-svg-icon-list-single\"><svg viewbox=\"0 0 24 24\"  fill=\"none\" stroke=\"currentColor\" stroke-width=\"2\" stroke-linecap=\"round\" stroke-linejoin=\"round\" xmlns=\"http:\/\/www.w3.org\/2000\/svg\"  aria-hidden=\"true\"><path d=\"M22 11.08V12a10 10 0 1 1-5.93-9.14\"\/><polyline points=\"22 4 12 14.01 9 11.01\"\/><\/svg><\/span><span class=\"kt-svg-icon-list-text\">Optimizaci\u00f3n de la p\u00e1gina en el sitio<\/span><\/li>\n\n\n\n<li class=\"wp-block-kadence-listitem kt-svg-icon-list-item-wrap kt-svg-icon-list-item-239_914515-57\"><span class=\"kb-svg-icon-wrap kb-svg-icon-fe_checkCircle kt-svg-icon-list-single\"><svg viewbox=\"0 0 24 24\"  fill=\"none\" stroke=\"currentColor\" stroke-width=\"2\" stroke-linecap=\"round\" stroke-linejoin=\"round\" xmlns=\"http:\/\/www.w3.org\/2000\/svg\"  aria-hidden=\"true\"><path d=\"M22 11.08V12a10 10 0 1 1-5.93-9.14\"\/><polyline points=\"22 4 12 14.01 9 11.01\"\/><\/svg><\/span><span class=\"kt-svg-icon-list-text\">Optimizaci\u00f3n de p\u00e1ginas fuera del sitio<\/span><\/li>\n\n\n\n<li class=\"wp-block-kadence-listitem kt-svg-icon-list-item-wrap kt-svg-icon-list-item-239_ff09b2-83\"><span class=\"kb-svg-icon-wrap kb-svg-icon-fe_checkCircle kt-svg-icon-list-single\"><svg viewbox=\"0 0 24 24\"  fill=\"none\" stroke=\"currentColor\" stroke-width=\"2\" stroke-linecap=\"round\" stroke-linejoin=\"round\" xmlns=\"http:\/\/www.w3.org\/2000\/svg\"  aria-hidden=\"true\"><path d=\"M22 11.08V12a10 10 0 1 1-5.93-9.14\"\/><polyline points=\"22 4 12 14.01 9 11.01\"\/><\/svg><\/span><span class=\"kt-svg-icon-list-text\">Encuentre palabras clave sem\u00e1nticas\/consultas de cola larga<\/span><\/li>\n\n\n\n<li class=\"wp-block-kadence-listitem kt-svg-icon-list-item-wrap kt-svg-icon-list-item-239_89a489-5a\"><span class=\"kb-svg-icon-wrap kb-svg-icon-fe_checkCircle kt-svg-icon-list-single\"><svg viewbox=\"0 0 24 24\"  fill=\"none\" stroke=\"currentColor\" stroke-width=\"2\" stroke-linecap=\"round\" stroke-linejoin=\"round\" xmlns=\"http:\/\/www.w3.org\/2000\/svg\"  aria-hidden=\"true\"><path d=\"M22 11.08V12a10 10 0 1 1-5.93-9.14\"\/><polyline points=\"22 4 12 14.01 9 11.01\"\/><\/svg><\/span><span class=\"kt-svg-icon-list-text\">Construcci\u00f3n de enlaces<\/span><\/li>\n\n\n\n<li class=\"wp-block-kadence-listitem kt-svg-icon-list-item-wrap kt-svg-icon-list-item-239_068acf-fe\"><span class=\"kb-svg-icon-wrap kb-svg-icon-fe_checkCircle kt-svg-icon-list-single\"><svg viewbox=\"0 0 24 24\"  fill=\"none\" stroke=\"currentColor\" stroke-width=\"2\" stroke-linecap=\"round\" stroke-linejoin=\"round\" xmlns=\"http:\/\/www.w3.org\/2000\/svg\"  aria-hidden=\"true\"><path d=\"M22 11.08V12a10 10 0 1 1-5.93-9.14\"\/><polyline points=\"22 4 12 14.01 9 11.01\"\/><\/svg><\/span><span class=\"kt-svg-icon-list-text\">Crea EEAT (Experiencia-Experiencia-Autoridad-Confianza) en tu marca<\/span><\/li>\n\n\n\n<li class=\"wp-block-kadence-listitem kt-svg-icon-list-item-wrap kt-svg-icon-list-item-239_85315a-19\"><span class=\"kb-svg-icon-wrap kb-svg-icon-fe_checkCircle kt-svg-icon-list-single\"><svg viewbox=\"0 0 24 24\"  fill=\"none\" stroke=\"currentColor\" stroke-width=\"2\" stroke-linecap=\"round\" stroke-linejoin=\"round\" xmlns=\"http:\/\/www.w3.org\/2000\/svg\"  aria-hidden=\"true\"><path d=\"M22 11.08V12a10 10 0 1 1-5.93-9.14\"\/><polyline points=\"22 4 12 14.01 9 11.01\"\/><\/svg><\/span><span class=\"kt-svg-icon-list-text\">Cree un esquema para una mejor participaci\u00f3n. <\/span><\/li>\n\n\n\n<li class=\"wp-block-kadence-listitem kt-svg-icon-list-item-wrap kt-svg-icon-list-item-239_2c7e86-f5\"><span class=\"kb-svg-icon-wrap kb-svg-icon-fe_checkCircle kt-svg-icon-list-single\"><svg viewbox=\"0 0 24 24\"  fill=\"none\" stroke=\"currentColor\" stroke-width=\"2\" stroke-linecap=\"round\" stroke-linejoin=\"round\" xmlns=\"http:\/\/www.w3.org\/2000\/svg\"  aria-hidden=\"true\"><path d=\"M22 11.08V12a10 10 0 1 1-5.93-9.14\"\/><polyline points=\"22 4 12 14.01 9 11.01\"\/><\/svg><\/span><span class=\"kt-svg-icon-list-text\">Campa\u00f1as de Google Adwords\/ Meta \/ Twitter\/ LinkedIn<\/span><\/li>\n\n\n\n<li class=\"wp-block-kadence-listitem kt-svg-icon-list-item-wrap kt-svg-icon-list-item-239_662c30-02\"><span class=\"kb-svg-icon-wrap kb-svg-icon-fe_checkCircle kt-svg-icon-list-single\"><svg viewbox=\"0 0 24 24\"  fill=\"none\" stroke=\"currentColor\" stroke-width=\"2\" stroke-linecap=\"round\" stroke-linejoin=\"round\" xmlns=\"http:\/\/www.w3.org\/2000\/svg\"  aria-hidden=\"true\"><path d=\"M22 11.08V12a10 10 0 1 1-5.93-9.14\"\/><polyline points=\"22 4 12 14.01 9 11.01\"\/><\/svg><\/span><span class=\"kt-svg-icon-list-text\">Vinculaci\u00f3n interna utilizando varios m\u00e9todos<\/span><\/li>\n<\/ul><\/div>\n\n\n\n<div class=\"wp-block-buttons has-custom-font-size has-medium-font-size is-content-justification-center is-layout-flex wp-container-core-buttons-is-layout-1 wp-block-buttons-is-layout-flex\">\n<div class=\"wp-block-button\"><a class=\"wp-block-button__link has-text-align-center wp-element-button\" rel=\"nofollow\"><strong>CONTACTAR PARA COTIZAR<\/strong><\/a><\/div>\n<\/div>\n\n\n\n<p>Adem\u00e1s de nuestros servicios de Alojamiento WordPress y Redacci\u00f3n de Contenidos, si a\u00f1ades este paquete tambi\u00e9n obtendr\u00e1s el m\u00e1ximo beneficio. Elegimos el host adecuado para una mayor velocidad, cach\u00e9 y optimizaci\u00f3n que mejorar\u00e1n la clasificaci\u00f3n de Google y SEO de su sitio. <\/p>\n\n\n\n<p>Adem\u00e1s, nuestros escritores son expertos en sus campos que utilizan diferentes herramientas y son narradores natos para escribir el contenido tanto con m\u00e9todos manuales como con IA. De esta manera podr\u00e1s beneficiarte de las publicaciones masivas y tambi\u00e9n conseguir el estilo de escritura natural de un autor. <\/p>\n<\/div><\/div>","protected":false},"excerpt":{"rendered":"<p>La mejor parte para alojar sitios web y crear contenido es ganar dinero a trav\u00e9s de diversos medios. Ya sea que sea un blog\/comercio electr\u00f3nico\/sitio profesional, puede ganar dinero a trav\u00e9s de anuncios, creaci\u00f3n de marca, env\u00edo directo y marketing de afiliaci\u00f3n. Si es un blog, puedes ganar dinero con servicios como Adsense, Ezine, Mediavine, etc. y marketing de afiliaci\u00f3n como Amazon, ShareASale, CJ Affiliate,\u2026<\/p>","protected":false},"author":1,"featured_media":0,"parent":80,"menu_order":0,"comment_status":"closed","ping_status":"closed","template":"","meta":{"_kad_blocks_custom_css":"","_kad_blocks_head_custom_js":"","_kad_blocks_body_custom_js":"","_kad_blocks_footer_custom_js":"","_kad_post_transparent":"","_kad_post_title":"","_kad_post_layout":"normal","_kad_post_sidebar_id":"","_kad_post_content_style":"","_kad_post_vertical_padding":"","_kad_post_feature":"","_kad_post_feature_position":"","_kad_post_header":false,"_kad_post_footer":false,"footnotes":""},"class_list":["post-239","page","type-page","status-publish","hentry"],"taxonomy_info":[],"featured_image_src_large":false,"author_info":{"display_name":"Digi Palla","author_link":"https:\/\/www.digipalla.com\/es\/author\/venukasri0609\/"},"comment_info":0,"_links":{"self":[{"href":"https:\/\/www.digipalla.com\/es\/wp-json\/wp\/v2\/pages\/239","targetHints":{"allow":["GET"]}}],"collection":[{"href":"https:\/\/www.digipalla.com\/es\/wp-json\/wp\/v2\/pages"}],"about":[{"href":"https:\/\/www.digipalla.com\/es\/wp-json\/wp\/v2\/types\/page"}],"author":[{"embeddable":true,"href":"https:\/\/www.digipalla.com\/es\/wp-json\/wp\/v2\/users\/1"}],"replies":[{"embeddable":true,"href":"https:\/\/www.digipalla.com\/es\/wp-json\/wp\/v2\/comments?post=239"}],"version-history":[{"count":5,"href":"https:\/\/www.digipalla.com\/es\/wp-json\/wp\/v2\/pages\/239\/revisions"}],"predecessor-version":[{"id":244,"href":"https:\/\/www.digipalla.com\/es\/wp-json\/wp\/v2\/pages\/239\/revisions\/244"}],"up":[{"embeddable":true,"href":"https:\/\/www.digipalla.com\/es\/wp-json\/wp\/v2\/pages\/80"}],"wp:attachment":[{"href":"https:\/\/www.digipalla.com\/es\/wp-json\/wp\/v2\/media?parent=239"}],"curies":[{"name":"wp","href":"https:\/\/api.w.org\/{rel}","templated":true}]}}