{"id":220,"date":"2024-01-31T08:06:23","date_gmt":"2024-01-31T08:06:23","guid":{"rendered":"https:\/\/www.digipalla.com\/?page_id=220"},"modified":"2024-01-31T08:06:24","modified_gmt":"2024-01-31T08:06:24","slug":"content-writing-services","status":"publish","type":"page","link":"https:\/\/www.digipalla.com\/es\/caas\/servicios-de-redaccion-de-contenidos\/","title":{"rendered":"Servicios de redacci\u00f3n de contenidos"},"content":{"rendered":"<h2 class=\"wp-block-heading has-background\" style=\"background:linear-gradient(134deg,rgb(252,185,0) 0%,rgba(247,171,116,0.43) 99%)\">Texto\/imagen\/v\u00eddeo de nicho <\/h2>\n\n\n\n<p class=\"has-background\" style=\"background:linear-gradient(135deg,rgb(255,245,203) 0%,rgb(182,227,212) 50%,rgba(51,168,181,0.37) 100%)\">Contamos con m\u00e1s de 20 redactores de contenido que pueden hablar y escribir art\u00edculos, documentos t\u00e9cnicos, documentos t\u00e9cnicos, correcci\u00f3n de pruebas, redacci\u00f3n publicitaria, etc. con buena fluidez en ingl\u00e9s. El contenido ser\u00e1 de habla inglesa nativa (EE. UU., Reino Unido, Australia, Canad\u00e1, etc.) y\/o no escritores nativos como India, Filipinas, Bangladesh, etc. Creamos todo tipo de contenido para blogs, Pinterest, Facebook, LinkedIn, Instagram, YouTube, videos cortos, art\u00edculos cortos, etc. en diferentes nichos. Nuestros creadores de contenido dominan Adobe, Canva y herramientas de inteligencia artificial para producir contenido de primer nivel. Revisamos manualmente todos los documentos, im\u00e1genes y videos que siguen nuestros estrictos est\u00e1ndares de calidad. Nuestras tarifas de redacci\u00f3n de textos se basan en ppw y rpw, por lo que no debe preocuparse por costos adicionales. Para la creaci\u00f3n de im\u00e1genes y v\u00eddeos se aplican tarifas diferentes. <\/p>\n\n\n\n<div class=\"wp-block-buttons has-custom-font-size has-medium-font-size is-content-justification-center is-layout-flex wp-container-core-buttons-is-layout-1 wp-block-buttons-is-layout-flex\">\n<div class=\"wp-block-button\"><a class=\"wp-block-button__link has-text-align-center wp-element-button\" rel=\"nofollow\"><strong>CONTACTAR PARA COTIZAR<\/strong><\/a><\/div>\n<\/div>\n\n\n\n<h2 class=\"wp-block-heading has-background\" style=\"background:linear-gradient(135deg,rgb(74,234,220) 0%,rgba(151,119,209,0.31) 20%,rgba(207,41,185,0.38) 40%,rgba(237,43,130,0.43) 60%,rgba(250,105,97,0.4) 80%,rgb(254,248,76) 100%)\">Nicho\/temas de contenido t\u00edpico<\/h2>\n\n\n<style>.kadence-column220_afd39b-9a > .kt-inside-inner-col,.kadence-column220_afd39b-9a > .kt-inside-inner-col:before{border-top-left-radius:0px;border-top-right-radius:0px;border-bottom-right-radius:0px;border-bottom-left-radius:0px;}.kadence-column220_afd39b-9a > .kt-inside-inner-col{column-gap:var(--global-kb-gap-sm, 1rem);}.kadence-column220_afd39b-9a > .kt-inside-inner-col{flex-direction:column;}.kadence-column220_afd39b-9a > .kt-inside-inner-col > .aligncenter{width:100%;}.kadence-column220_afd39b-9a > .kt-inside-inner-col:before{opacity:0.3;background-image:linear-gradient(135deg,rgba(6,147,227,0.35) 2%,rgba(20,39,109,0.5) 100%);}.kadence-column220_afd39b-9a{position:relative;}@media all and (max-width: 1024px){.kadence-column220_afd39b-9a > .kt-inside-inner-col{flex-direction:column;}}@media all and (max-width: 767px){.kadence-column220_afd39b-9a > .kt-inside-inner-col{flex-direction:column;}}<\/style>\n<div class=\"wp-block-kadence-column kadence-column220_afd39b-9a kb-section-has-overlay\"><div class=\"kt-inside-inner-col\">\n<p class=\"has-electric-grass-gradient-background has-background\">Aqu\u00ed hay 20 nichos de redacci\u00f3n de contenido populares en la industria a nivel mundial:<\/p>\n\n\n\n<ol class=\"wp-block-list\">\n<li>Tecnolog\u00eda: software, dispositivos, lenguajes de programaci\u00f3n, ciberseguridad, blockchain, etc.<\/li>\n\n\n\n<li>Negocios y finanzas: emprendimiento, inversiones, comercio, seguros, criptomonedas, etc.<\/li>\n\n\n\n<li>Marketing: SEO, redes sociales, correo electr\u00f3nico, video marketing, influencers, etc.<\/li>\n\n\n\n<li>Atenci\u00f3n m\u00e9dica y bienestar: asesoramiento m\u00e9dico, vida saludable, nutrici\u00f3n, fitness, etc.<\/li>\n\n\n\n<li>Viajes y turismo: destinos tur\u00edsticos, hoteles, aerol\u00edneas, cruceros, aventuras al aire libre, etc.<\/li>\n\n\n\n<li>Educaci\u00f3n: t\u00e9cnicas de ense\u00f1anza, opciones de estudios superiores, orientaci\u00f3n profesional, tecnolog\u00eda educativa, etc.<\/li>\n\n\n\n<li>Bienes ra\u00edces y hogar: gu\u00edas de compra\/alquiler, arquitectura, dise\u00f1o de interiores, decoraci\u00f3n del hogar, etc.<\/li>\n\n\n\n<li>Auto y transporte: revisiones de autom\u00f3viles, normas de tr\u00e1fico, log\u00edstica, veh\u00edculos el\u00e9ctricos, etc.<\/li>\n\n\n\n<li>Medio ambiente y sostenibilidad: cambio clim\u00e1tico, conservaci\u00f3n, energ\u00eda renovable, etc.<\/li>\n\n\n\n<li>Medios y entretenimiento: programas de televisi\u00f3n, pel\u00edculas, noticias sobre celebridades, lanzamientos musicales, etc.<\/li>\n\n\n\n<li>Deportes: partidos, actuaciones de jugadores, ligas de fantas\u00eda, gu\u00edas de apuestas, etc.<\/li>\n\n\n\n<li>Estilo de vida: tendencias de moda, consejos de belleza, recetas de comida, planificaci\u00f3n de bodas, etc.<\/li>\n\n\n\n<li>Ciencia y espacio: ciencias emergentes, descubrimientos espaciales, ISRO, actualizaciones de la NASA, etc.<\/li>\n\n\n\n<li>Pol\u00edticas jur\u00eddicas y p\u00fablicas: sentencias de la Corte Suprema, planes gubernamentales, directrices c\u00edvicas, etc.<\/li>\n\n\n\n<li>Mascotas \u2013 Cuidados de perros\/gatos, accesorios, consejos para adopci\u00f3n, gu\u00eda de razas, etc.<\/li>\n\n\n\n<li>Crianza de los hijos: consejos sobre el embarazo, productos para beb\u00e9s, actividades de desarrollo infantil, etc.<\/li>\n\n\n\n<li>Industria minorista: tendencias de comercio electr\u00f3nico, consejos para la gesti\u00f3n de tiendas, servicio al cliente, etc.<\/li>\n\n\n\n<li>Ingenier\u00eda: dise\u00f1os de productos, procesos de fabricaci\u00f3n, gu\u00eda de construcci\u00f3n, etc.<\/li>\n\n\n\n<li>Agricultura y ganader\u00eda: pr\u00e1cticas org\u00e1nicas, equipos, hidropon\u00eda, etc.<\/li>\n\n\n\n<li>Ciencia de datos e inteligencia artificial: gu\u00edas de aprendizaje autom\u00e1tico, an\u00e1lisis, predicciones e informaci\u00f3n, etc.<\/li>\n<\/ol>\n<\/div><\/div>\n\n\n\n<p><\/p>","protected":false},"excerpt":{"rendered":"<p>Texto\/Imagen\/Video de nicho Contamos con m\u00e1s de 20 redactores de contenido que pueden hablar y escribir art\u00edculos, documentos t\u00e9cnicos, documentos t\u00e9cnicos, correcci\u00f3n de pruebas, redacci\u00f3n publicitaria, etc. con buena fluidez en ingl\u00e9s. El contenido ser\u00e1 de habla inglesa nativa (EE. UU., Reino Unido, Australia, Canad\u00e1, etc.). ) y\/o escritores no nativos como India, Filipinas, Bangladesh, etc. Creamos todo tipo de contenido para blogs, Pinterest, Facebook, LinkedIn,\u2026<\/p>","protected":false},"author":1,"featured_media":0,"parent":74,"menu_order":0,"comment_status":"closed","ping_status":"closed","template":"","meta":{"_kad_blocks_custom_css":"","_kad_blocks_head_custom_js":"","_kad_blocks_body_custom_js":"","_kad_blocks_footer_custom_js":"","_kad_post_transparent":"","_kad_post_title":"","_kad_post_layout":"normal","_kad_post_sidebar_id":"","_kad_post_content_style":"boxed","_kad_post_vertical_padding":"","_kad_post_feature":"","_kad_post_feature_position":"","_kad_post_header":false,"_kad_post_footer":false,"footnotes":""},"class_list":["post-220","page","type-page","status-publish","hentry"],"taxonomy_info":[],"featured_image_src_large":false,"author_info":{"display_name":"Digi Palla","author_link":"https:\/\/www.digipalla.com\/es\/author\/venukasri0609\/"},"comment_info":0,"_links":{"self":[{"href":"https:\/\/www.digipalla.com\/es\/wp-json\/wp\/v2\/pages\/220","targetHints":{"allow":["GET"]}}],"collection":[{"href":"https:\/\/www.digipalla.com\/es\/wp-json\/wp\/v2\/pages"}],"about":[{"href":"https:\/\/www.digipalla.com\/es\/wp-json\/wp\/v2\/types\/page"}],"author":[{"embeddable":true,"href":"https:\/\/www.digipalla.com\/es\/wp-json\/wp\/v2\/users\/1"}],"replies":[{"embeddable":true,"href":"https:\/\/www.digipalla.com\/es\/wp-json\/wp\/v2\/comments?post=220"}],"version-history":[{"count":10,"href":"https:\/\/www.digipalla.com\/es\/wp-json\/wp\/v2\/pages\/220\/revisions"}],"predecessor-version":[{"id":238,"href":"https:\/\/www.digipalla.com\/es\/wp-json\/wp\/v2\/pages\/220\/revisions\/238"}],"up":[{"embeddable":true,"href":"https:\/\/www.digipalla.com\/es\/wp-json\/wp\/v2\/pages\/74"}],"wp:attachment":[{"href":"https:\/\/www.digipalla.com\/es\/wp-json\/wp\/v2\/media?parent=220"}],"curies":[{"name":"wp","href":"https:\/\/api.w.org\/{rel}","templated":true}]}}