{"id":218,"date":"2024-01-31T08:06:36","date_gmt":"2024-01-31T08:06:36","guid":{"rendered":"https:\/\/www.digipalla.com\/?page_id=218"},"modified":"2024-01-31T08:06:37","modified_gmt":"2024-01-31T08:06:37","slug":"blog-website-design","status":"publish","type":"page","link":"https:\/\/www.digipalla.com\/es\/diseno-de-sitios-web-de-blogs\/","title":{"rendered":"Dise\u00f1o de blogs\/sitio web"},"content":{"rendered":"<div class=\"wp-block-group has-background\" style=\"background-color:#f2f0e9;padding-right:0;padding-left:0\"><div class=\"wp-block-group__inner-container is-layout-flow wp-block-group-is-layout-flow\">\n<div class=\"wp-block-columns alignwide are-vertically-aligned-center is-layout-flex wp-container-core-columns-is-layout-1 wp-block-columns-is-layout-flex\">\n<div class=\"wp-block-column is-layout-flow wp-block-column-is-layout-flow\" style=\"flex-basis:100%\">\n<h2 class=\"wp-block-heading has-text-color\" style=\"color:#000000;font-size:30px\">\u00bfLo que ofrecemos?<\/h2>\n<\/div>\n<\/div>\n\n\n\n<div class=\"wp-block-columns alignwide is-layout-flex wp-container-core-columns-is-layout-2 wp-block-columns-is-layout-flex\">\n<div class=\"wp-block-column is-layout-flow wp-block-column-is-layout-flow\">\n<p>Las personas m\u00e1s talentosas para dise\u00f1ar tu blog y sitio web. Cada comercio electr\u00f3nico, tienda, salud, supermercado, finanzas, sal\u00f3n, restaurante, etc. necesita un sitio web y un blog de buen aspecto para atraer consumidores. En este sentido contamos con m\u00e1s de 10 dise\u00f1adores de WordPress y personalizados que pueden construir su sitio web a su gusto. <\/p>\n\n\n<style>.wp-block-kadence-iconlist.kt-svg-icon-list-items218_e8d4dc-7e:not(.this-stops-third-party-issues){margin-top:0px;margin-bottom:0px;}.wp-block-kadence-iconlist.kt-svg-icon-list-items218_e8d4dc-7e ul.kt-svg-icon-list:not(.this-prevents-issues):not(.this-stops-third-party-issues):not(.tijsloc){margin-top:0px;margin-right:0px;margin-bottom:var(--global-kb-spacing-sm, 1.5rem);margin-left:0px;}.wp-block-kadence-iconlist.kt-svg-icon-list-items218_e8d4dc-7e ul.kt-svg-icon-list{grid-row-gap:5px;}.wp-block-kadence-iconlist.kt-svg-icon-list-items218_e8d4dc-7e ul.kt-svg-icon-list .kt-svg-icon-list-item-wrap .kt-svg-icon-list-single{margin-right:10px;}.kt-svg-icon-list-items218_e8d4dc-7e ul.kt-svg-icon-list .kt-svg-icon-list-item-wrap, .kt-svg-icon-list-items218_e8d4dc-7e ul.kt-svg-icon-list .kt-svg-icon-list-item-wrap a{font-size:var(--global-kb-font-size-md, 1.25rem);font-weight:bold;}.kt-svg-icon-list-items218_e8d4dc-7e ul.kt-svg-icon-list .kt-svg-icon-list-level-0 .kt-svg-icon-list-single svg{font-size:20px;}<\/style>\n<div class=\"wp-block-kadence-iconlist kt-svg-icon-list-items kt-svg-icon-list-items218_e8d4dc-7e kt-svg-icon-list-columns-1 alignnone\"><ul class=\"kt-svg-icon-list\">\n<li class=\"wp-block-kadence-listitem kt-svg-icon-list-item-wrap kt-svg-icon-list-item-218_918067-18\"><span class=\"kb-svg-icon-wrap kb-svg-icon-fe_calendar kt-svg-icon-list-single\"><svg viewbox=\"0 0 24 24\"  fill=\"none\" stroke=\"currentColor\" stroke-width=\"2\" stroke-linecap=\"round\" stroke-linejoin=\"round\" xmlns=\"http:\/\/www.w3.org\/2000\/svg\"  aria-hidden=\"true\"><rect x=\"3\" y=\"4\" width=\"18\" height=\"18\" rx=\"2\" ry=\"2\"\/><line x1=\"16\" y1=\"2\" x2=\"16\" y2=\"6\"\/><line x1=\"8\" y1=\"2\" x2=\"8\" y2=\"6\"\/><line x1=\"3\" y1=\"10\" x2=\"21\" y2=\"10\"\/><\/svg><\/span><span class=\"kt-svg-icon-list-text\">Tema de tu elecci\u00f3n.<\/span><\/li>\n\n\n\n<li class=\"wp-block-kadence-listitem kt-svg-icon-list-item-wrap kt-svg-icon-list-item-218_634002-36\"><span class=\"kb-svg-icon-wrap kb-svg-icon-fe_calendar kt-svg-icon-list-single\"><svg viewbox=\"0 0 24 24\"  fill=\"none\" stroke=\"currentColor\" stroke-width=\"2\" stroke-linecap=\"round\" stroke-linejoin=\"round\" xmlns=\"http:\/\/www.w3.org\/2000\/svg\"  aria-hidden=\"true\"><rect x=\"3\" y=\"4\" width=\"18\" height=\"18\" rx=\"2\" ry=\"2\"\/><line x1=\"16\" y1=\"2\" x2=\"16\" y2=\"6\"\/><line x1=\"8\" y1=\"2\" x2=\"8\" y2=\"6\"\/><line x1=\"3\" y1=\"10\" x2=\"21\" y2=\"10\"\/><\/svg><\/span><span class=\"kt-svg-icon-list-text\">Desarrollo de sitios web basados en nichos (como bienes ra\u00edces, supermercados, restaurantes, puestos de comida, etc.)<\/span><\/li>\n\n\n\n<li class=\"wp-block-kadence-listitem kt-svg-icon-list-item-wrap kt-svg-icon-list-item-218_4f8ada-8f\"><span class=\"kb-svg-icon-wrap kb-svg-icon-fe_calendar kt-svg-icon-list-single\"><svg viewbox=\"0 0 24 24\"  fill=\"none\" stroke=\"currentColor\" stroke-width=\"2\" stroke-linecap=\"round\" stroke-linejoin=\"round\" xmlns=\"http:\/\/www.w3.org\/2000\/svg\"  aria-hidden=\"true\"><rect x=\"3\" y=\"4\" width=\"18\" height=\"18\" rx=\"2\" ry=\"2\"\/><line x1=\"16\" y1=\"2\" x2=\"16\" y2=\"6\"\/><line x1=\"8\" y1=\"2\" x2=\"8\" y2=\"6\"\/><line x1=\"3\" y1=\"10\" x2=\"21\" y2=\"10\"\/><\/svg><\/span><span class=\"kt-svg-icon-list-text\">Soluciones web y widgets personalizados<\/span><\/li>\n\n\n\n<li class=\"wp-block-kadence-listitem kt-svg-icon-list-item-wrap kt-svg-icon-list-item-218_fd9bf1-08\"><span class=\"kb-svg-icon-wrap kb-svg-icon-fe_calendar kt-svg-icon-list-single\"><svg viewbox=\"0 0 24 24\"  fill=\"none\" stroke=\"currentColor\" stroke-width=\"2\" stroke-linecap=\"round\" stroke-linejoin=\"round\" xmlns=\"http:\/\/www.w3.org\/2000\/svg\"  aria-hidden=\"true\"><rect x=\"3\" y=\"4\" width=\"18\" height=\"18\" rx=\"2\" ry=\"2\"\/><line x1=\"16\" y1=\"2\" x2=\"16\" y2=\"6\"\/><line x1=\"8\" y1=\"2\" x2=\"8\" y2=\"6\"\/><line x1=\"3\" y1=\"10\" x2=\"21\" y2=\"10\"\/><\/svg><\/span><span class=\"kt-svg-icon-list-text\">creaci\u00f3n de blogs<\/span><\/li>\n\n\n\n<li class=\"wp-block-kadence-listitem kt-svg-icon-list-item-wrap kt-svg-icon-list-item-218_d6416e-59\"><span class=\"kb-svg-icon-wrap kb-svg-icon-fe_calendar kt-svg-icon-list-single\"><svg viewbox=\"0 0 24 24\"  fill=\"none\" stroke=\"currentColor\" stroke-width=\"2\" stroke-linecap=\"round\" stroke-linejoin=\"round\" xmlns=\"http:\/\/www.w3.org\/2000\/svg\"  aria-hidden=\"true\"><rect x=\"3\" y=\"4\" width=\"18\" height=\"18\" rx=\"2\" ry=\"2\"\/><line x1=\"16\" y1=\"2\" x2=\"16\" y2=\"6\"\/><line x1=\"8\" y1=\"2\" x2=\"8\" y2=\"6\"\/><line x1=\"3\" y1=\"10\" x2=\"21\" y2=\"10\"\/><\/svg><\/span><span class=\"kt-svg-icon-list-text\">Creaci\u00f3n gratuita de 8 p\u00e1ginas web<\/span><\/li>\n\n\n\n<li class=\"wp-block-kadence-listitem kt-svg-icon-list-item-wrap kt-svg-icon-list-item-218_095e6c-59\"><span class=\"kb-svg-icon-wrap kb-svg-icon-fe_calendar kt-svg-icon-list-single\"><svg viewbox=\"0 0 24 24\"  fill=\"none\" stroke=\"currentColor\" stroke-width=\"2\" stroke-linecap=\"round\" stroke-linejoin=\"round\" xmlns=\"http:\/\/www.w3.org\/2000\/svg\"  aria-hidden=\"true\"><rect x=\"3\" y=\"4\" width=\"18\" height=\"18\" rx=\"2\" ry=\"2\"\/><line x1=\"16\" y1=\"2\" x2=\"16\" y2=\"6\"\/><line x1=\"8\" y1=\"2\" x2=\"8\" y2=\"6\"\/><line x1=\"3\" y1=\"10\" x2=\"21\" y2=\"10\"\/><\/svg><\/span><span class=\"kt-svg-icon-list-text\">Formulario de contacto gratuito<\/span><\/li>\n\n\n\n<li class=\"wp-block-kadence-listitem kt-svg-icon-list-item-wrap kt-svg-icon-list-item-218_b5601c-27\"><span class=\"kb-svg-icon-wrap kb-svg-icon-fe_calendar kt-svg-icon-list-single\"><svg viewbox=\"0 0 24 24\"  fill=\"none\" stroke=\"currentColor\" stroke-width=\"2\" stroke-linecap=\"round\" stroke-linejoin=\"round\" xmlns=\"http:\/\/www.w3.org\/2000\/svg\"  aria-hidden=\"true\"><rect x=\"3\" y=\"4\" width=\"18\" height=\"18\" rx=\"2\" ry=\"2\"\/><line x1=\"16\" y1=\"2\" x2=\"16\" y2=\"6\"\/><line x1=\"8\" y1=\"2\" x2=\"8\" y2=\"6\"\/><line x1=\"3\" y1=\"10\" x2=\"21\" y2=\"10\"\/><\/svg><\/span><span class=\"kt-svg-icon-list-text\">P\u00e1gina de cartera gratuita<\/span><\/li>\n\n\n\n<li class=\"wp-block-kadence-listitem kt-svg-icon-list-item-wrap kt-svg-icon-list-item-218_fab6af-69\"><span class=\"kb-svg-icon-wrap kb-svg-icon-fe_calendar kt-svg-icon-list-single\"><svg viewbox=\"0 0 24 24\"  fill=\"none\" stroke=\"currentColor\" stroke-width=\"2\" stroke-linecap=\"round\" stroke-linejoin=\"round\" xmlns=\"http:\/\/www.w3.org\/2000\/svg\"  aria-hidden=\"true\"><rect x=\"3\" y=\"4\" width=\"18\" height=\"18\" rx=\"2\" ry=\"2\"\/><line x1=\"16\" y1=\"2\" x2=\"16\" y2=\"6\"\/><line x1=\"8\" y1=\"2\" x2=\"8\" y2=\"6\"\/><line x1=\"3\" y1=\"10\" x2=\"21\" y2=\"10\"\/><\/svg><\/span><span class=\"kt-svg-icon-list-text\">P\u00e1gina de inicio gratuita<\/span><\/li>\n\n\n\n<li class=\"wp-block-kadence-listitem kt-svg-icon-list-item-wrap kt-svg-icon-list-item-218_de61e2-f3\"><span class=\"kb-svg-icon-wrap kb-svg-icon-fe_calendar kt-svg-icon-list-single\"><svg viewbox=\"0 0 24 24\"  fill=\"none\" stroke=\"currentColor\" stroke-width=\"2\" stroke-linecap=\"round\" stroke-linejoin=\"round\" xmlns=\"http:\/\/www.w3.org\/2000\/svg\"  aria-hidden=\"true\"><rect x=\"3\" y=\"4\" width=\"18\" height=\"18\" rx=\"2\" ry=\"2\"\/><line x1=\"16\" y1=\"2\" x2=\"16\" y2=\"6\"\/><line x1=\"8\" y1=\"2\" x2=\"8\" y2=\"6\"\/><line x1=\"3\" y1=\"10\" x2=\"21\" y2=\"10\"\/><\/svg><\/span><span class=\"kt-svg-icon-list-text\">Alojamiento de correo electr\u00f3nico gratuito<\/span><\/li>\n<\/ul><\/div>\n<\/div>\n<\/div>\n\n\n\n<div class=\"wp-block-buttons has-custom-font-size has-medium-font-size is-content-justification-center is-layout-flex wp-container-core-buttons-is-layout-1 wp-block-buttons-is-layout-flex\">\n<div class=\"wp-block-button\"><a class=\"wp-block-button__link has-text-align-center wp-element-button\" rel=\"nofollow\"><strong>CONTACTAR PARA COTIZAR<\/strong><\/a><\/div>\n<\/div>\n\n\n\n<div style=\"height:40px\" aria-hidden=\"true\" class=\"wp-block-spacer\"><\/div>\n<\/div><\/div>\n\n\n\n<h2 class=\"wp-block-heading\">\u00bfQu\u00e9 tipo de sitios web desarrollamos?<\/h2>\n\n\n\n<p style=\"font-size:18px\">Somos una agencia digital en Visakhapatnam con pr\u00e1ctica internacional en soluciones digitales, redacci\u00f3n de contenidos y servicios de SEO. Creemos en compartir conocimientos y promover el di\u00e1logo para aumentar el potencial creativo de la colaboraci\u00f3n.<\/p>\n\n\n\n<p>Aqu\u00ed hay 20 tipos y categor\u00edas diferentes de sitios web:<\/p>\n\n\n\n<ol class=\"wp-block-list\">\n<li>Sitios web informativos: brindan informaci\u00f3n y crean conciencia sobre temas espec\u00edficos, por ejemplo, blogs, centros de contenido.<\/li>\n\n\n\n<li>Sitios web de comercio electr\u00f3nico: tiendas en l\u00ednea que venden productos y servicios, por ejemplo, ropa, dispositivos, SaaS, comestibles, tiendas, etc.<\/li>\n\n\n\n<li>Sitios web comunitarios: fomente las interacciones a trav\u00e9s de foros, grupos y funciones sociales.<\/li>\n\n\n\n<li>Sitios web de revistas: art\u00edculos destacados y contenido multimedia actualizados peri\u00f3dicamente para grupos de noticias.<\/li>\n\n\n\n<li>Sitios web de noticias y medios: cubre los \u00faltimos acontecimientos y temas de actualidad.<\/li>\n\n\n\n<li>Sitios web de rese\u00f1as: los usuarios proporcionan calificaciones, rese\u00f1as y recomendaciones de marcas.<\/li>\n\n\n\n<li>Sitios web de entretenimiento: se centran en juegos, humor y medios enriquecidos para atraer a las salas de cine, etc.<\/li>\n\n\n\n<li>Sitios web de motores de b\u00fasqueda: habilite la funcionalidad de b\u00fasqueda en Internet mediante palabras clave.<\/li>\n\n\n\n<li>Sitios web de eventos y listados: proporcione horarios y venta de entradas para eventos cercanos.<\/li>\n\n\n\n<li>Sitios web educativos: ofrecen cursos, recursos y aprendizaje a su propio ritmo para facultades, institutos, etc.<\/li>\n\n\n\n<li>Sitios web de cartera: muestre muestras de trabajo y perfiles de profesionales creativos como m\u00e9dicos, ingenieros, consultores, etc.<\/li>\n\n\n\n<li>Sitios web gubernamentales: portales de informaci\u00f3n para planes y departamentos p\u00fablicos.<\/li>\n\n\n\n<li>Sitios web sin fines de lucro: recopile donaciones y difunda conciencia sobre causas sociales.<\/li>\n\n\n\n<li>Sitios web personales: representan a personas que muestran intereses y logros.<\/li>\n\n\n\n<li>Sitios web de la empresa: reflejan las identidades de la marca a trav\u00e9s de mensajes e interfaces.<\/li>\n\n\n\n<li>Portales de empleo: ayude a los candidatos a encontrar vacantes y permita a las empresas publicar vacantes.<\/li>\n\n\n\n<li>Sitios web de anuncios clasificados: ayude en la compra y venta de productos usados a trav\u00e9s de listados y subastas.<\/li>\n\n\n\n<li>Sitios web de reserva de citas: habilite la programaci\u00f3n y el pago de servicios en l\u00ednea.<\/li>\n\n\n\n<li>Sitios web de listado de empresas: presenta detalles de contacto y descripciones generales de los establecimientos locales.<\/li>\n\n\n\n<li>Sitios web de bienes ra\u00edces: enumere los detalles de venta y alquiler de propiedades con precios.<\/li>\n<\/ol>","protected":false},"excerpt":{"rendered":"<p>\u00bfLo que ofrecemos? Las personas m\u00e1s talentosas para dise\u00f1ar tu blog y sitio web. Cada comercio electr\u00f3nico, tienda, salud, supermercado, finanzas, sal\u00f3n, restaurante, etc. necesita un sitio web y un blog de buen aspecto para atraer consumidores. En este sentido contamos con m\u00e1s de 10 dise\u00f1adores de WordPress y personalizados que pueden construir su sitio web a su gusto. \u00bfQu\u00e9 tipo de sitios web tenemos...?<\/p>","protected":false},"author":1,"featured_media":0,"parent":0,"menu_order":0,"comment_status":"closed","ping_status":"closed","template":"","meta":{"_kad_blocks_custom_css":"","_kad_blocks_head_custom_js":"","_kad_blocks_body_custom_js":"","_kad_blocks_footer_custom_js":"","_kad_post_transparent":"","_kad_post_title":"","_kad_post_layout":"","_kad_post_sidebar_id":"","_kad_post_content_style":"","_kad_post_vertical_padding":"","_kad_post_feature":"","_kad_post_feature_position":"","_kad_post_header":false,"_kad_post_footer":false,"footnotes":""},"class_list":["post-218","page","type-page","status-publish","hentry"],"taxonomy_info":[],"featured_image_src_large":false,"author_info":{"display_name":"Digi Palla","author_link":"https:\/\/www.digipalla.com\/es\/author\/venukasri0609\/"},"comment_info":0,"_links":{"self":[{"href":"https:\/\/www.digipalla.com\/es\/wp-json\/wp\/v2\/pages\/218","targetHints":{"allow":["GET"]}}],"collection":[{"href":"https:\/\/www.digipalla.com\/es\/wp-json\/wp\/v2\/pages"}],"about":[{"href":"https:\/\/www.digipalla.com\/es\/wp-json\/wp\/v2\/types\/page"}],"author":[{"embeddable":true,"href":"https:\/\/www.digipalla.com\/es\/wp-json\/wp\/v2\/users\/1"}],"replies":[{"embeddable":true,"href":"https:\/\/www.digipalla.com\/es\/wp-json\/wp\/v2\/comments?post=218"}],"version-history":[{"count":9,"href":"https:\/\/www.digipalla.com\/es\/wp-json\/wp\/v2\/pages\/218\/revisions"}],"predecessor-version":[{"id":236,"href":"https:\/\/www.digipalla.com\/es\/wp-json\/wp\/v2\/pages\/218\/revisions\/236"}],"wp:attachment":[{"href":"https:\/\/www.digipalla.com\/es\/wp-json\/wp\/v2\/media?parent=218"}],"curies":[{"name":"wp","href":"https:\/\/api.w.org\/{rel}","templated":true}]}}